{"id":35278,"date":"2026-04-18T01:45:38","date_gmt":"2026-04-18T01:45:38","guid":{"rendered":"https:\/\/singuli.wpress.me\/index.php\/proizvod\/dana-vodka-alkoholno-pice-passion-fruit-12x0-33-l\/"},"modified":"2026-04-21T00:26:43","modified_gmt":"2026-04-21T00:26:43","slug":"dana-vodka-alkoholno-pice-passion-fruit-12x0-33-l","status":"publish","type":"product","link":"https:\/\/singuli.wpress.me\/index.php\/proizvod\/dana-vodka-alkoholno-pice-passion-fruit-12x0-33-l\/","title":{"rendered":"DANA Vodka, alkoholno pi\u0107e, Passion Fruit 12&#215;0.33 l"},"content":{"rendered":"<p>Osvje\u017eite svoja osjetila uz mje\u0161ano gazirano alkoholno pi\u0107e s egzoti\u010dnim okusom marakuje. Savr\u0161eno balansirana kombinacija votke (11%) i soka od marakuje (9%) iz koncentriranog soka pru\u017ea vo\u0107nu svje\u017einu uz laganu alkoholnu notu. Pasterizirano za sigurnost i stabilnost, ovo pi\u0107e sadr\u017ei prirodne arome, karotenska bojila i limunsku kiselinu za dodatnu svje\u017einu. Gazirano s 4 g\/l ugljikova dioksida, idealno je za ljetne zabave, opu\u0161tanja na pla\u017ei ili ve\u010dernje dru\u017eenje s prijateljima.<\/p>\n<p>S energetskom vrijedno\u0161\u0107u od samo 48 kcal na 100 ml, u\u017eivanje dolazi bez gri\u017enje savjesti. Zahvaljuju\u0107i pa\u017eljivo odabranim sastojcima i stabilizatorima, pi\u0107e zadr\u017eava svoju kvalitetu i okus do posljednje kapi.<\/p>\n","protected":false},"excerpt":{"rendered":"<p>Egzoti\u010dan okus marakuje\u00a0\u2013 9% soka iz koncentrata pru\u017ea bogat, vo\u0107ni do\u017eivljaj.<br \/>\nSavr\u0161eno balansirana alkoholna nota\u00a0\u2013 sadr\u017ei 11% votke za idealnu snagu i okus.<br \/>\nPasterizirano i gazirano\u00a0\u2013 sigurnost, svje\u017eina i pjenu\u0161avost u svakom gutljaju.<\/p>\n","protected":false},"featured_media":35279,"template":"","meta":{"_seopress_robots_primary_cat":"","_seopress_titles_title":"","_seopress_titles_desc":"","_seopress_robots_index":"","iawp_total_views":0},"product_brand":[485],"product_cat":[298,261],"product_tag":[],"class_list":{"0":"post-35278","1":"product","2":"type-product","3":"status-publish","4":"has-post-thumbnail","6":"product_brand-dana","7":"product_cat-alkoholna-pica-261","8":"product_cat-hrana-i-pice","10":"first","11":"instock","12":"shipping-taxable","13":"purchasable","14":"product-type-simple"},"_links":{"self":[{"href":"https:\/\/singuli.wpress.me\/index.php\/wp-json\/wp\/v2\/product\/35278","targetHints":{"allow":["GET"]}}],"collection":[{"href":"https:\/\/singuli.wpress.me\/index.php\/wp-json\/wp\/v2\/product"}],"about":[{"href":"https:\/\/singuli.wpress.me\/index.php\/wp-json\/wp\/v2\/types\/product"}],"version-history":[{"count":0,"href":"https:\/\/singuli.wpress.me\/index.php\/wp-json\/wp\/v2\/product\/35278\/revisions"}],"wp:featuredmedia":[{"embeddable":true,"href":"https:\/\/singuli.wpress.me\/index.php\/wp-json\/wp\/v2\/media\/35279"}],"wp:attachment":[{"href":"https:\/\/singuli.wpress.me\/index.php\/wp-json\/wp\/v2\/media?parent=35278"}],"wp:term":[{"taxonomy":"product_brand","embeddable":true,"href":"https:\/\/singuli.wpress.me\/index.php\/wp-json\/wp\/v2\/product_brand?post=35278"},{"taxonomy":"product_cat","embeddable":true,"href":"https:\/\/singuli.wpress.me\/index.php\/wp-json\/wp\/v2\/product_cat?post=35278"},{"taxonomy":"product_tag","embeddable":true,"href":"https:\/\/singuli.wpress.me\/index.php\/wp-json\/wp\/v2\/product_tag?post=35278"}],"curies":[{"name":"wp","href":"https:\/\/api.w.org\/{rel}","templated":true}]}}