{"id":35280,"date":"2026-04-18T01:45:38","date_gmt":"2026-04-18T01:45:38","guid":{"rendered":"https:\/\/singuli.wpress.me\/index.php\/proizvod\/dana-vodka-alkoholno-pice-lemon-12x0-33-l\/"},"modified":"2026-04-20T12:33:14","modified_gmt":"2026-04-20T12:33:14","slug":"dana-vodka-alkoholno-pice-lemon-12x0-33-l","status":"publish","type":"product","link":"https:\/\/singuli.wpress.me\/index.php\/proizvod\/dana-vodka-alkoholno-pice-lemon-12x0-33-l\/","title":{"rendered":"DANA Vodka, alkoholno pi\u0107e, Lemon 12&#215;0.33 l"},"content":{"rendered":"<p>Do\u017eivite svje\u017einu limuna u svakom gutljaju uz ovo gazirano alkoholno pi\u0107e s 11% votke i 4% limunovog soka. Pasterizirano za sigurnost i stabilnost, ovo pi\u0107e nudi laganu pjenu\u0161avost zahvaljuju\u0107i 4 g\/l ugljikova dioksida, uz prirodne arome i osvje\u017eavaju\u0107u kiselost limunske kiseline.<\/p>\n<p>S energetskom vrijedno\u0161\u0107u od samo 36 kcal na 100 ml, idealno je za one koji tra\u017ee lagano, citrusno alkoholno osvje\u017eenje. Antioksidans (askorbinska kiselina) dodatno doprinosi svje\u017eini i kvaliteti. Savr\u0161eno za ljetne dane, ve\u010dernje izlaske ili kao baza za koktele.<\/p>\n","protected":false},"excerpt":{"rendered":"<p>Svje\u017e okus limuna\u00a0\u2013 4% limunovog soka za prirodnu citrusnu notu.<br \/>\n11% votke \u2013 uravnote\u017een alkoholni sadr\u017eaj za pun okus.<br \/>\nNiska kalorijska vrijednost \u2013 samo 36 kcal na 100 ml, idealno za lagano u\u017eivanje.<\/p>\n","protected":false},"featured_media":35281,"template":"","meta":{"_seopress_robots_primary_cat":"","_seopress_titles_title":"","_seopress_titles_desc":"","_seopress_robots_index":"","iawp_total_views":0},"product_brand":[485],"product_cat":[298,261],"product_tag":[],"class_list":{"0":"post-35280","1":"product","2":"type-product","3":"status-publish","4":"has-post-thumbnail","6":"product_brand-dana","7":"product_cat-alkoholna-pica-261","8":"product_cat-hrana-i-pice","10":"first","11":"instock","12":"shipping-taxable","13":"purchasable","14":"product-type-simple"},"_links":{"self":[{"href":"https:\/\/singuli.wpress.me\/index.php\/wp-json\/wp\/v2\/product\/35280","targetHints":{"allow":["GET"]}}],"collection":[{"href":"https:\/\/singuli.wpress.me\/index.php\/wp-json\/wp\/v2\/product"}],"about":[{"href":"https:\/\/singuli.wpress.me\/index.php\/wp-json\/wp\/v2\/types\/product"}],"version-history":[{"count":0,"href":"https:\/\/singuli.wpress.me\/index.php\/wp-json\/wp\/v2\/product\/35280\/revisions"}],"wp:featuredmedia":[{"embeddable":true,"href":"https:\/\/singuli.wpress.me\/index.php\/wp-json\/wp\/v2\/media\/35281"}],"wp:attachment":[{"href":"https:\/\/singuli.wpress.me\/index.php\/wp-json\/wp\/v2\/media?parent=35280"}],"wp:term":[{"taxonomy":"product_brand","embeddable":true,"href":"https:\/\/singuli.wpress.me\/index.php\/wp-json\/wp\/v2\/product_brand?post=35280"},{"taxonomy":"product_cat","embeddable":true,"href":"https:\/\/singuli.wpress.me\/index.php\/wp-json\/wp\/v2\/product_cat?post=35280"},{"taxonomy":"product_tag","embeddable":true,"href":"https:\/\/singuli.wpress.me\/index.php\/wp-json\/wp\/v2\/product_tag?post=35280"}],"curies":[{"name":"wp","href":"https:\/\/api.w.org\/{rel}","templated":true}]}}