{"id":35282,"date":"2026-04-18T01:45:39","date_gmt":"2026-04-18T01:45:39","guid":{"rendered":"https:\/\/singuli.wpress.me\/index.php\/proizvod\/dana-vodka-alkoholno-pice-berries-12x0-33-l\/"},"modified":"2026-04-20T12:33:14","modified_gmt":"2026-04-20T12:33:14","slug":"dana-vodka-alkoholno-pice-berries-12x0-33-l","status":"publish","type":"product","link":"https:\/\/singuli.wpress.me\/index.php\/proizvod\/dana-vodka-alkoholno-pice-berries-12x0-33-l\/","title":{"rendered":"DANA Vodka, alkoholno pi\u0107e, Berries 12&#215;0.33 l"},"content":{"rendered":"<p>U\u017eivajte u bogatom vo\u0107nom okusu maline i kupine uz ovo osvje\u017eavaju\u0107e gazirano alkoholno pi\u0107e. Sadr\u017ei 11% votke i 7% mije\u0161anog vo\u0107nog soka iz koncentrata, \u0161to mu daje savr\u0161enu ravnote\u017eu izme\u0111u slatko\u0107e i svje\u017eine. Pasterizirano za sigurnost i dugotrajnu kvalitetu, ovo pi\u0107e je idealno za ljetne ve\u010deri, dru\u017eenja i posebne trenutke.<\/p>\n<p>Gazirano s 4 g\/l ugljikova dioksida i oboga\u0107eno prirodnim aromama te bojom iz koncentriranog soka crne mrkve, ovo pi\u0107e ne samo da izgleda primamljivo, ve\u0107 i pru\u017ea iznimno vo\u0107no iskustvo. S energetskom vrijedno\u0161\u0107u od samo 41 kcal na 100 ml, savr\u0161en je izbor za one koji \u017eele lagano, ali ukusno alkoholno pi\u0107e.<\/p>\n","protected":false},"excerpt":{"rendered":"<p>Vo\u0107na kombinacija maline i kupine\u00a0\u2013 7% soka iz koncentrata za pun, prirodan okus.<br \/>\n11% votke \u2013 idealna snaga za uravnote\u017een alkoholni do\u017eivljaj.<br \/>\nPasterizirano i gazirano\u00a0\u2013 svje\u017eina i sigurnost u svakom gutljaju.<\/p>\n","protected":false},"featured_media":35283,"template":"","meta":{"_seopress_robots_primary_cat":"","_seopress_titles_title":"","_seopress_titles_desc":"","_seopress_robots_index":"","iawp_total_views":0},"product_brand":[485],"product_cat":[298,261],"product_tag":[],"class_list":{"0":"post-35282","1":"product","2":"type-product","3":"status-publish","4":"has-post-thumbnail","6":"product_brand-dana","7":"product_cat-alkoholna-pica-261","8":"product_cat-hrana-i-pice","10":"first","11":"instock","12":"shipping-taxable","13":"purchasable","14":"product-type-simple"},"_links":{"self":[{"href":"https:\/\/singuli.wpress.me\/index.php\/wp-json\/wp\/v2\/product\/35282","targetHints":{"allow":["GET"]}}],"collection":[{"href":"https:\/\/singuli.wpress.me\/index.php\/wp-json\/wp\/v2\/product"}],"about":[{"href":"https:\/\/singuli.wpress.me\/index.php\/wp-json\/wp\/v2\/types\/product"}],"version-history":[{"count":0,"href":"https:\/\/singuli.wpress.me\/index.php\/wp-json\/wp\/v2\/product\/35282\/revisions"}],"wp:featuredmedia":[{"embeddable":true,"href":"https:\/\/singuli.wpress.me\/index.php\/wp-json\/wp\/v2\/media\/35283"}],"wp:attachment":[{"href":"https:\/\/singuli.wpress.me\/index.php\/wp-json\/wp\/v2\/media?parent=35282"}],"wp:term":[{"taxonomy":"product_brand","embeddable":true,"href":"https:\/\/singuli.wpress.me\/index.php\/wp-json\/wp\/v2\/product_brand?post=35282"},{"taxonomy":"product_cat","embeddable":true,"href":"https:\/\/singuli.wpress.me\/index.php\/wp-json\/wp\/v2\/product_cat?post=35282"},{"taxonomy":"product_tag","embeddable":true,"href":"https:\/\/singuli.wpress.me\/index.php\/wp-json\/wp\/v2\/product_tag?post=35282"}],"curies":[{"name":"wp","href":"https:\/\/api.w.org\/{rel}","templated":true}]}}