{"id":35284,"date":"2026-04-18T01:45:39","date_gmt":"2026-04-18T01:45:39","guid":{"rendered":"https:\/\/singuli.wpress.me\/index.php\/proizvod\/dana-isotonic-tropic-mix-0-75-l\/"},"modified":"2026-04-20T12:33:14","modified_gmt":"2026-04-20T12:33:14","slug":"dana-isotonic-tropic-mix-0-75-l","status":"publish","type":"product","link":"https:\/\/singuli.wpress.me\/index.php\/proizvod\/dana-isotonic-tropic-mix-0-75-l\/","title":{"rendered":"DANA, isotonic, Tropic Mix, 0.75\u00a0l"},"content":{"rendered":"<p><span style=\"font-weight: bold\">Dana Isotonic Tropic Mix<\/span> donosi egzoti\u010dnu kombinaciju vo\u0107nih aroma u savr\u0161enom spoju funkcionalnosti i svje\u017eine. Napitak je razvijen za u\u010dinkovitu rehidraciju i nadoknadu elektrolita tijekom poja\u010danih fizi\u010dkih napora. Sadr\u017ei prirodnu mineralnu vodu Dana, piransku sol, BCAA aminokiseline te esencijalne vitamine, uklju\u010duju\u0107i C-vitamin i vitamine B-skupine. Bez dodanih umjetnih sastojaka, ovaj napitak je savr\u0161en izbor za sportski aktivne osobe, rekreativce i sve koji cijene zdrav na\u010din \u017eivota.<\/p>\n","protected":false},"excerpt":{"rendered":"<p>Izotoni\u010dna formula s egzoti\u010dnim vo\u0107nim okusom za osvje\u017eenje i energiju bez kompromisa<br \/>\nVitamini i minerali (magnezij, niacin, pantotenska kiselina, vitamin C) za podr\u0161ku imunolo\u0161kom sustavu i metabolizmu<br \/>\nBez umjetnih sladila, bojila i konzervansa \u2013 100 % prirodan proizvod s NFC sokom od limuna<\/p>\n","protected":false},"featured_media":35285,"template":"","meta":{"_seopress_robots_primary_cat":"","_seopress_titles_title":"","_seopress_titles_desc":"","_seopress_robots_index":"","iawp_total_views":0},"product_brand":[485],"product_cat":[261,262],"product_tag":[],"class_list":{"0":"post-35284","1":"product","2":"type-product","3":"status-publish","4":"has-post-thumbnail","6":"product_brand-dana","7":"product_cat-hrana-i-pice","8":"product_cat-sokovi-i-napitci-261","10":"first","11":"instock","12":"shipping-taxable","13":"purchasable","14":"product-type-simple"},"_links":{"self":[{"href":"https:\/\/singuli.wpress.me\/index.php\/wp-json\/wp\/v2\/product\/35284","targetHints":{"allow":["GET"]}}],"collection":[{"href":"https:\/\/singuli.wpress.me\/index.php\/wp-json\/wp\/v2\/product"}],"about":[{"href":"https:\/\/singuli.wpress.me\/index.php\/wp-json\/wp\/v2\/types\/product"}],"version-history":[{"count":0,"href":"https:\/\/singuli.wpress.me\/index.php\/wp-json\/wp\/v2\/product\/35284\/revisions"}],"wp:featuredmedia":[{"embeddable":true,"href":"https:\/\/singuli.wpress.me\/index.php\/wp-json\/wp\/v2\/media\/35285"}],"wp:attachment":[{"href":"https:\/\/singuli.wpress.me\/index.php\/wp-json\/wp\/v2\/media?parent=35284"}],"wp:term":[{"taxonomy":"product_brand","embeddable":true,"href":"https:\/\/singuli.wpress.me\/index.php\/wp-json\/wp\/v2\/product_brand?post=35284"},{"taxonomy":"product_cat","embeddable":true,"href":"https:\/\/singuli.wpress.me\/index.php\/wp-json\/wp\/v2\/product_cat?post=35284"},{"taxonomy":"product_tag","embeddable":true,"href":"https:\/\/singuli.wpress.me\/index.php\/wp-json\/wp\/v2\/product_tag?post=35284"}],"curies":[{"name":"wp","href":"https:\/\/api.w.org\/{rel}","templated":true}]}}