{"id":35286,"date":"2026-04-18T01:45:40","date_gmt":"2026-04-18T01:45:40","guid":{"rendered":"https:\/\/singuli.wpress.me\/index.php\/proizvod\/dana-isotonic-citrus-mix-0-75-l\/"},"modified":"2026-04-20T12:33:14","modified_gmt":"2026-04-20T12:33:14","slug":"dana-isotonic-citrus-mix-0-75-l","status":"publish","type":"product","link":"https:\/\/singuli.wpress.me\/index.php\/proizvod\/dana-isotonic-citrus-mix-0-75-l\/","title":{"rendered":"DANA, isotonic, Citrus Mix, 0.75\u00a0l"},"content":{"rendered":"<p><span style=\"font-weight: bold\">Dana Isotonic Citrus Mix<\/span> je funkcionalni izotoni\u010dni napitak osmi\u0161ljen za brzu i u\u010dinkovitu hidrataciju tijekom i nakon tjelesne aktivnosti. Osvje\u017eavaju\u0107i okus citrusa, u kombinaciji s prirodnom mineralnom vodom Dana i dodatkom piranske soli, pru\u017ea tijelu potrebne elektrolite i energiju. Oboga\u0107en je BCAA aminokiselinama za podr\u0161ku mi\u0161i\u0107ima te vitaminima B-skupine i C-vitaminom za ja\u010danje imuniteta. Idealan je za sve koji vode aktivan stil \u017eivota i \u017eele prirodnu i pouzdanu hidrataciju.<\/p>\n","protected":false},"excerpt":{"rendered":"<p>Sadr\u017ei prirodnu mineralnu vodu Dana i piransku sol \u2013 za optimalnu ravnote\u017eu elektrolita i bolju apsorpciju teku\u0107ine<br \/>\nOboga\u0107en BCAA aminokiselinama (L-leucin, L-izoleucin, L-valin) za br\u017ei oporavak i podr\u0161ku mi\u0161i\u0107ima<br \/>\nBez umjetnih sladila, bojila i konzervansa \u2013 100 % prirodan proizvod s NFC sokom od limuna<\/p>\n","protected":false},"featured_media":35287,"template":"","meta":{"_seopress_robots_primary_cat":"","_seopress_titles_title":"","_seopress_titles_desc":"","_seopress_robots_index":"","iawp_total_views":0},"product_brand":[485],"product_cat":[261,262],"product_tag":[],"class_list":{"0":"post-35286","1":"product","2":"type-product","3":"status-publish","4":"has-post-thumbnail","6":"product_brand-dana","7":"product_cat-hrana-i-pice","8":"product_cat-sokovi-i-napitci-261","10":"first","11":"instock","12":"shipping-taxable","13":"purchasable","14":"product-type-simple"},"_links":{"self":[{"href":"https:\/\/singuli.wpress.me\/index.php\/wp-json\/wp\/v2\/product\/35286","targetHints":{"allow":["GET"]}}],"collection":[{"href":"https:\/\/singuli.wpress.me\/index.php\/wp-json\/wp\/v2\/product"}],"about":[{"href":"https:\/\/singuli.wpress.me\/index.php\/wp-json\/wp\/v2\/types\/product"}],"version-history":[{"count":0,"href":"https:\/\/singuli.wpress.me\/index.php\/wp-json\/wp\/v2\/product\/35286\/revisions"}],"wp:featuredmedia":[{"embeddable":true,"href":"https:\/\/singuli.wpress.me\/index.php\/wp-json\/wp\/v2\/media\/35287"}],"wp:attachment":[{"href":"https:\/\/singuli.wpress.me\/index.php\/wp-json\/wp\/v2\/media?parent=35286"}],"wp:term":[{"taxonomy":"product_brand","embeddable":true,"href":"https:\/\/singuli.wpress.me\/index.php\/wp-json\/wp\/v2\/product_brand?post=35286"},{"taxonomy":"product_cat","embeddable":true,"href":"https:\/\/singuli.wpress.me\/index.php\/wp-json\/wp\/v2\/product_cat?post=35286"},{"taxonomy":"product_tag","embeddable":true,"href":"https:\/\/singuli.wpress.me\/index.php\/wp-json\/wp\/v2\/product_tag?post=35286"}],"curies":[{"name":"wp","href":"https:\/\/api.w.org\/{rel}","templated":true}]}}