{"id":35292,"date":"2026-04-18T01:45:42","date_gmt":"2026-04-18T01:45:42","guid":{"rendered":"https:\/\/singuli.wpress.me\/index.php\/proizvod\/superthings-figure-mutant-battle-2\/"},"modified":"2026-04-21T00:26:43","modified_gmt":"2026-04-21T00:26:43","slug":"superthings-figure-mutant-battle-2","status":"publish","type":"product","link":"https:\/\/singuli.wpress.me\/index.php\/proizvod\/superthings-figure-mutant-battle-2\/","title":{"rendered":"SUPERTHINGS, figure, Mutant Battle"},"content":{"rendered":"<p>Otkrij novu seriju SuperThings Mutant Battle! Sakupljaj 12 novih Egzoskeleta s posebnim napadima. Po prvi put, SuperThing figurica u pakiranju je ekskluzivna i mijenja boju u dodiru s toplom ili hladnom vodom. Ho\u0107e\u0161 li prona\u0107i ultra rijedak zlatni Egzoskelet?<br \/>\nSuperThingsi \u017eive u Kaboom Cityju, a svaki SuperThing ima svog suparnika \u2013 prona\u0111i parove i upotpuni timove. Akcija je zagarantirana!<\/p>\n<p>Sadr\u017ei:<br \/>\n1 Egzoskelet<br \/>\n1 ekskluzivni SuperThing koji mijenja boju<br \/>\n1 letak<\/p>\n","protected":false},"excerpt":{"rendered":"<p>Prona\u0111i parove i upotpuni timove<br \/>\nFigurica u pakiranju je ekskluzivna i mijenja boju u dodiru s toplom ili hladnom vodom<br \/>\nDob: 3+ god<\/p>\n","protected":false},"featured_media":35293,"template":"","meta":{"_seopress_robots_primary_cat":"","_seopress_titles_title":"","_seopress_titles_desc":"","_seopress_robots_index":"","iawp_total_views":0},"product_brand":[383],"product_cat":[221,263],"product_tag":[],"class_list":{"0":"post-35292","1":"product","2":"type-product","3":"status-publish","4":"has-post-thumbnail","6":"product_brand-superthings","7":"product_cat-igracke","8":"product_cat-tematske-igracke-221","10":"first","11":"instock","12":"shipping-taxable","13":"purchasable","14":"product-type-simple"},"_links":{"self":[{"href":"https:\/\/singuli.wpress.me\/index.php\/wp-json\/wp\/v2\/product\/35292","targetHints":{"allow":["GET"]}}],"collection":[{"href":"https:\/\/singuli.wpress.me\/index.php\/wp-json\/wp\/v2\/product"}],"about":[{"href":"https:\/\/singuli.wpress.me\/index.php\/wp-json\/wp\/v2\/types\/product"}],"version-history":[{"count":0,"href":"https:\/\/singuli.wpress.me\/index.php\/wp-json\/wp\/v2\/product\/35292\/revisions"}],"wp:featuredmedia":[{"embeddable":true,"href":"https:\/\/singuli.wpress.me\/index.php\/wp-json\/wp\/v2\/media\/35293"}],"wp:attachment":[{"href":"https:\/\/singuli.wpress.me\/index.php\/wp-json\/wp\/v2\/media?parent=35292"}],"wp:term":[{"taxonomy":"product_brand","embeddable":true,"href":"https:\/\/singuli.wpress.me\/index.php\/wp-json\/wp\/v2\/product_brand?post=35292"},{"taxonomy":"product_cat","embeddable":true,"href":"https:\/\/singuli.wpress.me\/index.php\/wp-json\/wp\/v2\/product_cat?post=35292"},{"taxonomy":"product_tag","embeddable":true,"href":"https:\/\/singuli.wpress.me\/index.php\/wp-json\/wp\/v2\/product_tag?post=35292"}],"curies":[{"name":"wp","href":"https:\/\/api.w.org\/{rel}","templated":true}]}}