{"id":35328,"date":"2026-04-18T01:46:21","date_gmt":"2026-04-18T01:46:21","guid":{"rendered":"https:\/\/singuli.wpress.me\/index.php\/proizvod\/lavazza-mljevena-kava-filtro-classico-226-8-g\/"},"modified":"2026-04-21T00:26:43","modified_gmt":"2026-04-21T00:26:43","slug":"lavazza-mljevena-kava-filtro-classico-226-8-g","status":"publish","type":"product","link":"https:\/\/singuli.wpress.me\/index.php\/proizvod\/lavazza-mljevena-kava-filtro-classico-226-8-g\/","title":{"rendered":"LAVAZZA, mljevena kava, Filtro Classico, 226.8\u00a0g"},"content":{"rendered":"<p>Mje\u0161avina arabice zrna u kombinaciji s tamnim pr\u017eenjem stvara bogat okus s izra\u017eenim aromati\u010dnim notama \u010dokolade i karamele.<br \/><span style=\"font-weight: bold\"><br \/>\nLavazza Il Filtro Classico<\/span> savr\u0161ena je za pripremu u filter aparatima za kavu, ispunjavaju\u0107i va\u0161 dan skladnim spojem arome i ja\u010dine. Pakiranje od 227 g osigurava jednostavno kori\u0161tenje i dugotrajnu svje\u017einu.<\/p>\n<p>Filter kava punog okusa s notama \u010dokolade i karamele.<br \/>\nSastav: 100% prirodna Arabica<\/p>\n","protected":false},"excerpt":{"rendered":"<p>100% prirodna Arabica<br \/>\nIntenzitet: 5\/10<br \/>\nAroma: \u010dokolada i karamela<\/p>\n","protected":false},"featured_media":35329,"template":"","meta":{"_seopress_robots_primary_cat":"","_seopress_titles_title":"","_seopress_titles_desc":"","_seopress_robots_index":"","iawp_total_views":0},"product_brand":[393],"product_cat":[261,275],"product_tag":[],"class_list":{"0":"post-35328","1":"product","2":"type-product","3":"status-publish","4":"has-post-thumbnail","6":"product_brand-lavazza","7":"product_cat-hrana-i-pice","8":"product_cat-kava-i-cajevi-261","10":"first","11":"instock","12":"shipping-taxable","13":"purchasable","14":"product-type-simple"},"_links":{"self":[{"href":"https:\/\/singuli.wpress.me\/index.php\/wp-json\/wp\/v2\/product\/35328","targetHints":{"allow":["GET"]}}],"collection":[{"href":"https:\/\/singuli.wpress.me\/index.php\/wp-json\/wp\/v2\/product"}],"about":[{"href":"https:\/\/singuli.wpress.me\/index.php\/wp-json\/wp\/v2\/types\/product"}],"version-history":[{"count":0,"href":"https:\/\/singuli.wpress.me\/index.php\/wp-json\/wp\/v2\/product\/35328\/revisions"}],"wp:featuredmedia":[{"embeddable":true,"href":"https:\/\/singuli.wpress.me\/index.php\/wp-json\/wp\/v2\/media\/35329"}],"wp:attachment":[{"href":"https:\/\/singuli.wpress.me\/index.php\/wp-json\/wp\/v2\/media?parent=35328"}],"wp:term":[{"taxonomy":"product_brand","embeddable":true,"href":"https:\/\/singuli.wpress.me\/index.php\/wp-json\/wp\/v2\/product_brand?post=35328"},{"taxonomy":"product_cat","embeddable":true,"href":"https:\/\/singuli.wpress.me\/index.php\/wp-json\/wp\/v2\/product_cat?post=35328"},{"taxonomy":"product_tag","embeddable":true,"href":"https:\/\/singuli.wpress.me\/index.php\/wp-json\/wp\/v2\/product_tag?post=35328"}],"curies":[{"name":"wp","href":"https:\/\/api.w.org\/{rel}","templated":true}]}}