{"id":35330,"date":"2026-04-18T01:46:22","date_gmt":"2026-04-18T01:46:22","guid":{"rendered":"https:\/\/singuli.wpress.me\/index.php\/proizvod\/superthings-wild-eagle-set\/"},"modified":"2026-04-21T00:26:43","modified_gmt":"2026-04-21T00:26:43","slug":"superthings-wild-eagle-set","status":"publish","type":"product","link":"https:\/\/singuli.wpress.me\/index.php\/proizvod\/superthings-wild-eagle-set\/","title":{"rendered":"SUPERTHINGS Wild Eagle, set"},"content":{"rendered":"<p>Pripremite se za najuzbudljiviju bitku do sada! Uz mo\u0107ni <b>Wild Eagle Jet<\/b>, borba se seli s kopna ravno u zra\u010dne visine. Ovaj impresivni set omogu\u0107uje djeci da oslobode punu snagu orla i poraze zlikovce uz pomo\u0107 iskusnih pilota.<\/p>\n<p>Glavna zna\u010dajka ovog vozila su <b>pomi\u010dna krila<\/b> koja se sinkronizirano pomi\u010du gore-dolje dok se jet kre\u0107e, pru\u017eaju\u0107i realisti\u010dan osje\u0107aj leta. Set dolazi s <b>ekskluzivnim Wild Kidom i SuperThingom<\/b> koji se mogu smjestiti direktno u kokpit letjelice.<\/p>\n<p>Opremljen je i funkcionalnim mehanizmima za borbu: povucite okida\u010d kako biste ispalili projektil na protivnike ili koristite <b>sna\u017eni kljun<\/b> kako biste ih zarobili i priveli pravdi. Idealno za sve ljubitelje SuperThings svijeta koji \u017eele pro\u0161iriti svoju kolekciju unikatnim vozilima!<\/p>\n","protected":false},"excerpt":{"rendered":"<p>Interaktivna krila: Krila jeta simuliraju pravi let micanjem gore-dolje tijekom kretanja.<br \/>\nMogu\u0107nost ispaljivanja projektila na daljinu ili hvatanja zlikovaca sna\u017enim kljunom.<br \/>\nSet uklju\u010duje unikatne figure Wild Kida i SuperThinga koje nije mogu\u0107e nabaviti u drugim pakiranjima<\/p>\n","protected":false},"featured_media":35331,"template":"","meta":{"_seopress_robots_primary_cat":"","_seopress_titles_title":"","_seopress_titles_desc":"","_seopress_robots_index":"","iawp_total_views":0},"product_brand":[383],"product_cat":[221,263],"product_tag":[],"class_list":{"0":"post-35330","1":"product","2":"type-product","3":"status-publish","4":"has-post-thumbnail","6":"product_brand-superthings","7":"product_cat-igracke","8":"product_cat-tematske-igracke-221","10":"first","11":"outofstock","12":"shipping-taxable","13":"purchasable","14":"product-type-simple"},"_links":{"self":[{"href":"https:\/\/singuli.wpress.me\/index.php\/wp-json\/wp\/v2\/product\/35330","targetHints":{"allow":["GET"]}}],"collection":[{"href":"https:\/\/singuli.wpress.me\/index.php\/wp-json\/wp\/v2\/product"}],"about":[{"href":"https:\/\/singuli.wpress.me\/index.php\/wp-json\/wp\/v2\/types\/product"}],"version-history":[{"count":0,"href":"https:\/\/singuli.wpress.me\/index.php\/wp-json\/wp\/v2\/product\/35330\/revisions"}],"wp:featuredmedia":[{"embeddable":true,"href":"https:\/\/singuli.wpress.me\/index.php\/wp-json\/wp\/v2\/media\/35331"}],"wp:attachment":[{"href":"https:\/\/singuli.wpress.me\/index.php\/wp-json\/wp\/v2\/media?parent=35330"}],"wp:term":[{"taxonomy":"product_brand","embeddable":true,"href":"https:\/\/singuli.wpress.me\/index.php\/wp-json\/wp\/v2\/product_brand?post=35330"},{"taxonomy":"product_cat","embeddable":true,"href":"https:\/\/singuli.wpress.me\/index.php\/wp-json\/wp\/v2\/product_cat?post=35330"},{"taxonomy":"product_tag","embeddable":true,"href":"https:\/\/singuli.wpress.me\/index.php\/wp-json\/wp\/v2\/product_tag?post=35330"}],"curies":[{"name":"wp","href":"https:\/\/api.w.org\/{rel}","templated":true}]}}