{"id":35339,"date":"2026-04-18T01:46:26","date_gmt":"2026-04-18T01:46:26","guid":{"rendered":"https:\/\/singuli.wpress.me\/index.php\/proizvod\/ambi-pur-spring-awakening-osvjezivac-kupaonice-7-5-ml\/"},"modified":"2026-04-20T12:33:15","modified_gmt":"2026-04-20T12:33:15","slug":"ambi-pur-spring-awakening-osvjezivac-kupaonice-7-5-ml","status":"publish","type":"product","link":"https:\/\/singuli.wpress.me\/index.php\/proizvod\/ambi-pur-spring-awakening-osvjezivac-kupaonice-7-5-ml\/","title":{"rendered":"AMBI PUR Spring Awakening, osvje\u017eiva\u010d kupaonice, 7.5\u00a0ml"},"content":{"rendered":"<p>Na\u0161 prvi ne-elektri\u010dni osvje\u017eiva\u010d zraka za kupaonice neprekidno uklanja neugodne mirise iz zraka, ali i spre\u010dava da se uvuku u mekane povr\u0161ine kao \u0161to su ru\u010dnici, kupaonski tepisi i zavjese za tu\u0161. <\/p>\n<p><span style=\"font-weight: bold\">Ambi Pur Bathroom<\/span> koristi jedinstvenu tehnologiju Odour Clear i pru\u017ea neprekidnu svje\u017einu do 45 dana tako da je va\u0161a kupaonica uvijek spremna za goste. <\/p>\n<p>Ambi Pur Bathroom prakti\u010dan je i jednostavan za upotrebu, dolazi u raznim mirisima, a ne treba struju ni baterije.<\/p>\n","protected":false},"excerpt":{"rendered":"<p>Tehnologija Odourclear pru\u017ea neprekidnu svje\u017einu te uklanja ustajao miris<br \/>\nNije zapaljiv<br \/>\n100% prirodni potisni plin<\/p>\n","protected":false},"featured_media":35340,"template":"","meta":{"_seopress_robots_primary_cat":"","_seopress_titles_title":"","_seopress_titles_desc":"","_seopress_robots_index":"","iawp_total_views":0},"product_brand":[447],"product_cat":[243,272],"product_tag":[],"class_list":{"0":"post-35339","1":"product","2":"type-product","3":"status-publish","4":"has-post-thumbnail","6":"product_brand-ambi-pur","7":"product_cat-automobili-i-motori","8":"product_cat-motorna-ulja-243","10":"first","11":"instock","12":"shipping-taxable","13":"purchasable","14":"product-type-simple"},"_links":{"self":[{"href":"https:\/\/singuli.wpress.me\/index.php\/wp-json\/wp\/v2\/product\/35339","targetHints":{"allow":["GET"]}}],"collection":[{"href":"https:\/\/singuli.wpress.me\/index.php\/wp-json\/wp\/v2\/product"}],"about":[{"href":"https:\/\/singuli.wpress.me\/index.php\/wp-json\/wp\/v2\/types\/product"}],"version-history":[{"count":0,"href":"https:\/\/singuli.wpress.me\/index.php\/wp-json\/wp\/v2\/product\/35339\/revisions"}],"wp:featuredmedia":[{"embeddable":true,"href":"https:\/\/singuli.wpress.me\/index.php\/wp-json\/wp\/v2\/media\/35340"}],"wp:attachment":[{"href":"https:\/\/singuli.wpress.me\/index.php\/wp-json\/wp\/v2\/media?parent=35339"}],"wp:term":[{"taxonomy":"product_brand","embeddable":true,"href":"https:\/\/singuli.wpress.me\/index.php\/wp-json\/wp\/v2\/product_brand?post=35339"},{"taxonomy":"product_cat","embeddable":true,"href":"https:\/\/singuli.wpress.me\/index.php\/wp-json\/wp\/v2\/product_cat?post=35339"},{"taxonomy":"product_tag","embeddable":true,"href":"https:\/\/singuli.wpress.me\/index.php\/wp-json\/wp\/v2\/product_tag?post=35339"}],"curies":[{"name":"wp","href":"https:\/\/api.w.org\/{rel}","templated":true}]}}