{"id":35341,"date":"2026-04-18T01:46:27","date_gmt":"2026-04-18T01:46:27","guid":{"rendered":"https:\/\/singuli.wpress.me\/index.php\/proizvod\/ambi-pur-car-osvjezivac-zraka-za-automobil-new-car-2-ml\/"},"modified":"2026-04-20T12:33:15","modified_gmt":"2026-04-20T12:33:15","slug":"ambi-pur-car-osvjezivac-zraka-za-automobil-new-car-2-ml","status":"publish","type":"product","link":"https:\/\/singuli.wpress.me\/index.php\/proizvod\/ambi-pur-car-osvjezivac-zraka-za-automobil-new-car-2-ml\/","title":{"rendered":"AMBI PUR CAR, osvje\u017eiva\u010d zraka za automobil, New Car, 2\u00a0ml"},"content":{"rendered":"<p>Neka tvoj automobil uvijek miri\u0161e jednako dobro kao i ti. Osvje\u017eiva\u010d Ambi Pur New Car s osvje\u017eavaju\u0107im mirisom. Njegova tehnologija Odourclear ne maskira neugodne mirise ve\u0107 ih uistinu uklanja, \u010dak i one najupornije poput mirisa hrane, ku\u0107nih ljubimaca, dima ili otpada, a ostavlja blag, svje\u017e miris, koji traje i do 30 dana. Osvje\u017eiva\u010d Ambi Pur ne treba baterije ni elektri\u010dnu struju, malen je i diskretan te se lako postavlja na ventilacijski otvor u automobilu, a intenzitet mirisa regulirate uz pomo\u0107 kota\u010di\u0107a.<\/p>\n","protected":false},"excerpt":{"rendered":"<p>Osvje\u017eavaju\u0107i miris<br \/>\nTehnologija odourclear ne maskira ve\u0107 uistinu uklanja i najupornije neugodne mirise<br \/>\nPostavlja se na ventilacijski otvor<\/p>\n","protected":false},"featured_media":35342,"template":"","meta":{"_seopress_robots_primary_cat":"","_seopress_titles_title":"","_seopress_titles_desc":"","_seopress_robots_index":"","iawp_total_views":0},"product_brand":[769],"product_cat":[243,272],"product_tag":[],"class_list":{"0":"post-35341","1":"product","2":"type-product","3":"status-publish","4":"has-post-thumbnail","6":"product_brand-ambi-pur-car","7":"product_cat-automobili-i-motori","8":"product_cat-motorna-ulja-243","10":"first","11":"instock","12":"shipping-taxable","13":"purchasable","14":"product-type-simple"},"_links":{"self":[{"href":"https:\/\/singuli.wpress.me\/index.php\/wp-json\/wp\/v2\/product\/35341","targetHints":{"allow":["GET"]}}],"collection":[{"href":"https:\/\/singuli.wpress.me\/index.php\/wp-json\/wp\/v2\/product"}],"about":[{"href":"https:\/\/singuli.wpress.me\/index.php\/wp-json\/wp\/v2\/types\/product"}],"version-history":[{"count":0,"href":"https:\/\/singuli.wpress.me\/index.php\/wp-json\/wp\/v2\/product\/35341\/revisions"}],"wp:featuredmedia":[{"embeddable":true,"href":"https:\/\/singuli.wpress.me\/index.php\/wp-json\/wp\/v2\/media\/35342"}],"wp:attachment":[{"href":"https:\/\/singuli.wpress.me\/index.php\/wp-json\/wp\/v2\/media?parent=35341"}],"wp:term":[{"taxonomy":"product_brand","embeddable":true,"href":"https:\/\/singuli.wpress.me\/index.php\/wp-json\/wp\/v2\/product_brand?post=35341"},{"taxonomy":"product_cat","embeddable":true,"href":"https:\/\/singuli.wpress.me\/index.php\/wp-json\/wp\/v2\/product_cat?post=35341"},{"taxonomy":"product_tag","embeddable":true,"href":"https:\/\/singuli.wpress.me\/index.php\/wp-json\/wp\/v2\/product_tag?post=35341"}],"curies":[{"name":"wp","href":"https:\/\/api.w.org\/{rel}","templated":true}]}}