{"id":35369,"date":"2026-04-18T01:46:34","date_gmt":"2026-04-18T01:46:34","guid":{"rendered":"https:\/\/singuli.wpress.me\/index.php\/proizvod\/jacobs-mild-3u1-instant-napitak-11-1-g-2\/"},"modified":"2026-04-20T12:33:15","modified_gmt":"2026-04-20T12:33:15","slug":"jacobs-mild-3u1-instant-napitak-11-1-g-2","status":"publish","type":"product","link":"https:\/\/singuli.wpress.me\/index.php\/proizvod\/jacobs-mild-3u1-instant-napitak-11-1-g-2\/","title":{"rendered":"JACOBS Mild 3u1, instant napitak, 11.1\u00a0g"},"content":{"rendered":"<p>U\u017eivajte u bar\u0161unastoj meko\u0107i <strong>Jacobs 3in1 Mild<\/strong> &ndash; bla\u017eeno kremastom iskustvu kave koja obavija toplinom i udobno\u0161\u0107u.<\/p>\n<p>Ova blaga mje\u0161avina <strong>ubla\u017eava ja\u010dinu kave<\/strong> uz dodatak bogatog mlije\u010dnog kremastog okusa i blage slatko\u0107e, \u010dine\u0107i je savr\u0161enim izborom za opu\u0161tena jutra ili umiruju\u0107e pauze za kavu.<\/p>\n<p>Idealno za brzu i jednostavnu pripremu, gdje god se nalazili. <br \/>\u010cuvati na hladnom i suhom mjestu.<\/p>\n","protected":false},"excerpt":{"rendered":"<p>Bar\u0161unasta meko\u0107a i kremasti okus<br \/>\nBlaga mje\u0161avina \u2013 ubla\u017eena ja\u010dina kave<\/p>\n","protected":false},"featured_media":35370,"template":"","meta":{"_seopress_robots_primary_cat":"","_seopress_titles_title":"","_seopress_titles_desc":"","_seopress_robots_index":"","iawp_total_views":0},"product_brand":[419],"product_cat":[261,275],"product_tag":[],"class_list":{"0":"post-35369","1":"product","2":"type-product","3":"status-publish","4":"has-post-thumbnail","6":"product_brand-jacobs","7":"product_cat-hrana-i-pice","8":"product_cat-kava-i-cajevi-261","10":"first","11":"instock","12":"shipping-taxable","13":"purchasable","14":"product-type-simple"},"_links":{"self":[{"href":"https:\/\/singuli.wpress.me\/index.php\/wp-json\/wp\/v2\/product\/35369","targetHints":{"allow":["GET"]}}],"collection":[{"href":"https:\/\/singuli.wpress.me\/index.php\/wp-json\/wp\/v2\/product"}],"about":[{"href":"https:\/\/singuli.wpress.me\/index.php\/wp-json\/wp\/v2\/types\/product"}],"version-history":[{"count":0,"href":"https:\/\/singuli.wpress.me\/index.php\/wp-json\/wp\/v2\/product\/35369\/revisions"}],"wp:featuredmedia":[{"embeddable":true,"href":"https:\/\/singuli.wpress.me\/index.php\/wp-json\/wp\/v2\/media\/35370"}],"wp:attachment":[{"href":"https:\/\/singuli.wpress.me\/index.php\/wp-json\/wp\/v2\/media?parent=35369"}],"wp:term":[{"taxonomy":"product_brand","embeddable":true,"href":"https:\/\/singuli.wpress.me\/index.php\/wp-json\/wp\/v2\/product_brand?post=35369"},{"taxonomy":"product_cat","embeddable":true,"href":"https:\/\/singuli.wpress.me\/index.php\/wp-json\/wp\/v2\/product_cat?post=35369"},{"taxonomy":"product_tag","embeddable":true,"href":"https:\/\/singuli.wpress.me\/index.php\/wp-json\/wp\/v2\/product_tag?post=35369"}],"curies":[{"name":"wp","href":"https:\/\/api.w.org\/{rel}","templated":true}]}}