{"id":35371,"date":"2026-04-18T01:46:35","date_gmt":"2026-04-18T01:46:35","guid":{"rendered":"https:\/\/singuli.wpress.me\/index.php\/proizvod\/borotalco-active-sea-salts-deo-roll-on-50-ml-2\/"},"modified":"2026-04-20T12:33:15","modified_gmt":"2026-04-20T12:33:15","slug":"borotalco-active-sea-salts-deo-roll-on-50-ml-2","status":"publish","type":"product","link":"https:\/\/singuli.wpress.me\/index.php\/proizvod\/borotalco-active-sea-salts-deo-roll-on-50-ml-2\/","title":{"rendered":"BOROTALCO Active Sea Salts, deo roll-on, 50\u00a0ml"},"content":{"rendered":"<p>Borotalco deo roll-on Active sea salts pru\u017eit \u0107e vam savr\u0161enu za\u0161titu od znojenja u trenucima kada vam je to najpotrebnije. Inovativna formula s mikrokapsulama djeluje na na\u010din da aktivira dodatnu svje\u017einu u trenucima kada je va\u0161e tijelo iznimno aktivno i kada poja\u010dano otpu\u0161ta znoj. Predivan osvje\u017eavaju\u0107i miris morske soli poja\u010dano se otpu\u0161ta kada je va\u0161e tijelo najaktivnije pa vam pru\u017ea u\u010dinkovitu svje\u017einu u svakom dijelu dana. Borotalco deo roll-on Active sea salts ne sadr\u017ei alkohol i u\u010dinkovito je rje\u0161enje \u017eelite li sprije\u010diti znojenje i osigurati aktivnu svje\u017einu.<\/p>\n","protected":false},"excerpt":{"rendered":"<p>Donosi vam najvi\u0161e svje\u017eine u trenucima kada vam je to najpotrebnije<br \/>\nInovativna formula s mikrokapsulama\u200b<br \/>\n0 % alkohola<\/p>\n","protected":false},"featured_media":35372,"template":"","meta":{"_seopress_robots_primary_cat":"","_seopress_titles_title":"","_seopress_titles_desc":"","_seopress_robots_index":"","iawp_total_views":0},"product_brand":[484],"product_cat":[285,268],"product_tag":[],"class_list":{"0":"post-35371","1":"product","2":"type-product","3":"status-publish","4":"has-post-thumbnail","6":"product_brand-borotalco","7":"product_cat-dezodoransi-268","8":"product_cat-kozmetika-2","10":"first","11":"instock","12":"shipping-taxable","13":"purchasable","14":"product-type-simple"},"_links":{"self":[{"href":"https:\/\/singuli.wpress.me\/index.php\/wp-json\/wp\/v2\/product\/35371","targetHints":{"allow":["GET"]}}],"collection":[{"href":"https:\/\/singuli.wpress.me\/index.php\/wp-json\/wp\/v2\/product"}],"about":[{"href":"https:\/\/singuli.wpress.me\/index.php\/wp-json\/wp\/v2\/types\/product"}],"version-history":[{"count":0,"href":"https:\/\/singuli.wpress.me\/index.php\/wp-json\/wp\/v2\/product\/35371\/revisions"}],"wp:featuredmedia":[{"embeddable":true,"href":"https:\/\/singuli.wpress.me\/index.php\/wp-json\/wp\/v2\/media\/35372"}],"wp:attachment":[{"href":"https:\/\/singuli.wpress.me\/index.php\/wp-json\/wp\/v2\/media?parent=35371"}],"wp:term":[{"taxonomy":"product_brand","embeddable":true,"href":"https:\/\/singuli.wpress.me\/index.php\/wp-json\/wp\/v2\/product_brand?post=35371"},{"taxonomy":"product_cat","embeddable":true,"href":"https:\/\/singuli.wpress.me\/index.php\/wp-json\/wp\/v2\/product_cat?post=35371"},{"taxonomy":"product_tag","embeddable":true,"href":"https:\/\/singuli.wpress.me\/index.php\/wp-json\/wp\/v2\/product_tag?post=35371"}],"curies":[{"name":"wp","href":"https:\/\/api.w.org\/{rel}","templated":true}]}}