{"id":35373,"date":"2026-04-18T01:46:36","date_gmt":"2026-04-18T01:46:36","guid":{"rendered":"https:\/\/singuli.wpress.me\/index.php\/proizvod\/borotalco-manneti-soft-dezodorans-u-spreju-150-ml\/"},"modified":"2026-04-20T12:33:15","modified_gmt":"2026-04-20T12:33:15","slug":"borotalco-manneti-soft-dezodorans-u-spreju-150-ml","status":"publish","type":"product","link":"https:\/\/singuli.wpress.me\/index.php\/proizvod\/borotalco-manneti-soft-dezodorans-u-spreju-150-ml\/","title":{"rendered":"BOROTALCO Manneti Soft, dezodorans u spreju, 150\u00a0ml"},"content":{"rendered":"<p>Pru\u017ea trostruku za\u0161titu kako biste se uvijek osje\u0107ali opu\u0161teno.<\/p>\n<p>Novo Borotalco iskustvo s Borotalco Soft dezodoransom, zahvaljuju\u0107i inovativnoj tehnologiji Active Crystal Talc\u2122, pru\u017ea trostruku za\u0161titu:<\/p>\n<p>\u2013 sprje\u010dava znoj ograni\u010davaju\u0107i njegovo stvaranje<br \/>\n\u2013 upija znoj kada se formira<br \/>\n\u2013 neutralizira molekule koje \u010dine znoj<\/p>\n<p>0% alkohola. Dermatolo\u0161ki testirano.<\/p>\n<p>Talk uz miris Pink Flower: nje\u017ena infuzija cvjetnih nota s \u0111ur\u0111icama na puderastoj podlozi, jedinstveni Borotalco mirisni potpis.<\/p>\n","protected":false},"excerpt":{"rendered":"<p>Sprje\u010dava znoj ograni\u010davaju\u0107i njegovo stvaranje<br \/>\nUpija znoj<br \/>\nDermatolo\u0161ki testirano<\/p>\n","protected":false},"featured_media":35374,"template":"","meta":{"_seopress_robots_primary_cat":"","_seopress_titles_title":"","_seopress_titles_desc":"","_seopress_robots_index":"","iawp_total_views":0},"product_brand":[484],"product_cat":[285,268],"product_tag":[],"class_list":{"0":"post-35373","1":"product","2":"type-product","3":"status-publish","4":"has-post-thumbnail","6":"product_brand-borotalco","7":"product_cat-dezodoransi-268","8":"product_cat-kozmetika-2","10":"first","11":"instock","12":"shipping-taxable","13":"purchasable","14":"product-type-simple"},"_links":{"self":[{"href":"https:\/\/singuli.wpress.me\/index.php\/wp-json\/wp\/v2\/product\/35373","targetHints":{"allow":["GET"]}}],"collection":[{"href":"https:\/\/singuli.wpress.me\/index.php\/wp-json\/wp\/v2\/product"}],"about":[{"href":"https:\/\/singuli.wpress.me\/index.php\/wp-json\/wp\/v2\/types\/product"}],"version-history":[{"count":0,"href":"https:\/\/singuli.wpress.me\/index.php\/wp-json\/wp\/v2\/product\/35373\/revisions"}],"wp:featuredmedia":[{"embeddable":true,"href":"https:\/\/singuli.wpress.me\/index.php\/wp-json\/wp\/v2\/media\/35374"}],"wp:attachment":[{"href":"https:\/\/singuli.wpress.me\/index.php\/wp-json\/wp\/v2\/media?parent=35373"}],"wp:term":[{"taxonomy":"product_brand","embeddable":true,"href":"https:\/\/singuli.wpress.me\/index.php\/wp-json\/wp\/v2\/product_brand?post=35373"},{"taxonomy":"product_cat","embeddable":true,"href":"https:\/\/singuli.wpress.me\/index.php\/wp-json\/wp\/v2\/product_cat?post=35373"},{"taxonomy":"product_tag","embeddable":true,"href":"https:\/\/singuli.wpress.me\/index.php\/wp-json\/wp\/v2\/product_tag?post=35373"}],"curies":[{"name":"wp","href":"https:\/\/api.w.org\/{rel}","templated":true}]}}