{"id":35375,"date":"2026-04-18T01:46:36","date_gmt":"2026-04-18T01:46:36","guid":{"rendered":"https:\/\/singuli.wpress.me\/index.php\/proizvod\/ariel-mountain-spring-kapsule-19-kom\/"},"modified":"2026-04-20T12:33:15","modified_gmt":"2026-04-20T12:33:15","slug":"ariel-mountain-spring-kapsule-19-kom","status":"publish","type":"product","link":"https:\/\/singuli.wpress.me\/index.php\/proizvod\/ariel-mountain-spring-kapsule-19-kom\/","title":{"rendered":"ARIEL Mountain Spring, kapsule, 19\u00a0kom"},"content":{"rendered":"<p>Ariel, marka koju preporu\u010duju Whirlpool, Electrolux, Candy i Beko, predstavlja kapsule deterd\u017eenta za pranje rublja Ariel Allin1 PODS\u00ae Mountain Spring koje uklanjaju tvrdokorne mrlje i neugodne mirise \u010dak i na 30 \u00b0C.  Osmi\u0161ljene su za izvanredno \u010di\u0161\u0107enje \u010dak i na programima s ni\u017eim temperaturama pranja, brzo se otapaju \u010dak i u hladnoj vodi te pru\u017eaju besprijekorne rezultate. UPOZORENJE: proizvod mo\u017ee biti \u0161tetan i mo\u017ee prouzro\u010diti te\u0161ku ozljedu. Kapsule deterd\u017eenta za pranje rublja Ariel Allin1 PODS\u00ae obavezno \u010duvajte izvan dohvata djece. Za vi\u0161e informacija posjetite keepcapsfromkids.eu.<\/p>\n","protected":false},"excerpt":{"rendered":"<p>Kapsule deterd\u017eenta Ariel Allin1 PODS\u00ae uklanjaju tvrdokorne mrlje i neugodne mirise \u010dak i na 30 \u00b0C<br \/>\nAriel preporu\u010duju Whirlpool, Electrolux, Candy i Beko<br \/>\nZa uklanjanje tvrdokornih mrlja, \u010dak i na ni\u017eim temperaturama, u bubanj perilice prvo stavite kapsulu, a zatim rublje na nju<\/p>\n","protected":false},"featured_media":35376,"template":"","meta":{"_seopress_robots_primary_cat":"","_seopress_titles_title":"","_seopress_titles_desc":"","_seopress_robots_index":"","iawp_total_views":0},"product_brand":[427],"product_cat":[283,238],"product_tag":[],"class_list":{"0":"post-35375","1":"product","2":"type-product","3":"status-publish","4":"has-post-thumbnail","6":"product_brand-ariel","7":"product_cat-pranje-rublja-238","8":"product_cat-sve-za-dom","10":"first","11":"outofstock","12":"shipping-taxable","13":"purchasable","14":"product-type-simple"},"_links":{"self":[{"href":"https:\/\/singuli.wpress.me\/index.php\/wp-json\/wp\/v2\/product\/35375","targetHints":{"allow":["GET"]}}],"collection":[{"href":"https:\/\/singuli.wpress.me\/index.php\/wp-json\/wp\/v2\/product"}],"about":[{"href":"https:\/\/singuli.wpress.me\/index.php\/wp-json\/wp\/v2\/types\/product"}],"version-history":[{"count":0,"href":"https:\/\/singuli.wpress.me\/index.php\/wp-json\/wp\/v2\/product\/35375\/revisions"}],"wp:featuredmedia":[{"embeddable":true,"href":"https:\/\/singuli.wpress.me\/index.php\/wp-json\/wp\/v2\/media\/35376"}],"wp:attachment":[{"href":"https:\/\/singuli.wpress.me\/index.php\/wp-json\/wp\/v2\/media?parent=35375"}],"wp:term":[{"taxonomy":"product_brand","embeddable":true,"href":"https:\/\/singuli.wpress.me\/index.php\/wp-json\/wp\/v2\/product_brand?post=35375"},{"taxonomy":"product_cat","embeddable":true,"href":"https:\/\/singuli.wpress.me\/index.php\/wp-json\/wp\/v2\/product_cat?post=35375"},{"taxonomy":"product_tag","embeddable":true,"href":"https:\/\/singuli.wpress.me\/index.php\/wp-json\/wp\/v2\/product_tag?post=35375"}],"curies":[{"name":"wp","href":"https:\/\/api.w.org\/{rel}","templated":true}]}}