{"id":35381,"date":"2026-04-18T01:46:38","date_gmt":"2026-04-18T01:46:38","guid":{"rendered":"https:\/\/singuli.wpress.me\/index.php\/proizvod\/borotalco-manneti-original-dezodorans-u-spreju-150-ml\/"},"modified":"2026-04-20T12:33:15","modified_gmt":"2026-04-20T12:33:15","slug":"borotalco-manneti-original-dezodorans-u-spreju-150-ml","status":"publish","type":"product","link":"https:\/\/singuli.wpress.me\/index.php\/proizvod\/borotalco-manneti-original-dezodorans-u-spreju-150-ml\/","title":{"rendered":"BOROTALCO Manneti Original, dezodorans u spreju, 150\u00a0ml"},"content":{"rendered":"<p>Borotalco dezodorans u spreju Original donosi u\u010dinkovitu formulu koja se bori protiv znojenja i va\u0161em tijelu osigurava predivan miris. <\/p>\n<p>Njegova ultra u\u010dinkovita formula sadr\u017ei Active Crystal Talc\u2122 koji osigurava u\u010dinkovitost tijekom cijelog dana, \u010dak i u najintenzivnijim trenucima. <\/p>\n<p>Borotalco dezodorans u spreju Original jedinstven i bezvremenski miris koji spaja svje\u017einu citrusa s mekim srcem bijelog cvije\u0107a na puderastoj podlozi.<\/p>\n","protected":false},"excerpt":{"rendered":"<p>Sprje\u010dava znoj ograni\u010davaju\u0107i njegovo stvaranje<br \/>\nUpija znoj kada se formira<br \/>\n0 % alkohola<\/p>\n","protected":false},"featured_media":35382,"template":"","meta":{"_seopress_robots_primary_cat":"","_seopress_titles_title":"","_seopress_titles_desc":"","_seopress_robots_index":"","iawp_total_views":0},"product_brand":[484],"product_cat":[285,268],"product_tag":[],"class_list":{"0":"post-35381","1":"product","2":"type-product","3":"status-publish","4":"has-post-thumbnail","6":"product_brand-borotalco","7":"product_cat-dezodoransi-268","8":"product_cat-kozmetika-2","10":"first","11":"instock","12":"shipping-taxable","13":"purchasable","14":"product-type-simple"},"_links":{"self":[{"href":"https:\/\/singuli.wpress.me\/index.php\/wp-json\/wp\/v2\/product\/35381","targetHints":{"allow":["GET"]}}],"collection":[{"href":"https:\/\/singuli.wpress.me\/index.php\/wp-json\/wp\/v2\/product"}],"about":[{"href":"https:\/\/singuli.wpress.me\/index.php\/wp-json\/wp\/v2\/types\/product"}],"version-history":[{"count":0,"href":"https:\/\/singuli.wpress.me\/index.php\/wp-json\/wp\/v2\/product\/35381\/revisions"}],"wp:featuredmedia":[{"embeddable":true,"href":"https:\/\/singuli.wpress.me\/index.php\/wp-json\/wp\/v2\/media\/35382"}],"wp:attachment":[{"href":"https:\/\/singuli.wpress.me\/index.php\/wp-json\/wp\/v2\/media?parent=35381"}],"wp:term":[{"taxonomy":"product_brand","embeddable":true,"href":"https:\/\/singuli.wpress.me\/index.php\/wp-json\/wp\/v2\/product_brand?post=35381"},{"taxonomy":"product_cat","embeddable":true,"href":"https:\/\/singuli.wpress.me\/index.php\/wp-json\/wp\/v2\/product_cat?post=35381"},{"taxonomy":"product_tag","embeddable":true,"href":"https:\/\/singuli.wpress.me\/index.php\/wp-json\/wp\/v2\/product_tag?post=35381"}],"curies":[{"name":"wp","href":"https:\/\/api.w.org\/{rel}","templated":true}]}}