{"id":35383,"date":"2026-04-18T01:46:39","date_gmt":"2026-04-18T01:46:39","guid":{"rendered":"https:\/\/singuli.wpress.me\/index.php\/proizvod\/borotalco-manneti-pure-dezodorans-u-spreju-150-ml\/"},"modified":"2026-04-20T12:33:15","modified_gmt":"2026-04-20T12:33:15","slug":"borotalco-manneti-pure-dezodorans-u-spreju-150-ml","status":"publish","type":"product","link":"https:\/\/singuli.wpress.me\/index.php\/proizvod\/borotalco-manneti-pure-dezodorans-u-spreju-150-ml\/","title":{"rendered":"BOROTALCO Manneti Pure, dezodorans u spreju, 150\u00a0ml"},"content":{"rendered":"<p>Borotalco Pure dezodorans u spreju donosi osvje\u017eavaju\u0107i cvjetni miris koji \u0107e vas pratiti tijekom \u010ditavog dana. <\/p>\n<p>Jedinstveni dezodorans u spreju donosi u\u010dinkovitu 48-satnu za\u0161titu od znojenja i neugodnih mirisa. <\/p>\n<p>Bogata formula osigurava predivan cvjetni miris koji \u0107e o\u010darati va\u0161a osjetila te vam pru\u017eiti dugotrajnu svje\u017einu. <\/p>\n<p>Borotalco dezodorans u spreju Pure ne sadr\u017ei soli aluminija i dermatolo\u0161ki je testiran.<\/p>\n","protected":false},"excerpt":{"rendered":"<p>48 sati u\u010dinkovite za\u0161tite od znojenja<br \/>\nSprje\u010dava nastajanje neugodnih mirisa<br \/>\nCvjetni miris<\/p>\n","protected":false},"featured_media":35384,"template":"","meta":{"_seopress_robots_primary_cat":"","_seopress_titles_title":"","_seopress_titles_desc":"","_seopress_robots_index":"","iawp_total_views":0},"product_brand":[484],"product_cat":[285,268],"product_tag":[],"class_list":{"0":"post-35383","1":"product","2":"type-product","3":"status-publish","4":"has-post-thumbnail","6":"product_brand-borotalco","7":"product_cat-dezodoransi-268","8":"product_cat-kozmetika-2","10":"first","11":"instock","12":"shipping-taxable","13":"purchasable","14":"product-type-simple"},"_links":{"self":[{"href":"https:\/\/singuli.wpress.me\/index.php\/wp-json\/wp\/v2\/product\/35383","targetHints":{"allow":["GET"]}}],"collection":[{"href":"https:\/\/singuli.wpress.me\/index.php\/wp-json\/wp\/v2\/product"}],"about":[{"href":"https:\/\/singuli.wpress.me\/index.php\/wp-json\/wp\/v2\/types\/product"}],"version-history":[{"count":0,"href":"https:\/\/singuli.wpress.me\/index.php\/wp-json\/wp\/v2\/product\/35383\/revisions"}],"wp:featuredmedia":[{"embeddable":true,"href":"https:\/\/singuli.wpress.me\/index.php\/wp-json\/wp\/v2\/media\/35384"}],"wp:attachment":[{"href":"https:\/\/singuli.wpress.me\/index.php\/wp-json\/wp\/v2\/media?parent=35383"}],"wp:term":[{"taxonomy":"product_brand","embeddable":true,"href":"https:\/\/singuli.wpress.me\/index.php\/wp-json\/wp\/v2\/product_brand?post=35383"},{"taxonomy":"product_cat","embeddable":true,"href":"https:\/\/singuli.wpress.me\/index.php\/wp-json\/wp\/v2\/product_cat?post=35383"},{"taxonomy":"product_tag","embeddable":true,"href":"https:\/\/singuli.wpress.me\/index.php\/wp-json\/wp\/v2\/product_tag?post=35383"}],"curies":[{"name":"wp","href":"https:\/\/api.w.org\/{rel}","templated":true}]}}