{"id":35391,"date":"2026-04-18T01:46:42","date_gmt":"2026-04-18T01:46:42","guid":{"rendered":"https:\/\/singuli.wpress.me\/index.php\/proizvod\/borotalco-pure-unique-deo-roll-on-50-ml-2\/"},"modified":"2026-04-20T12:33:15","modified_gmt":"2026-04-20T12:33:15","slug":"borotalco-pure-unique-deo-roll-on-50-ml-2","status":"publish","type":"product","link":"https:\/\/singuli.wpress.me\/index.php\/proizvod\/borotalco-pure-unique-deo-roll-on-50-ml-2\/","title":{"rendered":"BOROTALCO Pure Unique, deo roll-on, 50\u00a0ml"},"content":{"rendered":"<p><span style=\"font-weight: bold\">Borotalco Pure Unique<\/span> deo roll-on pru\u017ea dugotrajnu i u\u010dinkovitu za\u0161titu od znojenja i neugodnih mirisa. Miris Pure Unique, jedinstven je i bezvremenski miris koji spaja svje\u017einu citrusnog vo\u0107a s mekim srcem bijelog cvije\u0107a na puderastoj bazi. Borotalco Pure Unique deo roll-on donosi inovativnu 0 % soli, 0 % alkohola* formulu oboga\u0107enu talkom i upijaju\u0107im molekulama \u010diju suhu u\u010dinkovitost pospje\u0161uje spoj pudera cinka i tapioke. Za beskompromisni u\u010dinak protiv neugodnih mirisa. *Soli Aluminij Hidroklorida, Etanol<\/p>\n","protected":false},"excerpt":{"rendered":"<p>Pru\u017ea pouzdanu za\u0161titu od znojenja te je u\u010dinkovit protiv neugodnih mirisa<br \/>\nJedinstven i bezvremenski miris<br \/>\nDermatolo\u0161ki testiran<\/p>\n","protected":false},"featured_media":35392,"template":"","meta":{"_seopress_robots_primary_cat":"","_seopress_titles_title":"","_seopress_titles_desc":"","_seopress_robots_index":"","iawp_total_views":0},"product_brand":[484],"product_cat":[285,268],"product_tag":[],"class_list":{"0":"post-35391","1":"product","2":"type-product","3":"status-publish","4":"has-post-thumbnail","6":"product_brand-borotalco","7":"product_cat-dezodoransi-268","8":"product_cat-kozmetika-2","10":"first","11":"instock","12":"shipping-taxable","13":"purchasable","14":"product-type-simple"},"_links":{"self":[{"href":"https:\/\/singuli.wpress.me\/index.php\/wp-json\/wp\/v2\/product\/35391","targetHints":{"allow":["GET"]}}],"collection":[{"href":"https:\/\/singuli.wpress.me\/index.php\/wp-json\/wp\/v2\/product"}],"about":[{"href":"https:\/\/singuli.wpress.me\/index.php\/wp-json\/wp\/v2\/types\/product"}],"version-history":[{"count":0,"href":"https:\/\/singuli.wpress.me\/index.php\/wp-json\/wp\/v2\/product\/35391\/revisions"}],"wp:featuredmedia":[{"embeddable":true,"href":"https:\/\/singuli.wpress.me\/index.php\/wp-json\/wp\/v2\/media\/35392"}],"wp:attachment":[{"href":"https:\/\/singuli.wpress.me\/index.php\/wp-json\/wp\/v2\/media?parent=35391"}],"wp:term":[{"taxonomy":"product_brand","embeddable":true,"href":"https:\/\/singuli.wpress.me\/index.php\/wp-json\/wp\/v2\/product_brand?post=35391"},{"taxonomy":"product_cat","embeddable":true,"href":"https:\/\/singuli.wpress.me\/index.php\/wp-json\/wp\/v2\/product_cat?post=35391"},{"taxonomy":"product_tag","embeddable":true,"href":"https:\/\/singuli.wpress.me\/index.php\/wp-json\/wp\/v2\/product_tag?post=35391"}],"curies":[{"name":"wp","href":"https:\/\/api.w.org\/{rel}","templated":true}]}}