{"id":35397,"date":"2026-04-18T01:46:45","date_gmt":"2026-04-18T01:46:45","guid":{"rendered":"https:\/\/singuli.wpress.me\/index.php\/proizvod\/borotalco-soft-deo-roll-on-50-ml-2\/"},"modified":"2026-04-21T00:26:43","modified_gmt":"2026-04-21T00:26:43","slug":"borotalco-soft-deo-roll-on-50-ml-2","status":"publish","type":"product","link":"https:\/\/singuli.wpress.me\/index.php\/proizvod\/borotalco-soft-deo-roll-on-50-ml-2\/","title":{"rendered":"BOROTALCO Soft, deo roll-on, 50\u00a0ml"},"content":{"rendered":"<p>Borotalco deo roll-on Soft donosi u\u010dinkovitu formulu koja se bori protiv znojenja i va\u0161em tijelu osigurava predivan miris. Njegova ultra u\u010dinkovita formula sadr\u017ei Active Crystal Talc\u2122 koji osigurava u\u010dinkovitost tijekom cijelog dana, \u010dak i u najintenzivnijim trenucima. Borotalco deo roll-on Soft nje\u017ena je infuzija cvjetnih nota s \u0111ur\u0111icama na puderastoj podlozi, jedinstveni Borotalco mirisni potpis.<\/p>\n","protected":false},"excerpt":{"rendered":"<p>Sprje\u010dava znoj ograni\u010davaju\u0107i njegovo stvaranje<br \/>\nDermatolo\u0161ki testirano<br \/>\n0 % alkohola<\/p>\n","protected":false},"featured_media":35398,"template":"","meta":{"_seopress_robots_primary_cat":"","_seopress_titles_title":"","_seopress_titles_desc":"","_seopress_robots_index":"","iawp_total_views":0},"product_brand":[484],"product_cat":[285,268],"product_tag":[],"class_list":{"0":"post-35397","1":"product","2":"type-product","3":"status-publish","4":"has-post-thumbnail","6":"product_brand-borotalco","7":"product_cat-dezodoransi-268","8":"product_cat-kozmetika-2","10":"first","11":"instock","12":"shipping-taxable","13":"purchasable","14":"product-type-simple"},"_links":{"self":[{"href":"https:\/\/singuli.wpress.me\/index.php\/wp-json\/wp\/v2\/product\/35397","targetHints":{"allow":["GET"]}}],"collection":[{"href":"https:\/\/singuli.wpress.me\/index.php\/wp-json\/wp\/v2\/product"}],"about":[{"href":"https:\/\/singuli.wpress.me\/index.php\/wp-json\/wp\/v2\/types\/product"}],"version-history":[{"count":0,"href":"https:\/\/singuli.wpress.me\/index.php\/wp-json\/wp\/v2\/product\/35397\/revisions"}],"wp:featuredmedia":[{"embeddable":true,"href":"https:\/\/singuli.wpress.me\/index.php\/wp-json\/wp\/v2\/media\/35398"}],"wp:attachment":[{"href":"https:\/\/singuli.wpress.me\/index.php\/wp-json\/wp\/v2\/media?parent=35397"}],"wp:term":[{"taxonomy":"product_brand","embeddable":true,"href":"https:\/\/singuli.wpress.me\/index.php\/wp-json\/wp\/v2\/product_brand?post=35397"},{"taxonomy":"product_cat","embeddable":true,"href":"https:\/\/singuli.wpress.me\/index.php\/wp-json\/wp\/v2\/product_cat?post=35397"},{"taxonomy":"product_tag","embeddable":true,"href":"https:\/\/singuli.wpress.me\/index.php\/wp-json\/wp\/v2\/product_tag?post=35397"}],"curies":[{"name":"wp","href":"https:\/\/api.w.org\/{rel}","templated":true}]}}