{"id":35401,"date":"2026-04-18T01:46:47","date_gmt":"2026-04-18T01:46:47","guid":{"rendered":"https:\/\/singuli.wpress.me\/index.php\/proizvod\/borotalco-pure-deo-roll-on-50-ml-2\/"},"modified":"2026-04-21T00:26:43","modified_gmt":"2026-04-21T00:26:43","slug":"borotalco-pure-deo-roll-on-50-ml-2","status":"publish","type":"product","link":"https:\/\/singuli.wpress.me\/index.php\/proizvod\/borotalco-pure-deo-roll-on-50-ml-2\/","title":{"rendered":"BOROTALCO Pure, deo roll-on, 50\u00a0ml"},"content":{"rendered":"<p>Bilo kakav va\u0161 program dana bio, brige s neugodnim mirisom znoja mo\u017eete zaboraviti. Borotalco Pure Clean Freshness dezodorans sprje\u010dava neugodan faux pas u obliku neugodnog tjelesnog mirisa. Va\u0161u ko\u017eu \u0107e pro\u017eeti ugodnim mirisom te \u0107e se boriti protiv neugodnog mirisa koji nastaje kada do\u0111e znoj na ko\u017ei do kontakta s bakterijama. Dugotrajnu za\u0161titu vam pru\u017ea zahvaljuju\u0107i u\u010dinkovitom deo u\u010dinku kako bi mogli u\u017eivati u osje\u0107aju svje\u017eine i \u010disto\u0107e tijekom cijeloga dana.<\/p>\n","protected":false},"excerpt":{"rendered":"<p>U\u010dinkovita za\u0161tita protiv znojenja<br \/>\n\u0160titi od neugodnih mirisa<br \/>\n0 % alkohola<\/p>\n","protected":false},"featured_media":35402,"template":"","meta":{"_seopress_robots_primary_cat":"","_seopress_titles_title":"","_seopress_titles_desc":"","_seopress_robots_index":"","iawp_total_views":0},"product_brand":[484],"product_cat":[285,268],"product_tag":[],"class_list":{"0":"post-35401","1":"product","2":"type-product","3":"status-publish","4":"has-post-thumbnail","6":"product_brand-borotalco","7":"product_cat-dezodoransi-268","8":"product_cat-kozmetika-2","10":"first","11":"instock","12":"shipping-taxable","13":"purchasable","14":"product-type-simple"},"_links":{"self":[{"href":"https:\/\/singuli.wpress.me\/index.php\/wp-json\/wp\/v2\/product\/35401","targetHints":{"allow":["GET"]}}],"collection":[{"href":"https:\/\/singuli.wpress.me\/index.php\/wp-json\/wp\/v2\/product"}],"about":[{"href":"https:\/\/singuli.wpress.me\/index.php\/wp-json\/wp\/v2\/types\/product"}],"version-history":[{"count":0,"href":"https:\/\/singuli.wpress.me\/index.php\/wp-json\/wp\/v2\/product\/35401\/revisions"}],"wp:featuredmedia":[{"embeddable":true,"href":"https:\/\/singuli.wpress.me\/index.php\/wp-json\/wp\/v2\/media\/35402"}],"wp:attachment":[{"href":"https:\/\/singuli.wpress.me\/index.php\/wp-json\/wp\/v2\/media?parent=35401"}],"wp:term":[{"taxonomy":"product_brand","embeddable":true,"href":"https:\/\/singuli.wpress.me\/index.php\/wp-json\/wp\/v2\/product_brand?post=35401"},{"taxonomy":"product_cat","embeddable":true,"href":"https:\/\/singuli.wpress.me\/index.php\/wp-json\/wp\/v2\/product_cat?post=35401"},{"taxonomy":"product_tag","embeddable":true,"href":"https:\/\/singuli.wpress.me\/index.php\/wp-json\/wp\/v2\/product_tag?post=35401"}],"curies":[{"name":"wp","href":"https:\/\/api.w.org\/{rel}","templated":true}]}}