{"id":35407,"date":"2026-04-18T01:46:48","date_gmt":"2026-04-18T01:46:48","guid":{"rendered":"https:\/\/singuli.wpress.me\/index.php\/proizvod\/borotalco-men-amber-deo-roll-on-50-ml-2\/"},"modified":"2026-04-21T00:26:43","modified_gmt":"2026-04-21T00:26:43","slug":"borotalco-men-amber-deo-roll-on-50-ml-2","status":"publish","type":"product","link":"https:\/\/singuli.wpress.me\/index.php\/proizvod\/borotalco-men-amber-deo-roll-on-50-ml-2\/","title":{"rendered":"BOROTALCO Men Amber, deo roll-on, 50\u00a0ml"},"content":{"rendered":"<p>Do\u017eivite novo iskustvo s Borotalco Men Absolute Extra Dry dezodoransom u stiku. Ovaj deo roll-on namijenjen je mu\u0161karcima koji tra\u017ee apsolutnu za\u0161titu od znoja. Misteriozan Amber i senzualne note s intenzivnim citrusnim gornjim notama, aromati\u010dnim srcem i bazom od vanilije pru\u017eaju uzbudljiv i sofisticiran miris. Borotalco Men Absolute deo roll-on sadr\u017ei ekskluzivnu formulu koja kombinira u\u010dinkovitost talka s prirodnim i mineralnim upijaju\u0107im puderima za apsolutni u\u010dinak koji upija znoj i jam\u010di osje\u0107aj ekstra suho\u0107e u svakoj situaciji.<\/p>\n","protected":false},"excerpt":{"rendered":"<p>Jam\u010di osje\u0107aj suho\u0107e<br \/>\nU\u010dinkovit do 72 h<br \/>\n0 % alkohola<\/p>\n","protected":false},"featured_media":35408,"template":"","meta":{"_seopress_robots_primary_cat":"","_seopress_titles_title":"","_seopress_titles_desc":"","_seopress_robots_index":"","iawp_total_views":0},"product_brand":[484],"product_cat":[285,268],"product_tag":[],"class_list":{"0":"post-35407","1":"product","2":"type-product","3":"status-publish","4":"has-post-thumbnail","6":"product_brand-borotalco","7":"product_cat-dezodoransi-268","8":"product_cat-kozmetika-2","10":"first","11":"instock","12":"shipping-taxable","13":"purchasable","14":"product-type-simple"},"_links":{"self":[{"href":"https:\/\/singuli.wpress.me\/index.php\/wp-json\/wp\/v2\/product\/35407","targetHints":{"allow":["GET"]}}],"collection":[{"href":"https:\/\/singuli.wpress.me\/index.php\/wp-json\/wp\/v2\/product"}],"about":[{"href":"https:\/\/singuli.wpress.me\/index.php\/wp-json\/wp\/v2\/types\/product"}],"version-history":[{"count":0,"href":"https:\/\/singuli.wpress.me\/index.php\/wp-json\/wp\/v2\/product\/35407\/revisions"}],"wp:featuredmedia":[{"embeddable":true,"href":"https:\/\/singuli.wpress.me\/index.php\/wp-json\/wp\/v2\/media\/35408"}],"wp:attachment":[{"href":"https:\/\/singuli.wpress.me\/index.php\/wp-json\/wp\/v2\/media?parent=35407"}],"wp:term":[{"taxonomy":"product_brand","embeddable":true,"href":"https:\/\/singuli.wpress.me\/index.php\/wp-json\/wp\/v2\/product_brand?post=35407"},{"taxonomy":"product_cat","embeddable":true,"href":"https:\/\/singuli.wpress.me\/index.php\/wp-json\/wp\/v2\/product_cat?post=35407"},{"taxonomy":"product_tag","embeddable":true,"href":"https:\/\/singuli.wpress.me\/index.php\/wp-json\/wp\/v2\/product_tag?post=35407"}],"curies":[{"name":"wp","href":"https:\/\/api.w.org\/{rel}","templated":true}]}}