{"id":35415,"date":"2026-04-18T01:46:50","date_gmt":"2026-04-18T01:46:50","guid":{"rendered":"https:\/\/singuli.wpress.me\/index.php\/proizvod\/borotalco-invisible-pink-deo-roll-on-50-ml-3\/"},"modified":"2026-04-21T00:26:44","modified_gmt":"2026-04-21T00:26:44","slug":"borotalco-invisible-pink-deo-roll-on-50-ml-3","status":"publish","type":"product","link":"https:\/\/singuli.wpress.me\/index.php\/proizvod\/borotalco-invisible-pink-deo-roll-on-50-ml-3\/","title":{"rendered":"BOROTALCO Invisible Pink, deo roll-on, 50\u00a0ml"},"content":{"rendered":"<p>Borotalco Invisible Pink deo roll-on pru\u017ea ugodnu za\u0161titu od znojenja i neugodnih mirisa bez mrlja. Njegova formula oboga\u0107ena je talkom i Protective molekulama: mre\u017eom nevidljivih molekula koje obavijaju tragove, mirise i mrlje, stvaraju\u0107i u\u010dinak barijere izme\u0111u ko\u017ee i odje\u0107e. Borotalco Invisible Pink deo roll-on pru\u017ea otmjeni i uravnote\u017een miris nota bergamota i bezvremenske ru\u017ee na bazi mo\u0161usa. U\u010dinkovit je protiv bijelih i \u017eutih mrlja, \u010dak i na osjetljivoj odje\u0107i poput svile.<\/p>\n","protected":false},"excerpt":{"rendered":"<p>Ne ostavlja tragove<br \/>\nOsigurava dugotrajnu svje\u017einu tijekom dana<br \/>\n0 % alkohola<\/p>\n","protected":false},"featured_media":35416,"template":"","meta":{"_seopress_robots_primary_cat":"","_seopress_titles_title":"","_seopress_titles_desc":"","_seopress_robots_index":"","iawp_total_views":0},"product_brand":[484],"product_cat":[285,268],"product_tag":[],"class_list":{"0":"post-35415","1":"product","2":"type-product","3":"status-publish","4":"has-post-thumbnail","6":"product_brand-borotalco","7":"product_cat-dezodoransi-268","8":"product_cat-kozmetika-2","10":"first","11":"instock","12":"shipping-taxable","13":"purchasable","14":"product-type-simple"},"_links":{"self":[{"href":"https:\/\/singuli.wpress.me\/index.php\/wp-json\/wp\/v2\/product\/35415","targetHints":{"allow":["GET"]}}],"collection":[{"href":"https:\/\/singuli.wpress.me\/index.php\/wp-json\/wp\/v2\/product"}],"about":[{"href":"https:\/\/singuli.wpress.me\/index.php\/wp-json\/wp\/v2\/types\/product"}],"version-history":[{"count":0,"href":"https:\/\/singuli.wpress.me\/index.php\/wp-json\/wp\/v2\/product\/35415\/revisions"}],"wp:featuredmedia":[{"embeddable":true,"href":"https:\/\/singuli.wpress.me\/index.php\/wp-json\/wp\/v2\/media\/35416"}],"wp:attachment":[{"href":"https:\/\/singuli.wpress.me\/index.php\/wp-json\/wp\/v2\/media?parent=35415"}],"wp:term":[{"taxonomy":"product_brand","embeddable":true,"href":"https:\/\/singuli.wpress.me\/index.php\/wp-json\/wp\/v2\/product_brand?post=35415"},{"taxonomy":"product_cat","embeddable":true,"href":"https:\/\/singuli.wpress.me\/index.php\/wp-json\/wp\/v2\/product_cat?post=35415"},{"taxonomy":"product_tag","embeddable":true,"href":"https:\/\/singuli.wpress.me\/index.php\/wp-json\/wp\/v2\/product_tag?post=35415"}],"curies":[{"name":"wp","href":"https:\/\/api.w.org\/{rel}","templated":true}]}}