{"id":35431,"date":"2026-04-18T01:46:56","date_gmt":"2026-04-18T01:46:56","guid":{"rendered":"https:\/\/singuli.wpress.me\/index.php\/proizvod\/borotalco-men-pure-deo-roll-on-50-ml-2\/"},"modified":"2026-04-21T00:26:44","modified_gmt":"2026-04-21T00:26:44","slug":"borotalco-men-pure-deo-roll-on-50-ml-2","status":"publish","type":"product","link":"https:\/\/singuli.wpress.me\/index.php\/proizvod\/borotalco-men-pure-deo-roll-on-50-ml-2\/","title":{"rendered":"BOROTALCO Men Pure, deo roll-on, 50\u00a0ml"},"content":{"rendered":"<p>Borotalco MEN Pure Deodorant Roll-On Clean Scent je savr\u0161en izbor za modernog mu\u0161karca. Njegova formula posebno razvijena za mu\u0161ku ko\u017eu ne sadr\u017ei aluminijske soli i alkohol, a i dalje pouzdano \u0161titi do 72 sata od tjelesnog mirisa. Jedinstveni Essential TalQ kombinira talk, cink i tapioka prah za maksimalnu apsorpciju vlage. Miris Clean Scent obavija osjetila harmoni\u010dnom kompozicijom cvjetnih i za\u010dinskih aroma.<\/p>\n","protected":false},"excerpt":{"rendered":"<p>Ne sadr\u017ei aluminijske soli<br \/>\nU\u010dinkovit do 72 h<br \/>\n0 % alkohola<\/p>\n","protected":false},"featured_media":35432,"template":"","meta":{"_seopress_robots_primary_cat":"","_seopress_titles_title":"","_seopress_titles_desc":"","_seopress_robots_index":"","iawp_total_views":0},"product_brand":[484],"product_cat":[285,268],"product_tag":[],"class_list":{"0":"post-35431","1":"product","2":"type-product","3":"status-publish","4":"has-post-thumbnail","6":"product_brand-borotalco","7":"product_cat-dezodoransi-268","8":"product_cat-kozmetika-2","10":"first","11":"instock","12":"shipping-taxable","13":"purchasable","14":"product-type-simple"},"_links":{"self":[{"href":"https:\/\/singuli.wpress.me\/index.php\/wp-json\/wp\/v2\/product\/35431","targetHints":{"allow":["GET"]}}],"collection":[{"href":"https:\/\/singuli.wpress.me\/index.php\/wp-json\/wp\/v2\/product"}],"about":[{"href":"https:\/\/singuli.wpress.me\/index.php\/wp-json\/wp\/v2\/types\/product"}],"version-history":[{"count":0,"href":"https:\/\/singuli.wpress.me\/index.php\/wp-json\/wp\/v2\/product\/35431\/revisions"}],"wp:featuredmedia":[{"embeddable":true,"href":"https:\/\/singuli.wpress.me\/index.php\/wp-json\/wp\/v2\/media\/35432"}],"wp:attachment":[{"href":"https:\/\/singuli.wpress.me\/index.php\/wp-json\/wp\/v2\/media?parent=35431"}],"wp:term":[{"taxonomy":"product_brand","embeddable":true,"href":"https:\/\/singuli.wpress.me\/index.php\/wp-json\/wp\/v2\/product_brand?post=35431"},{"taxonomy":"product_cat","embeddable":true,"href":"https:\/\/singuli.wpress.me\/index.php\/wp-json\/wp\/v2\/product_cat?post=35431"},{"taxonomy":"product_tag","embeddable":true,"href":"https:\/\/singuli.wpress.me\/index.php\/wp-json\/wp\/v2\/product_tag?post=35431"}],"curies":[{"name":"wp","href":"https:\/\/api.w.org\/{rel}","templated":true}]}}