{"id":35435,"date":"2026-04-18T01:46:57","date_gmt":"2026-04-18T01:46:57","guid":{"rendered":"https:\/\/singuli.wpress.me\/index.php\/proizvod\/silverlit-interaktivna-plisana-igracka\/"},"modified":"2026-04-20T12:33:15","modified_gmt":"2026-04-20T12:33:15","slug":"silverlit-interaktivna-plisana-igracka","status":"publish","type":"product","link":"https:\/\/singuli.wpress.me\/index.php\/proizvod\/silverlit-interaktivna-plisana-igracka\/","title":{"rendered":"SILVERLIT, interaktivna pli\u0161ana igra\u010dka"},"content":{"rendered":"<p>WINKSIES \u2013 Tvoj novi, interaktivni pli\u0161ani prijatelj! <br \/>\nUpoznajte svog novog najboljeg prijatelja \u2013 slatkog pli\u0161anog ljubimca koji je uvijek nasmijan i spreman na igru! Ovaj simpati\u010dni pli\u0161anac ne\u0107e samo biti va\u0161a omiljena igra\u010dka, ve\u0107 \u0107e vas odu\u0161eviti i svojim treptaju\u0107im o\u010dima koje stvarno namiguju! Uz smije\u0161ne zvu\u010dne efekte i veselu glazbu, svaki trenutak s njim postaje prava zabava!<br \/>\nA najbolji dio? Stavite svog pli\u0161anog prijatelja u \u0161alicu u obliku sladoleda i gledajte kako postaje jo\u0161 sla\u0111i i zabavniji! <br \/>\nIzaberite izme\u0111u \u010detiri preslatka lika za sakupljanje: Jagodasti jednorog, Karamelni pas, Keksi Panda i Borovnica ma\u010dka. Svaki od njih donosi svoj jedinstveni \u0161arm, a njihovi zvu\u010dni efekti i vesela melodija garantiraju da se nikad ne\u0107ete dosa\u0111ivati! <br \/>\nUklju\u010dene 3 x AA baterije<br \/>\nDimenzije proizvoda: 20 x 17 x 30 cm (\u0160 x D x V)<br \/>\nDob: 3+god<\/p>\n","protected":false},"excerpt":{"rendered":"<p>Slatki pli\u0161ani ljubimac koji je uvijek nasmijan i spreman na igru<br \/>\nMogu\u0107e izaberati izme\u0111u \u010detiri preslatka lika za sakupljanje<br \/>\nDob: 3+ god<\/p>\n","protected":false},"featured_media":35436,"template":"","meta":{"_seopress_robots_primary_cat":"","_seopress_titles_title":"","_seopress_titles_desc":"","_seopress_robots_index":"","iawp_total_views":0},"product_brand":[744],"product_cat":[221,291],"product_tag":[],"class_list":{"0":"post-35435","1":"product","2":"type-product","3":"status-publish","4":"has-post-thumbnail","6":"product_brand-silverlit","7":"product_cat-igracke","8":"product_cat-igracke-za-djecu-221","10":"first","11":"instock","12":"shipping-taxable","13":"purchasable","14":"product-type-simple"},"_links":{"self":[{"href":"https:\/\/singuli.wpress.me\/index.php\/wp-json\/wp\/v2\/product\/35435","targetHints":{"allow":["GET"]}}],"collection":[{"href":"https:\/\/singuli.wpress.me\/index.php\/wp-json\/wp\/v2\/product"}],"about":[{"href":"https:\/\/singuli.wpress.me\/index.php\/wp-json\/wp\/v2\/types\/product"}],"version-history":[{"count":0,"href":"https:\/\/singuli.wpress.me\/index.php\/wp-json\/wp\/v2\/product\/35435\/revisions"}],"wp:featuredmedia":[{"embeddable":true,"href":"https:\/\/singuli.wpress.me\/index.php\/wp-json\/wp\/v2\/media\/35436"}],"wp:attachment":[{"href":"https:\/\/singuli.wpress.me\/index.php\/wp-json\/wp\/v2\/media?parent=35435"}],"wp:term":[{"taxonomy":"product_brand","embeddable":true,"href":"https:\/\/singuli.wpress.me\/index.php\/wp-json\/wp\/v2\/product_brand?post=35435"},{"taxonomy":"product_cat","embeddable":true,"href":"https:\/\/singuli.wpress.me\/index.php\/wp-json\/wp\/v2\/product_cat?post=35435"},{"taxonomy":"product_tag","embeddable":true,"href":"https:\/\/singuli.wpress.me\/index.php\/wp-json\/wp\/v2\/product_tag?post=35435"}],"curies":[{"name":"wp","href":"https:\/\/api.w.org\/{rel}","templated":true}]}}