{"id":35441,"date":"2026-04-18T01:46:59","date_gmt":"2026-04-18T01:46:59","guid":{"rendered":"https:\/\/singuli.wpress.me\/index.php\/proizvod\/silverlit-interaktivna-igracka-macka\/"},"modified":"2026-04-21T00:26:44","modified_gmt":"2026-04-21T00:26:44","slug":"silverlit-interaktivna-igracka-macka","status":"publish","type":"product","link":"https:\/\/singuli.wpress.me\/index.php\/proizvod\/silverlit-interaktivna-igracka-macka\/","title":{"rendered":"SILVERLIT, interaktivna igra\u010dka, Ma\u010dka"},"content":{"rendered":"<p>Upoznaj MINI PURRS, preslatku interaktivnu ma\u010dku koja o\u017eivljava \u010dim je dodirne\u0161! <br \/>\nKada je pomazi\u0161 po le\u0111ima ili pritisne\u0161 njezin nos, njezine o\u010di \u0107e zasvijetliti, a ona \u0107e ti uzvratiti simpati\u010dnim zvukovima. Jo\u0161 je posebnija jer reagira i na tvoj dah \u2013 dovoljno je da joj lagano puhne\u0161 u lice i vidjet \u0107e\u0161 njezinu neodoljivu reakciju!<br \/>\nOsim \u0161to mo\u017ee svijetliti i ispu\u0161tati zvukove, ova razigrana ma\u010dka mo\u017ee i micati repom. Dovoljno je da podigne\u0161 polugu na donjoj strani i njezin \u0107e se rep ljuljati naprijed-nazad. Njezino mekano i bar\u0161unasto krzno \u010dini je savr\u0161enom za ma\u017eenje, a dolazi u \u010dak \u0161est razli\u010ditih boja i uzoraka, pa mo\u017ee\u0161 odabrati onu koja ti se najvi\u0161e svi\u0111a ili ih sakupiti sve!<br \/>\nMINI PURRS radi na jednoj AAA bateriji (nije uklju\u010dena u pakiranje), a dimenzije ma\u010dke su 21 x 9 x 4 cm. <br \/>\nOva interaktivna igra\u010daka namijenjena je djeci starijoj od tri godine i idealna je za sve male ljubitelje ma\u010daka koji \u017eele svoju vlastitu nje\u017enu i razigranu prijateljicu.<\/p>\n","protected":false},"excerpt":{"rendered":"<p>Osim \u0161to mo\u017ee svijetliti i ispu\u0161tati zvukove, ova razigrana ma\u010dka mo\u017ee i micati repom<br \/>\nIdealna je za sve male ljubitelje ma\u010daka koji \u017eele svoju vlastitu nje\u017enu i razigranu prijateljicu<br \/>\nDob: 3+ god<\/p>\n","protected":false},"featured_media":35442,"template":"","meta":{"_seopress_robots_primary_cat":"","_seopress_titles_title":"","_seopress_titles_desc":"","_seopress_robots_index":"","iawp_total_views":0},"product_brand":[744],"product_cat":[221,291],"product_tag":[],"class_list":{"0":"post-35441","1":"product","2":"type-product","3":"status-publish","4":"has-post-thumbnail","6":"product_brand-silverlit","7":"product_cat-igracke","8":"product_cat-igracke-za-djecu-221","10":"first","11":"instock","12":"shipping-taxable","13":"purchasable","14":"product-type-simple"},"_links":{"self":[{"href":"https:\/\/singuli.wpress.me\/index.php\/wp-json\/wp\/v2\/product\/35441","targetHints":{"allow":["GET"]}}],"collection":[{"href":"https:\/\/singuli.wpress.me\/index.php\/wp-json\/wp\/v2\/product"}],"about":[{"href":"https:\/\/singuli.wpress.me\/index.php\/wp-json\/wp\/v2\/types\/product"}],"version-history":[{"count":0,"href":"https:\/\/singuli.wpress.me\/index.php\/wp-json\/wp\/v2\/product\/35441\/revisions"}],"wp:featuredmedia":[{"embeddable":true,"href":"https:\/\/singuli.wpress.me\/index.php\/wp-json\/wp\/v2\/media\/35442"}],"wp:attachment":[{"href":"https:\/\/singuli.wpress.me\/index.php\/wp-json\/wp\/v2\/media?parent=35441"}],"wp:term":[{"taxonomy":"product_brand","embeddable":true,"href":"https:\/\/singuli.wpress.me\/index.php\/wp-json\/wp\/v2\/product_brand?post=35441"},{"taxonomy":"product_cat","embeddable":true,"href":"https:\/\/singuli.wpress.me\/index.php\/wp-json\/wp\/v2\/product_cat?post=35441"},{"taxonomy":"product_tag","embeddable":true,"href":"https:\/\/singuli.wpress.me\/index.php\/wp-json\/wp\/v2\/product_tag?post=35441"}],"curies":[{"name":"wp","href":"https:\/\/api.w.org\/{rel}","templated":true}]}}