{"id":35447,"date":"2026-04-18T01:47:01","date_gmt":"2026-04-18T01:47:01","guid":{"rendered":"https:\/\/singuli.wpress.me\/index.php\/proizvod\/magic-city-igracka-zabavne-podvale\/"},"modified":"2026-04-20T12:33:15","modified_gmt":"2026-04-20T12:33:15","slug":"magic-city-igracka-zabavne-podvale","status":"publish","type":"product","link":"https:\/\/singuli.wpress.me\/index.php\/proizvod\/magic-city-igracka-zabavne-podvale\/","title":{"rendered":"MAGIC CITY, igra\u010dka, Zabavne podvale"},"content":{"rendered":"<p>Pripremi se za najzabavnije trenutke s prijateljima i obitelji uz Zabavne Podvale Sort! Bilo da \u017eeli\u0161 iznenaditi najbolje prijatelje ili nasmijati cijelu obitelj, ovi genijalni trikovi i podvale garantiraju da \u0107e svi zavr\u0161iti s osmijehom od uha do uha. Savr\u0161eno za ro\u0111endane, izlete, zabave ili \u010dak dosadne trenutke koje treba za\u010diniti \u2013 jer tko ne voli malo dobre, bezazlene zezancije? Uz razli\u010dite vrste podvala, svaka igra postaje posebna avantura prepuna smijeha i veselja. Spremi se na nepredvidive situacije, neo\u010dekivane reakcije i bezbroj smije\u0161nih trenutaka koje \u0107e\u0161 dugo pamtiti! Zabavne Podvale \u2013 najbolji recept za dobru zabavu i nezaboravne uspomene! Dob: 6+<\/p>\n","protected":false},"excerpt":{"rendered":"<p>Osigurajte zabavu i smijeh za djecu (6+) i odrasle, savr\u0161eno za cijelu obitelj<br \/>\nUnesite veselje na ro\u0111endane, zabave, izlete ili jednostavno za\u010dinite svakodnevne trenutke<br \/>\nU\u017eivajte u bezazlenim trikovima i podvalama koje garantiraju osmijeh i nezaboravne uspomene<\/p>\n","protected":false},"featured_media":35448,"template":"","meta":{"_seopress_robots_primary_cat":"","_seopress_titles_title":"","_seopress_titles_desc":"","_seopress_robots_index":"","iawp_total_views":0},"product_brand":[771],"product_cat":[221,291],"product_tag":[],"class_list":{"0":"post-35447","1":"product","2":"type-product","3":"status-publish","4":"has-post-thumbnail","6":"product_brand-magic-city","7":"product_cat-igracke","8":"product_cat-igracke-za-djecu-221","10":"first","11":"instock","12":"shipping-taxable","13":"purchasable","14":"product-type-simple"},"_links":{"self":[{"href":"https:\/\/singuli.wpress.me\/index.php\/wp-json\/wp\/v2\/product\/35447","targetHints":{"allow":["GET"]}}],"collection":[{"href":"https:\/\/singuli.wpress.me\/index.php\/wp-json\/wp\/v2\/product"}],"about":[{"href":"https:\/\/singuli.wpress.me\/index.php\/wp-json\/wp\/v2\/types\/product"}],"version-history":[{"count":0,"href":"https:\/\/singuli.wpress.me\/index.php\/wp-json\/wp\/v2\/product\/35447\/revisions"}],"wp:featuredmedia":[{"embeddable":true,"href":"https:\/\/singuli.wpress.me\/index.php\/wp-json\/wp\/v2\/media\/35448"}],"wp:attachment":[{"href":"https:\/\/singuli.wpress.me\/index.php\/wp-json\/wp\/v2\/media?parent=35447"}],"wp:term":[{"taxonomy":"product_brand","embeddable":true,"href":"https:\/\/singuli.wpress.me\/index.php\/wp-json\/wp\/v2\/product_brand?post=35447"},{"taxonomy":"product_cat","embeddable":true,"href":"https:\/\/singuli.wpress.me\/index.php\/wp-json\/wp\/v2\/product_cat?post=35447"},{"taxonomy":"product_tag","embeddable":true,"href":"https:\/\/singuli.wpress.me\/index.php\/wp-json\/wp\/v2\/product_tag?post=35447"}],"curies":[{"name":"wp","href":"https:\/\/api.w.org\/{rel}","templated":true}]}}