{"id":35463,"date":"2026-04-18T01:47:05","date_gmt":"2026-04-18T01:47:05","guid":{"rendered":"https:\/\/singuli.wpress.me\/index.php\/proizvod\/disney-simba-plisana-igracka\/"},"modified":"2026-04-20T12:33:15","modified_gmt":"2026-04-20T12:33:15","slug":"disney-simba-plisana-igracka","status":"publish","type":"product","link":"https:\/\/singuli.wpress.me\/index.php\/proizvod\/disney-simba-plisana-igracka\/","title":{"rendered":"DISNEY Simba, pli\u0161ana igra\u010dka"},"content":{"rendered":"<p>\n    Disney pli\u0161ana igra\u010dka Simba (Kralj lavova)<\/p>\n<p>\n    Zabavite se s pli\u0161anom igra\u010dkom Simba! Ova velika figura malog Kralja lavova odi\u0161e \u0161armom i veseljem.<\/p>\n<p>\n    Izra\u0111ena od mekanih, visokokvalitetnih materijala, savr\u0161ena je za igru i grljenje. Simba \u0107e postati najbolji prijatelj va\u0161em mali\u0161anu, donose\u0107i uzbu\u0111enje iz Disneyjeve pri\u010de u svaki dom!<\/p>\n","protected":false},"excerpt":{"rendered":"<p>Velika figura Simbe, Kralja lavova<br \/>\nIzra\u0111en od mekanih, visokokvalitetnih materijala<br \/>\nSavr\u0161en za igru i grljenje<\/p>\n","protected":false},"featured_media":35464,"template":"","meta":{"_seopress_robots_primary_cat":"","_seopress_titles_title":"","_seopress_titles_desc":"","_seopress_robots_index":"","iawp_total_views":0},"product_brand":[522],"product_cat":[221,291],"product_tag":[],"class_list":{"0":"post-35463","1":"product","2":"type-product","3":"status-publish","4":"has-post-thumbnail","6":"product_brand-disney","7":"product_cat-igracke","8":"product_cat-igracke-za-djecu-221","10":"first","11":"instock","12":"shipping-taxable","13":"purchasable","14":"product-type-simple"},"_links":{"self":[{"href":"https:\/\/singuli.wpress.me\/index.php\/wp-json\/wp\/v2\/product\/35463","targetHints":{"allow":["GET"]}}],"collection":[{"href":"https:\/\/singuli.wpress.me\/index.php\/wp-json\/wp\/v2\/product"}],"about":[{"href":"https:\/\/singuli.wpress.me\/index.php\/wp-json\/wp\/v2\/types\/product"}],"version-history":[{"count":0,"href":"https:\/\/singuli.wpress.me\/index.php\/wp-json\/wp\/v2\/product\/35463\/revisions"}],"wp:featuredmedia":[{"embeddable":true,"href":"https:\/\/singuli.wpress.me\/index.php\/wp-json\/wp\/v2\/media\/35464"}],"wp:attachment":[{"href":"https:\/\/singuli.wpress.me\/index.php\/wp-json\/wp\/v2\/media?parent=35463"}],"wp:term":[{"taxonomy":"product_brand","embeddable":true,"href":"https:\/\/singuli.wpress.me\/index.php\/wp-json\/wp\/v2\/product_brand?post=35463"},{"taxonomy":"product_cat","embeddable":true,"href":"https:\/\/singuli.wpress.me\/index.php\/wp-json\/wp\/v2\/product_cat?post=35463"},{"taxonomy":"product_tag","embeddable":true,"href":"https:\/\/singuli.wpress.me\/index.php\/wp-json\/wp\/v2\/product_tag?post=35463"}],"curies":[{"name":"wp","href":"https:\/\/api.w.org\/{rel}","templated":true}]}}