{"id":35465,"date":"2026-04-18T01:47:06","date_gmt":"2026-04-18T01:47:06","guid":{"rendered":"https:\/\/singuli.wpress.me\/index.php\/proizvod\/heinz-burger-umak-230-g\/"},"modified":"2026-04-21T00:26:44","modified_gmt":"2026-04-21T00:26:44","slug":"heinz-burger-umak-230-g","status":"publish","type":"product","link":"https:\/\/singuli.wpress.me\/index.php\/proizvod\/heinz-burger-umak-230-g\/","title":{"rendered":"HEINZ Burger, umak, 230\u00a0g"},"content":{"rendered":"<p>Predstavljamo <strong>HEINZ AMERICAN BURGER UMAK<\/strong>, pikantni i kremasti umak savr\u0161en za postizanje autenti\u010dnog ameri\u010dkog okusa u Va\u0161im jelima.<\/p>\n<p>Ovaj umak spaja bogati pire od raj\u010dice (15%), notu luka i osvje\u017eavaju\u0107i **kopar (1,1%)**, stvaraju\u0107i blagu, ali prepoznatljivu pikantnost.<\/p>\n<p>Idealan je dodatak za <strong>hamburgere, hot dogove i sendvi\u010de<\/strong>, daju\u0107i svakom zalogaju so\u010dnost i specifi\u010dan, ugodan okus. Jednostavan za kori\u0161tenje i neodoljiv.<\/p>\n<p><strong>Neto koli\u010dina:<\/strong> 230 g (220 ml).<\/p>\n","protected":false},"excerpt":{"rendered":"<p>Pikantni i kremasti umak<br \/>\nSadr\u017ei raj\u010dicu, luk i kopar<br \/>\nSavr\u0161en za hamburgere i hot dogove<\/p>\n","protected":false},"featured_media":35466,"template":"","meta":{"_seopress_robots_primary_cat":"","_seopress_titles_title":"","_seopress_titles_desc":"","_seopress_robots_index":"","iawp_total_views":0},"product_brand":[395],"product_cat":[266,265,160],"product_tag":[],"class_list":{"0":"post-35465","1":"product","2":"type-product","3":"status-publish","4":"has-post-thumbnail","6":"product_brand-heinz","7":"product_cat-aparati-za-kuhanje-265","8":"product_cat-kuhinjski-aparati-160","9":"product_cat-mali-kucanski-aparati","11":"first","12":"instock","13":"shipping-taxable","14":"purchasable","15":"product-type-simple"},"_links":{"self":[{"href":"https:\/\/singuli.wpress.me\/index.php\/wp-json\/wp\/v2\/product\/35465","targetHints":{"allow":["GET"]}}],"collection":[{"href":"https:\/\/singuli.wpress.me\/index.php\/wp-json\/wp\/v2\/product"}],"about":[{"href":"https:\/\/singuli.wpress.me\/index.php\/wp-json\/wp\/v2\/types\/product"}],"version-history":[{"count":0,"href":"https:\/\/singuli.wpress.me\/index.php\/wp-json\/wp\/v2\/product\/35465\/revisions"}],"wp:featuredmedia":[{"embeddable":true,"href":"https:\/\/singuli.wpress.me\/index.php\/wp-json\/wp\/v2\/media\/35466"}],"wp:attachment":[{"href":"https:\/\/singuli.wpress.me\/index.php\/wp-json\/wp\/v2\/media?parent=35465"}],"wp:term":[{"taxonomy":"product_brand","embeddable":true,"href":"https:\/\/singuli.wpress.me\/index.php\/wp-json\/wp\/v2\/product_brand?post=35465"},{"taxonomy":"product_cat","embeddable":true,"href":"https:\/\/singuli.wpress.me\/index.php\/wp-json\/wp\/v2\/product_cat?post=35465"},{"taxonomy":"product_tag","embeddable":true,"href":"https:\/\/singuli.wpress.me\/index.php\/wp-json\/wp\/v2\/product_tag?post=35465"}],"curies":[{"name":"wp","href":"https:\/\/api.w.org\/{rel}","templated":true}]}}