{"id":35467,"date":"2026-04-18T01:47:06","date_gmt":"2026-04-18T01:47:06","guid":{"rendered":"https:\/\/singuli.wpress.me\/index.php\/proizvod\/lindt-extra-creamy-mlijecna-cokolada-karamela-80-g\/"},"modified":"2026-04-20T12:33:15","modified_gmt":"2026-04-20T12:33:15","slug":"lindt-extra-creamy-mlijecna-cokolada-karamela-80-g","status":"publish","type":"product","link":"https:\/\/singuli.wpress.me\/index.php\/proizvod\/lindt-extra-creamy-mlijecna-cokolada-karamela-80-g\/","title":{"rendered":"LINDT Extra Creamy, mlije\u010dna \u010dokolada, karamela, 80\u00a0g"},"content":{"rendered":"<h3>Mlije\u010dna \u010dokolada s karamelom i morskom soli<\/h3>\n<\/p>\n<p>Prepustite se savr\u0161enoj kombinaciji kremaste mlije\u010dne \u010dokolade, neodoljivih hrskavih komadi\u0107a karamele i fine note morske soli. Ova \u010dokolada donosi sofisticiranu ravnote\u017eu slatkih, slanih i hrskavih nota koje stvaraju nezaboravno iskustvo pri svakom zalogaju.<\/p>\n<p>Pa\u017eljivo izra\u0111ena od najkvalitetnijih sastojaka, ova \u010dokolada s 6% hrskave karamele i 0,3% morske soli idealan je izbor za sve koji tra\u017ee jedinstven i bogat okus. U\u017eivajte u savr\u0161enoj harmoniji tekstura i okusa.<\/p>\n","protected":false},"excerpt":{"rendered":"<p>Kombinacija mlije\u010dne \u010dokolade, hrskave karamele i morske soli<br \/>\nSadr\u017ei 6% hrskavih komadi\u0107a karamele za neodoljiv do\u017eivljaj<br \/>\nFina nota morske soli nagla\u0161ava bogatstvo \u010dokolade i karamele<\/p>\n","protected":false},"featured_media":35468,"template":"","meta":{"_seopress_robots_primary_cat":"","_seopress_titles_title":"","_seopress_titles_desc":"","_seopress_robots_index":"","iawp_total_views":0},"product_brand":[758],"product_cat":[261,277],"product_tag":[],"class_list":{"0":"post-35467","1":"product","2":"type-product","3":"status-publish","4":"has-post-thumbnail","6":"product_brand-lindt","7":"product_cat-hrana-i-pice","8":"product_cat-slatkisi-i-grickalice-261","10":"first","11":"instock","12":"shipping-taxable","13":"purchasable","14":"product-type-simple"},"_links":{"self":[{"href":"https:\/\/singuli.wpress.me\/index.php\/wp-json\/wp\/v2\/product\/35467","targetHints":{"allow":["GET"]}}],"collection":[{"href":"https:\/\/singuli.wpress.me\/index.php\/wp-json\/wp\/v2\/product"}],"about":[{"href":"https:\/\/singuli.wpress.me\/index.php\/wp-json\/wp\/v2\/types\/product"}],"version-history":[{"count":0,"href":"https:\/\/singuli.wpress.me\/index.php\/wp-json\/wp\/v2\/product\/35467\/revisions"}],"wp:featuredmedia":[{"embeddable":true,"href":"https:\/\/singuli.wpress.me\/index.php\/wp-json\/wp\/v2\/media\/35468"}],"wp:attachment":[{"href":"https:\/\/singuli.wpress.me\/index.php\/wp-json\/wp\/v2\/media?parent=35467"}],"wp:term":[{"taxonomy":"product_brand","embeddable":true,"href":"https:\/\/singuli.wpress.me\/index.php\/wp-json\/wp\/v2\/product_brand?post=35467"},{"taxonomy":"product_cat","embeddable":true,"href":"https:\/\/singuli.wpress.me\/index.php\/wp-json\/wp\/v2\/product_cat?post=35467"},{"taxonomy":"product_tag","embeddable":true,"href":"https:\/\/singuli.wpress.me\/index.php\/wp-json\/wp\/v2\/product_tag?post=35467"}],"curies":[{"name":"wp","href":"https:\/\/api.w.org\/{rel}","templated":true}]}}