{"id":35472,"date":"2026-04-18T01:47:07","date_gmt":"2026-04-18T01:47:07","guid":{"rendered":"https:\/\/singuli.wpress.me\/index.php\/proizvod\/heinz-cesnjak-umak-230-g\/"},"modified":"2026-04-20T12:33:15","modified_gmt":"2026-04-20T12:33:15","slug":"heinz-cesnjak-umak-230-g","status":"publish","type":"product","link":"https:\/\/singuli.wpress.me\/index.php\/proizvod\/heinz-cesnjak-umak-230-g\/","title":{"rendered":"HEINZ \u010ce\u0161njak, umak, 230\u00a0g"},"content":{"rendered":"<p>Predstavljamo <strong>HEINZ UMAK S \u010cE\u0160NJAKOM<\/strong> &ndash; ukusno kremasti umak savr\u0161enog balansa okusa. Njegova izrazita aroma \u010de\u0161njaka (5%) oboga\u0107ena je notama za\u010dinskog bilja i svje\u017eim vlascem.<\/p>\n<p>Kremasta tekstura \u010dini ga idealnim partnerom za <strong>pe\u010denu piletinu, so\u010dne odreske<\/strong>, ili kao neizostavni dodatak uz **hrskave krumpiri\u0107e** i gotova jela.<\/p>\n<p>Jednostavno ga dodajte jelima i transformirajte obi\u010dan obrok u kulinarski u\u017eitak.<\/p>\n<p><strong>Neto koli\u010dina:<\/strong> 220 ml.<\/p>\n","protected":false},"excerpt":{"rendered":"<p>Ukusno kremasta tekstura<br \/>\nBogata aroma \u010de\u0161njaka<br \/>\nSavr\u0161en dodatak uz piletinu, odreske i krumpiri\u0107e<\/p>\n","protected":false},"featured_media":35473,"template":"","meta":{"_seopress_robots_primary_cat":"","_seopress_titles_title":"","_seopress_titles_desc":"","_seopress_robots_index":"","iawp_total_views":0},"product_brand":[395],"product_cat":[266,265,160],"product_tag":[],"class_list":{"0":"post-35472","1":"product","2":"type-product","3":"status-publish","4":"has-post-thumbnail","6":"product_brand-heinz","7":"product_cat-aparati-za-kuhanje-265","8":"product_cat-kuhinjski-aparati-160","9":"product_cat-mali-kucanski-aparati","11":"first","12":"instock","13":"shipping-taxable","14":"purchasable","15":"product-type-simple"},"_links":{"self":[{"href":"https:\/\/singuli.wpress.me\/index.php\/wp-json\/wp\/v2\/product\/35472","targetHints":{"allow":["GET"]}}],"collection":[{"href":"https:\/\/singuli.wpress.me\/index.php\/wp-json\/wp\/v2\/product"}],"about":[{"href":"https:\/\/singuli.wpress.me\/index.php\/wp-json\/wp\/v2\/types\/product"}],"version-history":[{"count":0,"href":"https:\/\/singuli.wpress.me\/index.php\/wp-json\/wp\/v2\/product\/35472\/revisions"}],"wp:featuredmedia":[{"embeddable":true,"href":"https:\/\/singuli.wpress.me\/index.php\/wp-json\/wp\/v2\/media\/35473"}],"wp:attachment":[{"href":"https:\/\/singuli.wpress.me\/index.php\/wp-json\/wp\/v2\/media?parent=35472"}],"wp:term":[{"taxonomy":"product_brand","embeddable":true,"href":"https:\/\/singuli.wpress.me\/index.php\/wp-json\/wp\/v2\/product_brand?post=35472"},{"taxonomy":"product_cat","embeddable":true,"href":"https:\/\/singuli.wpress.me\/index.php\/wp-json\/wp\/v2\/product_cat?post=35472"},{"taxonomy":"product_tag","embeddable":true,"href":"https:\/\/singuli.wpress.me\/index.php\/wp-json\/wp\/v2\/product_tag?post=35472"}],"curies":[{"name":"wp","href":"https:\/\/api.w.org\/{rel}","templated":true}]}}