{"id":35474,"date":"2026-04-18T01:47:07","date_gmt":"2026-04-18T01:47:07","guid":{"rendered":"https:\/\/singuli.wpress.me\/index.php\/proizvod\/lindt-extra-creamy-mlijecna-cokolada-tamna-cokolada-80-g\/"},"modified":"2026-04-20T12:33:15","modified_gmt":"2026-04-20T12:33:15","slug":"lindt-extra-creamy-mlijecna-cokolada-tamna-cokolada-80-g","status":"publish","type":"product","link":"https:\/\/singuli.wpress.me\/index.php\/proizvod\/lindt-extra-creamy-mlijecna-cokolada-tamna-cokolada-80-g\/","title":{"rendered":"LINDT Extra Creamy, mlije\u010dna \u010dokolada, tamna \u010dokolada, 80\u00a0g"},"content":{"rendered":"<p>Prepustite se intenzivnom okusu na\u0161e tamne \u010dokolade, savr\u0161eno uravnote\u017eene za istinske ljubitelje kakaa. S minimalno 47% kakaovih dijelova, ova \u010dokolada nudi bogato i sna\u017eno iskustvo koje budi sva osjetila.<\/p>\n<p><\/p>\n<p>Izra\u0111ena od pa\u017eljivo odabranih sastojaka, na\u0161a tamna \u010dokolada pru\u017ea \u010dist i nepomu\u0107en okus. Idealna je za u\u017eivanje u mirnim trenucima, ali i kao savr\u0161en dodatak va\u0161im omiljenim slasticama.<\/p>\n","protected":false},"excerpt":{"rendered":"<p>Sadr\u017ei minimalno 47% kakaovih dijelova za bogat i intenzivan okus<br \/>\nPuna, intenzivna aroma tamne \u010dokolade koja se dugo zadr\u017eava<br \/>\nOsnovni sastojci usmjereni na \u010disti u\u017eitak<\/p>\n","protected":false},"featured_media":35475,"template":"","meta":{"_seopress_robots_primary_cat":"","_seopress_titles_title":"","_seopress_titles_desc":"","_seopress_robots_index":"","iawp_total_views":0},"product_brand":[758],"product_cat":[261,277],"product_tag":[],"class_list":{"0":"post-35474","1":"product","2":"type-product","3":"status-publish","4":"has-post-thumbnail","6":"product_brand-lindt","7":"product_cat-hrana-i-pice","8":"product_cat-slatkisi-i-grickalice-261","10":"first","11":"instock","12":"shipping-taxable","13":"purchasable","14":"product-type-simple"},"_links":{"self":[{"href":"https:\/\/singuli.wpress.me\/index.php\/wp-json\/wp\/v2\/product\/35474","targetHints":{"allow":["GET"]}}],"collection":[{"href":"https:\/\/singuli.wpress.me\/index.php\/wp-json\/wp\/v2\/product"}],"about":[{"href":"https:\/\/singuli.wpress.me\/index.php\/wp-json\/wp\/v2\/types\/product"}],"version-history":[{"count":0,"href":"https:\/\/singuli.wpress.me\/index.php\/wp-json\/wp\/v2\/product\/35474\/revisions"}],"wp:featuredmedia":[{"embeddable":true,"href":"https:\/\/singuli.wpress.me\/index.php\/wp-json\/wp\/v2\/media\/35475"}],"wp:attachment":[{"href":"https:\/\/singuli.wpress.me\/index.php\/wp-json\/wp\/v2\/media?parent=35474"}],"wp:term":[{"taxonomy":"product_brand","embeddable":true,"href":"https:\/\/singuli.wpress.me\/index.php\/wp-json\/wp\/v2\/product_brand?post=35474"},{"taxonomy":"product_cat","embeddable":true,"href":"https:\/\/singuli.wpress.me\/index.php\/wp-json\/wp\/v2\/product_cat?post=35474"},{"taxonomy":"product_tag","embeddable":true,"href":"https:\/\/singuli.wpress.me\/index.php\/wp-json\/wp\/v2\/product_tag?post=35474"}],"curies":[{"name":"wp","href":"https:\/\/api.w.org\/{rel}","templated":true}]}}