{"id":35476,"date":"2026-04-18T01:47:08","date_gmt":"2026-04-18T01:47:08","guid":{"rendered":"https:\/\/singuli.wpress.me\/index.php\/proizvod\/disney-fluffy-mickey-plisana-igracka\/"},"modified":"2026-04-20T12:33:15","modified_gmt":"2026-04-20T12:33:15","slug":"disney-fluffy-mickey-plisana-igracka","status":"publish","type":"product","link":"https:\/\/singuli.wpress.me\/index.php\/proizvod\/disney-fluffy-mickey-plisana-igracka\/","title":{"rendered":"DISNEY Fluffy Mickey, pli\u0161ana igra\u010dka"},"content":{"rendered":"<p>\n    DISNEY Pli\u0161ani Fluffy Mickey Mouse (25 cm)<\/p>\n<p>\n    DISNEY Pli\u0161ani Fluffy Mickey Mouse donosi klasi\u010dnog, omiljenog junaka u mekanom i pahuljastom izdanju!<\/p>\n<p>\n    Sa svojim prepoznatljivim crvenim hla\u010dicama i velikim u\u0161ima, savr\u0161en je za grljenje i igru.<\/p>\n<p>\n    Ova pli\u0161ana igra\u010dka pru\u017ea toplinu i radost svim fanovima Mickey Mousea, bez obzira na godine! Veli\u010dina Mickeya je 25 cm. (Napomena: Veli\u010dina, boje i dekoracije mogu se razlikovati).<\/p>\n","protected":false},"excerpt":{"rendered":"<p>Mekano i pahuljasto Fluffy izdanje klasi\u010dnog Mickey Mousea<br \/>\nIdealna veli\u010dina za grljenje (25 cm)<br \/>\nNamijenjen svim fanovima, bez obzira na godine<\/p>\n","protected":false},"featured_media":35477,"template":"","meta":{"_seopress_robots_primary_cat":"","_seopress_titles_title":"","_seopress_titles_desc":"","_seopress_robots_index":"","iawp_total_views":0},"product_brand":[522],"product_cat":[221,291],"product_tag":[],"class_list":{"0":"post-35476","1":"product","2":"type-product","3":"status-publish","4":"has-post-thumbnail","6":"product_brand-disney","7":"product_cat-igracke","8":"product_cat-igracke-za-djecu-221","10":"first","11":"instock","12":"shipping-taxable","13":"purchasable","14":"product-type-simple"},"_links":{"self":[{"href":"https:\/\/singuli.wpress.me\/index.php\/wp-json\/wp\/v2\/product\/35476","targetHints":{"allow":["GET"]}}],"collection":[{"href":"https:\/\/singuli.wpress.me\/index.php\/wp-json\/wp\/v2\/product"}],"about":[{"href":"https:\/\/singuli.wpress.me\/index.php\/wp-json\/wp\/v2\/types\/product"}],"version-history":[{"count":0,"href":"https:\/\/singuli.wpress.me\/index.php\/wp-json\/wp\/v2\/product\/35476\/revisions"}],"wp:featuredmedia":[{"embeddable":true,"href":"https:\/\/singuli.wpress.me\/index.php\/wp-json\/wp\/v2\/media\/35477"}],"wp:attachment":[{"href":"https:\/\/singuli.wpress.me\/index.php\/wp-json\/wp\/v2\/media?parent=35476"}],"wp:term":[{"taxonomy":"product_brand","embeddable":true,"href":"https:\/\/singuli.wpress.me\/index.php\/wp-json\/wp\/v2\/product_brand?post=35476"},{"taxonomy":"product_cat","embeddable":true,"href":"https:\/\/singuli.wpress.me\/index.php\/wp-json\/wp\/v2\/product_cat?post=35476"},{"taxonomy":"product_tag","embeddable":true,"href":"https:\/\/singuli.wpress.me\/index.php\/wp-json\/wp\/v2\/product_tag?post=35476"}],"curies":[{"name":"wp","href":"https:\/\/api.w.org\/{rel}","templated":true}]}}