{"id":35480,"date":"2026-04-18T01:47:09","date_gmt":"2026-04-18T01:47:09","guid":{"rendered":"https:\/\/singuli.wpress.me\/index.php\/proizvod\/disney-fluffy-minnie-plisana-igracka\/"},"modified":"2026-04-20T12:33:15","modified_gmt":"2026-04-20T12:33:15","slug":"disney-fluffy-minnie-plisana-igracka","status":"publish","type":"product","link":"https:\/\/singuli.wpress.me\/index.php\/proizvod\/disney-fluffy-minnie-plisana-igracka\/","title":{"rendered":"DISNEY Fluffy Minnie, pli\u0161ana igra\u010dka"},"content":{"rendered":"<p>\n    DISNEY Pli\u0161ana Fluffy Minnie (25 cm)<\/p>\n<p>\n    DISNEY Pli\u0161ana Fluffy Minnie donosi \u0161armantnu Minnie Mouse u mekanom i pahuljastom izdanju!<\/p>\n<p>\n    Sa svojom prepoznatljivom ru\u017ei\u010dastom haljinicom i ma\u0161nom, savr\u0161ena je za grljenje i igru.<\/p>\n<p>\n    Ova pli\u0161ana igra\u010dka donosi veselje i toplinu svim ljubiteljima Disney \u010darolije! Veli\u010dina Minnie je 25 cm. (Napomena: Veli\u010dina, boje i dekoracije mogu se razlikovati).<\/p>\n","protected":false},"excerpt":{"rendered":"<p>Mekano i pahuljasto Fluffy izdanje omiljene Minnie Mouse<br \/>\nPrepoznatljiva ru\u017ei\u010dasta haljinica i ma\u0161na<br \/>\nVeli\u010dina 25 cm, idealna za grljenje i igru<\/p>\n","protected":false},"featured_media":35481,"template":"","meta":{"_seopress_robots_primary_cat":"","_seopress_titles_title":"","_seopress_titles_desc":"","_seopress_robots_index":"","iawp_total_views":0},"product_brand":[522],"product_cat":[221,291],"product_tag":[],"class_list":{"0":"post-35480","1":"product","2":"type-product","3":"status-publish","4":"has-post-thumbnail","6":"product_brand-disney","7":"product_cat-igracke","8":"product_cat-igracke-za-djecu-221","10":"first","11":"instock","12":"shipping-taxable","13":"purchasable","14":"product-type-simple"},"_links":{"self":[{"href":"https:\/\/singuli.wpress.me\/index.php\/wp-json\/wp\/v2\/product\/35480","targetHints":{"allow":["GET"]}}],"collection":[{"href":"https:\/\/singuli.wpress.me\/index.php\/wp-json\/wp\/v2\/product"}],"about":[{"href":"https:\/\/singuli.wpress.me\/index.php\/wp-json\/wp\/v2\/types\/product"}],"version-history":[{"count":0,"href":"https:\/\/singuli.wpress.me\/index.php\/wp-json\/wp\/v2\/product\/35480\/revisions"}],"wp:featuredmedia":[{"embeddable":true,"href":"https:\/\/singuli.wpress.me\/index.php\/wp-json\/wp\/v2\/media\/35481"}],"wp:attachment":[{"href":"https:\/\/singuli.wpress.me\/index.php\/wp-json\/wp\/v2\/media?parent=35480"}],"wp:term":[{"taxonomy":"product_brand","embeddable":true,"href":"https:\/\/singuli.wpress.me\/index.php\/wp-json\/wp\/v2\/product_brand?post=35480"},{"taxonomy":"product_cat","embeddable":true,"href":"https:\/\/singuli.wpress.me\/index.php\/wp-json\/wp\/v2\/product_cat?post=35480"},{"taxonomy":"product_tag","embeddable":true,"href":"https:\/\/singuli.wpress.me\/index.php\/wp-json\/wp\/v2\/product_tag?post=35480"}],"curies":[{"name":"wp","href":"https:\/\/api.w.org\/{rel}","templated":true}]}}