{"id":35484,"date":"2026-04-18T01:47:10","date_gmt":"2026-04-18T01:47:10","guid":{"rendered":"https:\/\/singuli.wpress.me\/index.php\/proizvod\/disney-minnie-special-25-c-plisana-igracka\/"},"modified":"2026-04-20T12:33:15","modified_gmt":"2026-04-20T12:33:15","slug":"disney-minnie-special-25-c-plisana-igracka","status":"publish","type":"product","link":"https:\/\/singuli.wpress.me\/index.php\/proizvod\/disney-minnie-special-25-c-plisana-igracka\/","title":{"rendered":"DISNEY Minnie Special 25 c,, pli\u0161ana igra\u010dka"},"content":{"rendered":"<p>\n    Disney pli\u0161ana igra\u010dka Minnie Mouse (25 cm)<\/p>\n<p>\n    U\u017eivajte u \u010daroliji Disneyja s pli\u0161anom igra\u010dkom Minnie Mouse!<\/p>\n<p>\n    Ova simpati\u010dna Minnie savr\u0161ena je za igru i grljenje. Nosi ru\u017ei\u010dastu haljinicu s uzorcima srca i predivnom ma\u0161nicom. Izra\u0111ena je od mekanih materijala \u0161to je \u010dini sigurnom za djecu.<\/p>\n<p>\n    Minnie je idealna prijateljica za ma\u0161tovite avanture! Njezina je veli\u010dina 25 cm. (Napomena: Veli\u010dina, boje i dekoracije mogu se razlikovati).<\/p>\n","protected":false},"excerpt":{"rendered":"<p>Simpati\u010dna Minnie s ru\u017ei\u010dastom haljinicom s uzorcima srca i ma\u0161nicom<br \/>\nIzra\u0111ena od mekanih materijala i sigurna za djecu<br \/>\nVeli\u010dina 25 cm, idealna za grljenje<\/p>\n","protected":false},"featured_media":35485,"template":"","meta":{"_seopress_robots_primary_cat":"","_seopress_titles_title":"","_seopress_titles_desc":"","_seopress_robots_index":"","iawp_total_views":0},"product_brand":[522],"product_cat":[221,291],"product_tag":[],"class_list":{"0":"post-35484","1":"product","2":"type-product","3":"status-publish","4":"has-post-thumbnail","6":"product_brand-disney","7":"product_cat-igracke","8":"product_cat-igracke-za-djecu-221","10":"first","11":"instock","12":"shipping-taxable","13":"purchasable","14":"product-type-simple"},"_links":{"self":[{"href":"https:\/\/singuli.wpress.me\/index.php\/wp-json\/wp\/v2\/product\/35484","targetHints":{"allow":["GET"]}}],"collection":[{"href":"https:\/\/singuli.wpress.me\/index.php\/wp-json\/wp\/v2\/product"}],"about":[{"href":"https:\/\/singuli.wpress.me\/index.php\/wp-json\/wp\/v2\/types\/product"}],"version-history":[{"count":0,"href":"https:\/\/singuli.wpress.me\/index.php\/wp-json\/wp\/v2\/product\/35484\/revisions"}],"wp:featuredmedia":[{"embeddable":true,"href":"https:\/\/singuli.wpress.me\/index.php\/wp-json\/wp\/v2\/media\/35485"}],"wp:attachment":[{"href":"https:\/\/singuli.wpress.me\/index.php\/wp-json\/wp\/v2\/media?parent=35484"}],"wp:term":[{"taxonomy":"product_brand","embeddable":true,"href":"https:\/\/singuli.wpress.me\/index.php\/wp-json\/wp\/v2\/product_brand?post=35484"},{"taxonomy":"product_cat","embeddable":true,"href":"https:\/\/singuli.wpress.me\/index.php\/wp-json\/wp\/v2\/product_cat?post=35484"},{"taxonomy":"product_tag","embeddable":true,"href":"https:\/\/singuli.wpress.me\/index.php\/wp-json\/wp\/v2\/product_tag?post=35484"}],"curies":[{"name":"wp","href":"https:\/\/api.w.org\/{rel}","templated":true}]}}