{"id":35489,"date":"2026-04-18T01:47:11","date_gmt":"2026-04-18T01:47:11","guid":{"rendered":"https:\/\/singuli.wpress.me\/index.php\/proizvod\/universal-gabbys-dollhouse-plisana-igracka\/"},"modified":"2026-04-21T00:26:44","modified_gmt":"2026-04-21T00:26:44","slug":"universal-gabbys-dollhouse-plisana-igracka","status":"publish","type":"product","link":"https:\/\/singuli.wpress.me\/index.php\/proizvod\/universal-gabbys-dollhouse-plisana-igracka\/","title":{"rendered":"UNIVERSAL Gabby&#8217;s Dollhouse, pli\u0161ana igra\u010dka"},"content":{"rendered":"<p>\n    Pli\u0161anci iz Gabine ku\u0107e lutaka (Gabby&#8217;s Dollhouse)<\/p>\n<p>\n    Slatke mace, osebujne vje\u0161tine i \u010darolije \u010dekaju! Pridru\u017eite se ljubiteljici maca Gabi i njezinim prijateljima.<\/p>\n<p>\n    Ovi maleni Gabini prijatelji napravljeni su od mekanog i neodoljivog pli\u0161a. Svi ljubitelji Gabine ku\u0107e lutaka lako \u0107e ih mo\u0107i nositi sa sobom gdje god \u017eele. Savr\u0161eni su suputnici za igru i ma\u017eenje!<\/p>\n","protected":false},"excerpt":{"rendered":"<p>Tematska uloga: Pli\u0161anci temeljeni na seriji Gabina ku\u0107a lutaka (Gabby&#8217;s Dollhouse)<br \/>\nMaterijal: Izra\u0111eni od mekanog i neodoljivog pli\u0161a<br \/>\nPrakti\u010dnost: Malene figure, lako prenosive<\/p>\n","protected":false},"featured_media":35490,"template":"","meta":{"_seopress_robots_primary_cat":"","_seopress_titles_title":"","_seopress_titles_desc":"","_seopress_robots_index":"","iawp_total_views":0},"product_brand":[528],"product_cat":[221,291],"product_tag":[],"class_list":{"0":"post-35489","1":"product","2":"type-product","3":"status-publish","4":"has-post-thumbnail","6":"product_brand-universal","7":"product_cat-igracke","8":"product_cat-igracke-za-djecu-221","10":"first","11":"instock","12":"shipping-taxable","13":"purchasable","14":"product-type-simple"},"_links":{"self":[{"href":"https:\/\/singuli.wpress.me\/index.php\/wp-json\/wp\/v2\/product\/35489","targetHints":{"allow":["GET"]}}],"collection":[{"href":"https:\/\/singuli.wpress.me\/index.php\/wp-json\/wp\/v2\/product"}],"about":[{"href":"https:\/\/singuli.wpress.me\/index.php\/wp-json\/wp\/v2\/types\/product"}],"version-history":[{"count":0,"href":"https:\/\/singuli.wpress.me\/index.php\/wp-json\/wp\/v2\/product\/35489\/revisions"}],"wp:featuredmedia":[{"embeddable":true,"href":"https:\/\/singuli.wpress.me\/index.php\/wp-json\/wp\/v2\/media\/35490"}],"wp:attachment":[{"href":"https:\/\/singuli.wpress.me\/index.php\/wp-json\/wp\/v2\/media?parent=35489"}],"wp:term":[{"taxonomy":"product_brand","embeddable":true,"href":"https:\/\/singuli.wpress.me\/index.php\/wp-json\/wp\/v2\/product_brand?post=35489"},{"taxonomy":"product_cat","embeddable":true,"href":"https:\/\/singuli.wpress.me\/index.php\/wp-json\/wp\/v2\/product_cat?post=35489"},{"taxonomy":"product_tag","embeddable":true,"href":"https:\/\/singuli.wpress.me\/index.php\/wp-json\/wp\/v2\/product_tag?post=35489"}],"curies":[{"name":"wp","href":"https:\/\/api.w.org\/{rel}","templated":true}]}}