{"id":35494,"date":"2026-04-18T01:47:12","date_gmt":"2026-04-18T01:47:12","guid":{"rendered":"https:\/\/singuli.wpress.me\/index.php\/proizvod\/blend-a-dent-plus-krema-za-ucvrscivanje-zubnih-proteza-2x40g\/"},"modified":"2026-04-20T12:33:15","modified_gmt":"2026-04-20T12:33:15","slug":"blend-a-dent-plus-krema-za-ucvrscivanje-zubnih-proteza-2x40g","status":"publish","type":"product","link":"https:\/\/singuli.wpress.me\/index.php\/proizvod\/blend-a-dent-plus-krema-za-ucvrscivanje-zubnih-proteza-2x40g\/","title":{"rendered":"BLEND-A-DENT Plus, krema za u\u010dvr\u0161\u0107ivanje zubnih proteza, 2x40g"},"content":{"rendered":"<p>Bezbri\u017eno u\u017eivajte \u010dak i u tvrdoj hrani zahvaljuju\u0107i snazi premium kreme za u\u010dvr\u0161\u0107ivanje zubnih proteza Blend-a-dent Plus Dual Power, koja pru\u017ea najbolje u\u010dvr\u0161\u0107ivanje unutar Blend-a-dentove linije proizvoda. <\/p>\n<p>Zahvaljuju\u0107i nenadma\u0161noj snazi u\u010dvr\u0161\u0107ivanja i koncentriranoj formuli koja kontinuirano otpu\u0161ta sastojke za u\u010dvr\u0161\u0107ivanje, Blend-a-dent Plus Dual Power jam\u010di da \u0107ete do\u010dekati kraj dana uz izvanrednih 88 % po\u010detne u\u010dvr\u0161\u0107enosti. Tako\u0111er osigurava 10 puta ja\u010de u\u010dvr\u0161\u0107ivanje u usporedbi s no\u0161enjem proteze bez sredstva za u\u010dvr\u0161\u0107ivanje, tako da va\u0161a zubna proteza ostaje \u010dvrsto na mjestu u svakom trenutku, bez obzira na to kakvu hranu jedete. <\/p>\n<p>Opremljena klasi\u010dnim aplikatorom za jednostavno nano\u0161enje, krema Blend-a-dent Plus Dual Power tako\u0111er nema okusa i ne utje\u010de na okus hrane.<\/p>\n","protected":false},"excerpt":{"rendered":"<p>Jaka postojanost do kraja dana<br \/>\nNeutralnog okusa i ne utje\u010de na okus hrane<br \/>\nZa potpune i parcijalne zubne proteze<\/p>\n","protected":false},"featured_media":35495,"template":"","meta":{"_seopress_robots_primary_cat":"","_seopress_titles_title":"","_seopress_titles_desc":"","_seopress_robots_index":"","iawp_total_views":0},"product_brand":[763],"product_cat":[268,309],"product_tag":[],"class_list":{"0":"post-35494","1":"product","2":"type-product","3":"status-publish","4":"has-post-thumbnail","6":"product_brand-blend-a-dent","7":"product_cat-kozmetika-2","8":"product_cat-oralna-higijena-268","10":"first","11":"outofstock","12":"shipping-taxable","13":"purchasable","14":"product-type-simple"},"_links":{"self":[{"href":"https:\/\/singuli.wpress.me\/index.php\/wp-json\/wp\/v2\/product\/35494","targetHints":{"allow":["GET"]}}],"collection":[{"href":"https:\/\/singuli.wpress.me\/index.php\/wp-json\/wp\/v2\/product"}],"about":[{"href":"https:\/\/singuli.wpress.me\/index.php\/wp-json\/wp\/v2\/types\/product"}],"version-history":[{"count":0,"href":"https:\/\/singuli.wpress.me\/index.php\/wp-json\/wp\/v2\/product\/35494\/revisions"}],"wp:featuredmedia":[{"embeddable":true,"href":"https:\/\/singuli.wpress.me\/index.php\/wp-json\/wp\/v2\/media\/35495"}],"wp:attachment":[{"href":"https:\/\/singuli.wpress.me\/index.php\/wp-json\/wp\/v2\/media?parent=35494"}],"wp:term":[{"taxonomy":"product_brand","embeddable":true,"href":"https:\/\/singuli.wpress.me\/index.php\/wp-json\/wp\/v2\/product_brand?post=35494"},{"taxonomy":"product_cat","embeddable":true,"href":"https:\/\/singuli.wpress.me\/index.php\/wp-json\/wp\/v2\/product_cat?post=35494"},{"taxonomy":"product_tag","embeddable":true,"href":"https:\/\/singuli.wpress.me\/index.php\/wp-json\/wp\/v2\/product_tag?post=35494"}],"curies":[{"name":"wp","href":"https:\/\/api.w.org\/{rel}","templated":true}]}}