{"id":35500,"date":"2026-04-18T01:47:14","date_gmt":"2026-04-18T01:47:14","guid":{"rendered":"https:\/\/singuli.wpress.me\/index.php\/proizvod\/heinz-hot-chilli-umak-245-g\/"},"modified":"2026-04-20T12:33:15","modified_gmt":"2026-04-20T12:33:15","slug":"heinz-hot-chilli-umak-245-g","status":"publish","type":"product","link":"https:\/\/singuli.wpress.me\/index.php\/proizvod\/heinz-hot-chilli-umak-245-g\/","title":{"rendered":"HEINZ Hot Chilli, umak, 245\u00a0g"},"content":{"rendered":"<p>Otkrijte <strong>HEINZ HOT CHILI SAUCE<\/strong> &ndash; Heinzovu originalnu recepturu oboga\u0107enu savr\u0161enom dozom pikantnog dodira za sve koji tra\u017ee istan\u010daniji i \u017eivahniji okus.<\/p>\n<p>Ovaj ljuti umak ima bogatu bazu od <strong>pire od raj\u010dice (48%), crvene paprike, luka i \u010de\u0161njaka<\/strong>, uz pa\u017eljivo dozirani miks ljutine koji dolazi od **\u010dili papri\u010dice (0,5%) i jalape\u00f1o papri\u010dice (0,1%)**.<\/p>\n<p>Odli\u010dno pristaje uz <strong>crveno meso, nachose i tortilje<\/strong>, pru\u017eaju\u0107i Va\u0161im jelima toplu i intenzivnu notu.<\/p>\n<p><strong>Neto koli\u010dina:<\/strong> 245 g (220 ml).<\/p>\n","protected":false},"excerpt":{"rendered":"<p>Originalna Heinz receptura s pikantnim obratom<br \/>\nSavr\u0161ena doza ljutine od \u010dili i jalapeno papri\u010dica<br \/>\nIdealno uz crveno meso, nachose i tortilje<\/p>\n","protected":false},"featured_media":35501,"template":"","meta":{"_seopress_robots_primary_cat":"","_seopress_titles_title":"","_seopress_titles_desc":"","_seopress_robots_index":"","iawp_total_views":0},"product_brand":[395],"product_cat":[266,265,160],"product_tag":[],"class_list":{"0":"post-35500","1":"product","2":"type-product","3":"status-publish","4":"has-post-thumbnail","6":"product_brand-heinz","7":"product_cat-aparati-za-kuhanje-265","8":"product_cat-kuhinjski-aparati-160","9":"product_cat-mali-kucanski-aparati","11":"first","12":"instock","13":"shipping-taxable","14":"purchasable","15":"product-type-simple"},"_links":{"self":[{"href":"https:\/\/singuli.wpress.me\/index.php\/wp-json\/wp\/v2\/product\/35500","targetHints":{"allow":["GET"]}}],"collection":[{"href":"https:\/\/singuli.wpress.me\/index.php\/wp-json\/wp\/v2\/product"}],"about":[{"href":"https:\/\/singuli.wpress.me\/index.php\/wp-json\/wp\/v2\/types\/product"}],"version-history":[{"count":0,"href":"https:\/\/singuli.wpress.me\/index.php\/wp-json\/wp\/v2\/product\/35500\/revisions"}],"wp:featuredmedia":[{"embeddable":true,"href":"https:\/\/singuli.wpress.me\/index.php\/wp-json\/wp\/v2\/media\/35501"}],"wp:attachment":[{"href":"https:\/\/singuli.wpress.me\/index.php\/wp-json\/wp\/v2\/media?parent=35500"}],"wp:term":[{"taxonomy":"product_brand","embeddable":true,"href":"https:\/\/singuli.wpress.me\/index.php\/wp-json\/wp\/v2\/product_brand?post=35500"},{"taxonomy":"product_cat","embeddable":true,"href":"https:\/\/singuli.wpress.me\/index.php\/wp-json\/wp\/v2\/product_cat?post=35500"},{"taxonomy":"product_tag","embeddable":true,"href":"https:\/\/singuli.wpress.me\/index.php\/wp-json\/wp\/v2\/product_tag?post=35500"}],"curies":[{"name":"wp","href":"https:\/\/api.w.org\/{rel}","templated":true}]}}