{"id":35502,"date":"2026-04-18T01:47:14","date_gmt":"2026-04-18T01:47:14","guid":{"rendered":"https:\/\/singuli.wpress.me\/index.php\/proizvod\/lavazza-300-classy-mini-eco-aparat-za-kavu\/"},"modified":"2026-04-20T12:33:15","modified_gmt":"2026-04-20T12:33:15","slug":"lavazza-300-classy-mini-eco-aparat-za-kavu","status":"publish","type":"product","link":"https:\/\/singuli.wpress.me\/index.php\/proizvod\/lavazza-300-classy-mini-eco-aparat-za-kavu\/","title":{"rendered":"LAVAZZA 300 Classy Mini Eco, aparat za kavu"},"content":{"rendered":"<p>Kompaktni aparat za kavu<span style=\"font-weight: bold\"> \u0161irine samo 13 cm<\/span>, savr\u0161en za svaku kuhinju ili uredski prostor. Omogu\u0107uje pripremu<span style=\"font-weight: bold\"> klasi\u010dnog espressa<\/span> ili <span style=\"font-weight: bold\">dugog espressa<\/span> prema va\u0161im \u017eeljama. Zagrijava se u svega 28 sekundi, a spremnik za iskori\u0161tene kapsule prima do 5 kapsula. Opremljen je indikatorima za prazan spremnik vode i puni spremnik s kapsulama, \u0161to olak\u0161ava odr\u017eavanje. Duljina kabela iznosi 0,8 m. <\/p>\n<p><span style=\"font-weight: bold\">Prakti\u010dan, u\u010dinkovit i elegantan izbor za ljubitelje Lavazza kave.<\/span><\/p>\n<p><span style=\"font-weight: bold\">Tehni\u010dke specifikacije:<\/span><\/p>\n<p>&#8211; Kompatibilan s <span style=\"font-weight: bold\">Lavazza kapsulama Blue<\/span><\/p>\n<p>&#8211; <span style=\"font-weight: bold\">Vrijeme zagrijavanja:<\/span> 28 sekundi<\/p>\n<p>&#8211;<span style=\"font-weight: bold\"> Kapacitet spremnika za iskori\u0161tene kapsule:<\/span> 5 komada<\/p>\n<p>&#8211; <span style=\"font-weight: bold\">Spremnik za iskori\u0161tene kapsule<\/span> s jednostavnim pra\u017enjenjem<\/p>\n<p>&#8211; <span style=\"font-weight: bold\">Upozorenje za prazan spremnik za vodu<\/span><\/p>\n<p>&#8211; <span style=\"font-weight: bold\">Upozorenje za puni spremnik s kapsulama<\/span><\/p>\n<p>&#8211; <span style=\"font-weight: bold\">Duljina kabela:<\/span> 0,8 m<\/p>\n","protected":false},"excerpt":{"rendered":"<p>Kompaktni aparat za kavu \u0161irine samo 13 cm, savr\u0161en za svaku kuhinju ili uredski prostor. Omogu\u0107uje pripremu klasi\u010dnog espressa ili<\/p>\n","protected":false},"featured_media":35503,"template":"","meta":{"_seopress_robots_primary_cat":"","_seopress_titles_title":"","_seopress_titles_desc":"","_seopress_robots_index":"","iawp_total_views":0},"product_brand":[393],"product_cat":[266,265,160],"product_tag":[],"class_list":{"0":"post-35502","1":"product","2":"type-product","3":"status-publish","4":"has-post-thumbnail","6":"product_brand-lavazza","7":"product_cat-aparati-za-kuhanje-265","8":"product_cat-kuhinjski-aparati-160","9":"product_cat-mali-kucanski-aparati","11":"first","12":"instock","13":"shipping-taxable","14":"purchasable","15":"product-type-simple"},"_links":{"self":[{"href":"https:\/\/singuli.wpress.me\/index.php\/wp-json\/wp\/v2\/product\/35502","targetHints":{"allow":["GET"]}}],"collection":[{"href":"https:\/\/singuli.wpress.me\/index.php\/wp-json\/wp\/v2\/product"}],"about":[{"href":"https:\/\/singuli.wpress.me\/index.php\/wp-json\/wp\/v2\/types\/product"}],"version-history":[{"count":0,"href":"https:\/\/singuli.wpress.me\/index.php\/wp-json\/wp\/v2\/product\/35502\/revisions"}],"wp:featuredmedia":[{"embeddable":true,"href":"https:\/\/singuli.wpress.me\/index.php\/wp-json\/wp\/v2\/media\/35503"}],"wp:attachment":[{"href":"https:\/\/singuli.wpress.me\/index.php\/wp-json\/wp\/v2\/media?parent=35502"}],"wp:term":[{"taxonomy":"product_brand","embeddable":true,"href":"https:\/\/singuli.wpress.me\/index.php\/wp-json\/wp\/v2\/product_brand?post=35502"},{"taxonomy":"product_cat","embeddable":true,"href":"https:\/\/singuli.wpress.me\/index.php\/wp-json\/wp\/v2\/product_cat?post=35502"},{"taxonomy":"product_tag","embeddable":true,"href":"https:\/\/singuli.wpress.me\/index.php\/wp-json\/wp\/v2\/product_tag?post=35502"}],"curies":[{"name":"wp","href":"https:\/\/api.w.org\/{rel}","templated":true}]}}