{"id":35516,"date":"2026-04-18T01:47:24","date_gmt":"2026-04-18T01:47:24","guid":{"rendered":"https:\/\/singuli.wpress.me\/index.php\/proizvod\/thomasfriends-greatest-moment-motorizirani-vlakic\/"},"modified":"2026-04-20T12:33:15","modified_gmt":"2026-04-20T12:33:15","slug":"thomasfriends-greatest-moment-motorizirani-vlakic","status":"publish","type":"product","link":"https:\/\/singuli.wpress.me\/index.php\/proizvod\/thomasfriends-greatest-moment-motorizirani-vlakic\/","title":{"rendered":"THOMAS&amp;FRIENDS Greatest Moment, motorizirani vlaki\u0107"},"content":{"rendered":"<p>Proslavite veliku 80. godi\u0161njicu omiljenog vlaki\u0107a uz posebnu seriju Greatest Moments! Ova kolekcija o\u017eivljava nezaboravne trenutke i likove kroz motorizirane plasti\u010dne vlakove klasi\u010dne estetike. Svaki set uklju\u010duje putni\u010dke vagone ili tendere, a magija po\u010dinje jednostavnim pritiskom na prekida\u010d na vrhu, nakon \u010dega lokomotiva samostalno kre\u0107e u pustolovinu po tra\u010dnicama. Zahvaljuju\u0107i univerzalnim plasti\u010dnim spojnicama, vlakove mo\u017eete lako povezati s drugim vozilima i vagonima iz Push Along ili motoriziranih serija.<\/p>\n","protected":false},"excerpt":{"rendered":"<p>Jednostavan prekida\u010d na vrhu omogu\u0107uje vlaku da samostalno putuje po tra\u010dnicama<br \/>\nOdgovara svim Thomas &amp; Friends tra\u010dnicama (osim Wood verzije) te se povezuje s ostalim lokomotivama i vagonima<br \/>\nPosebna Greatest Moments kolekcija u \u010dast 80. godi\u0161njice Thomasa s uklju\u010denim vagonima ili tenderima<\/p>\n","protected":false},"featured_media":35517,"template":"","meta":{"_seopress_robots_primary_cat":"","_seopress_titles_title":"","_seopress_titles_desc":"","_seopress_robots_index":"","iawp_total_views":0},"product_brand":[773],"product_cat":[221,263],"product_tag":[],"class_list":{"0":"post-35516","1":"product","2":"type-product","3":"status-publish","4":"has-post-thumbnail","6":"product_brand-thomasfriends","7":"product_cat-igracke","8":"product_cat-tematske-igracke-221","10":"first","11":"instock","12":"shipping-taxable","13":"purchasable","14":"product-type-simple"},"_links":{"self":[{"href":"https:\/\/singuli.wpress.me\/index.php\/wp-json\/wp\/v2\/product\/35516","targetHints":{"allow":["GET"]}}],"collection":[{"href":"https:\/\/singuli.wpress.me\/index.php\/wp-json\/wp\/v2\/product"}],"about":[{"href":"https:\/\/singuli.wpress.me\/index.php\/wp-json\/wp\/v2\/types\/product"}],"version-history":[{"count":0,"href":"https:\/\/singuli.wpress.me\/index.php\/wp-json\/wp\/v2\/product\/35516\/revisions"}],"wp:featuredmedia":[{"embeddable":true,"href":"https:\/\/singuli.wpress.me\/index.php\/wp-json\/wp\/v2\/media\/35517"}],"wp:attachment":[{"href":"https:\/\/singuli.wpress.me\/index.php\/wp-json\/wp\/v2\/media?parent=35516"}],"wp:term":[{"taxonomy":"product_brand","embeddable":true,"href":"https:\/\/singuli.wpress.me\/index.php\/wp-json\/wp\/v2\/product_brand?post=35516"},{"taxonomy":"product_cat","embeddable":true,"href":"https:\/\/singuli.wpress.me\/index.php\/wp-json\/wp\/v2\/product_cat?post=35516"},{"taxonomy":"product_tag","embeddable":true,"href":"https:\/\/singuli.wpress.me\/index.php\/wp-json\/wp\/v2\/product_tag?post=35516"}],"curies":[{"name":"wp","href":"https:\/\/api.w.org\/{rel}","templated":true}]}}