{"id":35546,"date":"2026-04-18T01:47:54","date_gmt":"2026-04-18T01:47:54","guid":{"rendered":"https:\/\/singuli.wpress.me\/index.php\/proizvod\/domo-do8124-samostojeci-ventilator-digitalni\/"},"modified":"2026-04-20T12:33:15","modified_gmt":"2026-04-20T12:33:15","slug":"domo-do8124-samostojeci-ventilator-digitalni","status":"publish","type":"product","link":"https:\/\/singuli.wpress.me\/index.php\/proizvod\/domo-do8124-samostojeci-ventilator-digitalni\/","title":{"rendered":"DOMO DO8124\u00a0, samostoje\u0107i ventilator, digitalni"},"content":{"rendered":"<p>Tih, sna\u017ean i elegantan ljetni saveznik<br \/>\n<span style=\"font-weight: bold\">DO8124 Domo stolni ventilator<\/span> donosi suvremeno rje\u0161enje za hla\u0111enje prostora \u2013 s iznimnom u\u010dinkovito\u0161\u0107u, tihim radom i modernim dizajnom. Kombinira pametne funkcije i daljinsko upravljanje za savr\u0161eno ljetno osvje\u017eenje uz maksimalnu udobnost.<\/p>\n<p><span style=\"font-weight: bold\">Karakteristike:<\/span><br \/>\n<span style=\"font-weight: bold\">&#8211; Tri brzine i razli\u010diti na\u010dini rada<\/span><br \/>\nVentilator nudi tri razine brzine protoka zraka s maksimalnom brzinom do 7,5 m\/s. Osim klasi\u010dnog na\u010dina rada, tu su i:<br \/>\n<span style=\"font-weight: bold\">&#8211; Prirodni povjetarac<\/span> \u2013 imitira prirodni hladan lahor<br \/>\n<span style=\"font-weight: bold\">&#8211; No\u0107ni na\u010din<\/span> \u2013 posebno tih rad za miran san<br \/>\n<span style=\"font-weight: bold\">&#8211; Moderna izvedba s funkcijom oscilacije<\/span><br \/>\nVisina od 96 cm omogu\u0107uje optimalnu raspodjelu zraka po prostoriji, dok funkcija oscilacije dodatno pove\u0107ava domet i ravnomjernost hla\u0111enja. Zahvaljuju\u0107i tankom dizajnu idealan je i za manje prostore.<br \/>\n<span style=\"font-weight: bold\">&#8211; Pametni timer i LED zaslon<\/span><br \/>\nUgra\u0111eni timer do 7,5 sati omogu\u0107uje automatsko isklju\u010divanje prema va\u0161im \u017eeljama \u2013 savr\u0161eno za no\u0107nu upotrebu ili kada niste kod ku\u0107e. LED zaslon jasno prikazuje odabrane postavke i omogu\u0107uje jednostavno pra\u0107enje rada ure\u0111aja.<br \/>\n<span style=\"font-weight: bold\">&#8211; Udobno upravljanje daljinskim upravlja\u010dem<\/span><br \/>\nUz daljinski upravlja\u010d s uklju\u010denom baterijom, sve postavke mo\u017eete mijenjati bez ustajanja \u2013 iz udobnosti kau\u010da, fotelje ili kreveta.<\/p>\n<p><span style=\"font-weight: bold\">Tehni\u010dke specifikacije:<\/span><br \/>\nTip: stolni (toranjski) ventilator<br \/>\nBrzine: 3 (do 7,5 m\/s)<br \/>\nNa\u010dini rada: standardni, prirodni povjetarac, no\u0107ni na\u010din<br \/>\nVisina: 96 cm<br \/>\nOscilacija: Da<br \/>\nTimer: do 7,5 sati<br \/>\nLED zaslon: Da<br \/>\nDaljinski upravlja\u010d: Da (baterija uklju\u010dena)<br \/>\nJamstvo: 2 godine<\/p>\n","protected":false},"excerpt":{"rendered":"<p>3 na\u010dina rada i 3 brzine za prilagodljivo i tiho hla\u0111enje<br \/>\nLED zaslon i daljinski upravlja\u010d za potpunu kontrolu na daljinu<br \/>\nElegantnog, vitkog dizajna s funkcijom oscilacije za optimalan protok zraka<\/p>\n","protected":false},"featured_media":35547,"template":"","meta":{"_seopress_robots_primary_cat":"","_seopress_titles_title":"","_seopress_titles_desc":"","_seopress_robots_index":"","iawp_total_views":0},"product_brand":[255],"product_cat":[184,160],"product_tag":[],"class_list":{"0":"post-35546","1":"product","2":"type-product","3":"status-publish","4":"has-post-thumbnail","6":"product_brand-domo","7":"product_cat-kvaliteta-zraka-i-grijanje","8":"product_cat-mali-kucanski-aparati","10":"first","11":"outofstock","12":"shipping-taxable","13":"purchasable","14":"product-type-simple"},"_links":{"self":[{"href":"https:\/\/singuli.wpress.me\/index.php\/wp-json\/wp\/v2\/product\/35546","targetHints":{"allow":["GET"]}}],"collection":[{"href":"https:\/\/singuli.wpress.me\/index.php\/wp-json\/wp\/v2\/product"}],"about":[{"href":"https:\/\/singuli.wpress.me\/index.php\/wp-json\/wp\/v2\/types\/product"}],"version-history":[{"count":0,"href":"https:\/\/singuli.wpress.me\/index.php\/wp-json\/wp\/v2\/product\/35546\/revisions"}],"wp:featuredmedia":[{"embeddable":true,"href":"https:\/\/singuli.wpress.me\/index.php\/wp-json\/wp\/v2\/media\/35547"}],"wp:attachment":[{"href":"https:\/\/singuli.wpress.me\/index.php\/wp-json\/wp\/v2\/media?parent=35546"}],"wp:term":[{"taxonomy":"product_brand","embeddable":true,"href":"https:\/\/singuli.wpress.me\/index.php\/wp-json\/wp\/v2\/product_brand?post=35546"},{"taxonomy":"product_cat","embeddable":true,"href":"https:\/\/singuli.wpress.me\/index.php\/wp-json\/wp\/v2\/product_cat?post=35546"},{"taxonomy":"product_tag","embeddable":true,"href":"https:\/\/singuli.wpress.me\/index.php\/wp-json\/wp\/v2\/product_tag?post=35546"}],"curies":[{"name":"wp","href":"https:\/\/api.w.org\/{rel}","templated":true}]}}