{"id":35552,"date":"2026-04-18T01:47:58","date_gmt":"2026-04-18T01:47:58","guid":{"rendered":"https:\/\/singuli.wpress.me\/index.php\/proizvod\/domo-do8148-stolni-ventilator-rotacijski\/"},"modified":"2026-04-20T12:33:15","modified_gmt":"2026-04-20T12:33:15","slug":"domo-do8148-stolni-ventilator-rotacijski","status":"publish","type":"product","link":"https:\/\/singuli.wpress.me\/index.php\/proizvod\/domo-do8148-stolni-ventilator-rotacijski\/","title":{"rendered":"DOMO DO8148, stolni ventilator, rotacijski"},"content":{"rendered":"<p>Kompaktan turbo cirkulator zraka za sva godi\u0161nja doba<br \/>\n<span style=\"font-weight: bold\">DO8148 Domo stolni ventilator<\/span> savr\u0161eno je rje\u0161enje za sve koji tra\u017ee kompaktan, ali iznimno sna\u017ean ure\u0111aj za kru\u017eenje zraka tijekom cijele godine. Njegov aerodinami\u010dan turbo dizajn omogu\u0107uje brzo i ravnomjerno raspore\u0111ivanje zraka u prostoru \u2013 za hla\u0111enje ljeti i u\u010dinkovitije grijanje zimi.<\/p>\n<p><span style=\"font-weight: bold\">Karakteristike:<\/span><br \/>\n<span style=\"font-weight: bold\">&#8211; Turbo snaga za maksimalnu cirkulaciju zraka<\/span><br \/>\nS protokom zraka od 450 m\u00b3\/h i brzinom puhanja do 7 m\/s, ovaj ventilator posti\u017ee domet do 20 metara. Idealan je za u\u010dinkovitu raspodjelu hladnog ili toplog zraka u ve\u0107im prostorijama.<br \/>\n<span style=\"font-weight: bold\">&#8211; 3 brzine i 3 na\u010dina rada za potpunu udobnost<\/span><br \/>\nDO8148 nudi tri razine brzine i tri na\u010dina rada \u2013 standardni, prirodni povjetarac i no\u0107ni na\u010din za ti\u0161i rad tijekom spavanja. Tako mo\u017eete prilagoditi protok zraka prema svom dnevnom ritmu ili raspolo\u017eenju.<br \/>\n<span style=\"font-weight: bold\">&#8211; 360\u00b0 oscilacija i 90\u00b0 nagib za potpuno pokrivanje prostora<\/span><br \/>\nZahvaljuju\u0107i 360\u00b0 oscilaciji i 90\u00b0 nagibu glave, ventilator ravnomjerno raspore\u0111uje zrak po cijeloj prostoriji. Bez obzira gdje sjedite ili spavate, protok zraka bit \u0107e ugodan i osvje\u017eavaju\u0107i.<br \/>\n<span style=\"font-weight: bold\">&#8211; Tih rad i pametne funkcije<\/span><br \/>\nS razinom buke od 35 do 55 dB, ventilator radi izuzetno tiho, \u0161to ga \u010dini idealnim za radne prostore, razgovor ili no\u0107ni odmor. Opremljen je indikatorskim lampicama i daljinskim upravlja\u010dem za jednostavno upravljanje na daljinu. Timer omogu\u0107uje automatsko isklju\u010divanje do 8 sati.<\/p>\n","protected":false},"excerpt":{"rendered":"<p>Turbo snaga s dometom do 20 m za brzo kru\u017eenje hladnog ili toplog zraka<br \/>\n360\u00b0 oscilacija i 90\u00b0 nagib za potpuno pokrivanje prostora<br \/>\nUklju\u010den daljinski upravlja\u010d<\/p>\n","protected":false},"featured_media":35553,"template":"","meta":{"_seopress_robots_primary_cat":"","_seopress_titles_title":"","_seopress_titles_desc":"","_seopress_robots_index":"","iawp_total_views":0},"product_brand":[255],"product_cat":[184,160],"product_tag":[],"class_list":{"0":"post-35552","1":"product","2":"type-product","3":"status-publish","4":"has-post-thumbnail","6":"product_brand-domo","7":"product_cat-kvaliteta-zraka-i-grijanje","8":"product_cat-mali-kucanski-aparati","10":"first","11":"outofstock","12":"shipping-taxable","13":"purchasable","14":"product-type-simple"},"_links":{"self":[{"href":"https:\/\/singuli.wpress.me\/index.php\/wp-json\/wp\/v2\/product\/35552","targetHints":{"allow":["GET"]}}],"collection":[{"href":"https:\/\/singuli.wpress.me\/index.php\/wp-json\/wp\/v2\/product"}],"about":[{"href":"https:\/\/singuli.wpress.me\/index.php\/wp-json\/wp\/v2\/types\/product"}],"version-history":[{"count":0,"href":"https:\/\/singuli.wpress.me\/index.php\/wp-json\/wp\/v2\/product\/35552\/revisions"}],"wp:featuredmedia":[{"embeddable":true,"href":"https:\/\/singuli.wpress.me\/index.php\/wp-json\/wp\/v2\/media\/35553"}],"wp:attachment":[{"href":"https:\/\/singuli.wpress.me\/index.php\/wp-json\/wp\/v2\/media?parent=35552"}],"wp:term":[{"taxonomy":"product_brand","embeddable":true,"href":"https:\/\/singuli.wpress.me\/index.php\/wp-json\/wp\/v2\/product_brand?post=35552"},{"taxonomy":"product_cat","embeddable":true,"href":"https:\/\/singuli.wpress.me\/index.php\/wp-json\/wp\/v2\/product_cat?post=35552"},{"taxonomy":"product_tag","embeddable":true,"href":"https:\/\/singuli.wpress.me\/index.php\/wp-json\/wp\/v2\/product_tag?post=35552"}],"curies":[{"name":"wp","href":"https:\/\/api.w.org\/{rel}","templated":true}]}}