{"id":35597,"date":"2026-04-18T01:48:34","date_gmt":"2026-04-18T01:48:34","guid":{"rendered":"https:\/\/singuli.wpress.me\/index.php\/proizvod\/lavazza-ledena-kava-cappuccino-250-ml\/"},"modified":"2026-04-20T12:33:15","modified_gmt":"2026-04-20T12:33:15","slug":"lavazza-ledena-kava-cappuccino-250-ml","status":"publish","type":"product","link":"https:\/\/singuli.wpress.me\/index.php\/proizvod\/lavazza-ledena-kava-cappuccino-250-ml\/","title":{"rendered":"LAVAZZA, ledena kava, Cappuccino, 250\u00a0ml"},"content":{"rendered":"<p>Savr\u0161en balans \u010dokolanih nota i kave, bar\u0161unast i kremast<br \/>\nSastav: 100% Arabica<\/p>\n<p>Dobro izbalansirani sastojci, ugodan i dugotrajan okus kave bez stabilizatora<\/p>\n","protected":false},"excerpt":{"rendered":"<p>100% Arabica<br \/>\nDobro izbalansirani sastojci<br \/>\nUgodan i dugotrajan okus kave bez stabilizatora<\/p>\n","protected":false},"featured_media":35598,"template":"","meta":{"_seopress_robots_primary_cat":"","_seopress_titles_title":"","_seopress_titles_desc":"","_seopress_robots_index":"","iawp_total_views":0},"product_brand":[393],"product_cat":[261,275],"product_tag":[],"class_list":{"0":"post-35597","1":"product","2":"type-product","3":"status-publish","4":"has-post-thumbnail","6":"product_brand-lavazza","7":"product_cat-hrana-i-pice","8":"product_cat-kava-i-cajevi-261","10":"first","11":"outofstock","12":"shipping-taxable","13":"purchasable","14":"product-type-simple"},"_links":{"self":[{"href":"https:\/\/singuli.wpress.me\/index.php\/wp-json\/wp\/v2\/product\/35597","targetHints":{"allow":["GET"]}}],"collection":[{"href":"https:\/\/singuli.wpress.me\/index.php\/wp-json\/wp\/v2\/product"}],"about":[{"href":"https:\/\/singuli.wpress.me\/index.php\/wp-json\/wp\/v2\/types\/product"}],"version-history":[{"count":0,"href":"https:\/\/singuli.wpress.me\/index.php\/wp-json\/wp\/v2\/product\/35597\/revisions"}],"wp:featuredmedia":[{"embeddable":true,"href":"https:\/\/singuli.wpress.me\/index.php\/wp-json\/wp\/v2\/media\/35598"}],"wp:attachment":[{"href":"https:\/\/singuli.wpress.me\/index.php\/wp-json\/wp\/v2\/media?parent=35597"}],"wp:term":[{"taxonomy":"product_brand","embeddable":true,"href":"https:\/\/singuli.wpress.me\/index.php\/wp-json\/wp\/v2\/product_brand?post=35597"},{"taxonomy":"product_cat","embeddable":true,"href":"https:\/\/singuli.wpress.me\/index.php\/wp-json\/wp\/v2\/product_cat?post=35597"},{"taxonomy":"product_tag","embeddable":true,"href":"https:\/\/singuli.wpress.me\/index.php\/wp-json\/wp\/v2\/product_tag?post=35597"}],"curies":[{"name":"wp","href":"https:\/\/api.w.org\/{rel}","templated":true}]}}