{"id":35599,"date":"2026-04-18T01:48:35","date_gmt":"2026-04-18T01:48:35","guid":{"rendered":"https:\/\/singuli.wpress.me\/index.php\/proizvod\/always-platinum-secure-night-extra-higijenski-ulosci-16-kom\/"},"modified":"2026-04-20T12:33:15","modified_gmt":"2026-04-20T12:33:15","slug":"always-platinum-secure-night-extra-higijenski-ulosci-16-kom","status":"publish","type":"product","link":"https:\/\/singuli.wpress.me\/index.php\/proizvod\/always-platinum-secure-night-extra-higijenski-ulosci-16-kom\/","title":{"rendered":"ALWAYS Platinum Secure Night Extra, higijenski ulo\u0161ci, 16\u00a0kom"},"content":{"rendered":"<p>Ulo\u0161ci s iznimno mekanim za\u0161titnim povr\u0161inskim slojem za nevjerojatnu udobnost i za\u0161titu od propu\u0161tanja. Tehnologija InstantDry za dodatnu udobnost.  Mekan i fleksibilan dizajn koji se prilago\u0111ava va\u0161em tijelu. 85% \u0161iri i du\u017ei stra\u017enji dio* za dodatnu za\u0161titu tamo gdje vam je najpotrebnija. *U usporedbi s ulo\u0161cima Platinum veli\u010dine 1.  Ulo\u0161ci Always Platinum s iznimno mekanim za\u0161titnim povr\u0161inskim slojem osmi\u0161ljeni su kako bi sprije\u010dili propu\u0161tanje, \u010dvrsto prianjali za donje rublje i pru\u017eili optimalnu udobnost. Uz ulo\u0161ke Always Platinum ne\u0107ete trebati brinuti o mjese\u010dnici. Always Platinum Secure Night Extra (veli\u010dina 5) preporu\u010duje se za upotrebu tijekom no\u0107i. Ima 85% \u0161iri i du\u017ei stra\u017enji dio* za dodatnu za\u0161titu od propu\u0161tanja. *U usporedbi s ulo\u0161cima Platinum veli\u010dine 1. Isprobajte Always Platinum Super Extra (veli\u010dina 3) za za\u0161titu tijekom mjese\u010dnice.<\/p>\n","protected":false},"excerpt":{"rendered":"<p>Always Platinum s peterostrukom za\u0161titom, sada jo\u0161 mek\u0161i<br \/>\n5 puta mek\u0161i u usporedbi s dosada\u0161njim proizvodom<br \/>\nTehnologija InstantDry brzo upija i odr\u017eava suho\u0107u za dodatnu udobnost<\/p>\n","protected":false},"featured_media":35600,"template":"","meta":{"_seopress_robots_primary_cat":"","_seopress_titles_title":"","_seopress_titles_desc":"","_seopress_robots_index":"","iawp_total_views":0},"product_brand":[449],"product_cat":[211,288],"product_tag":[],"class_list":{"0":"post-35599","1":"product","2":"type-product","3":"status-publish","4":"has-post-thumbnail","6":"product_brand-always","7":"product_cat-njega-majke-i-djeteta","8":"product_cat-zenska-higijena-211","10":"first","11":"outofstock","12":"shipping-taxable","13":"purchasable","14":"product-type-simple"},"_links":{"self":[{"href":"https:\/\/singuli.wpress.me\/index.php\/wp-json\/wp\/v2\/product\/35599","targetHints":{"allow":["GET"]}}],"collection":[{"href":"https:\/\/singuli.wpress.me\/index.php\/wp-json\/wp\/v2\/product"}],"about":[{"href":"https:\/\/singuli.wpress.me\/index.php\/wp-json\/wp\/v2\/types\/product"}],"version-history":[{"count":0,"href":"https:\/\/singuli.wpress.me\/index.php\/wp-json\/wp\/v2\/product\/35599\/revisions"}],"wp:featuredmedia":[{"embeddable":true,"href":"https:\/\/singuli.wpress.me\/index.php\/wp-json\/wp\/v2\/media\/35600"}],"wp:attachment":[{"href":"https:\/\/singuli.wpress.me\/index.php\/wp-json\/wp\/v2\/media?parent=35599"}],"wp:term":[{"taxonomy":"product_brand","embeddable":true,"href":"https:\/\/singuli.wpress.me\/index.php\/wp-json\/wp\/v2\/product_brand?post=35599"},{"taxonomy":"product_cat","embeddable":true,"href":"https:\/\/singuli.wpress.me\/index.php\/wp-json\/wp\/v2\/product_cat?post=35599"},{"taxonomy":"product_tag","embeddable":true,"href":"https:\/\/singuli.wpress.me\/index.php\/wp-json\/wp\/v2\/product_tag?post=35599"}],"curies":[{"name":"wp","href":"https:\/\/api.w.org\/{rel}","templated":true}]}}