{"id":35607,"date":"2026-04-18T01:48:38","date_gmt":"2026-04-18T01:48:38","guid":{"rendered":"https:\/\/singuli.wpress.me\/index.php\/proizvod\/always-platinum-super-extra-higijenski-ulosci-36-kom\/"},"modified":"2026-04-20T12:33:15","modified_gmt":"2026-04-20T12:33:15","slug":"always-platinum-super-extra-higijenski-ulosci-36-kom","status":"publish","type":"product","link":"https:\/\/singuli.wpress.me\/index.php\/proizvod\/always-platinum-super-extra-higijenski-ulosci-36-kom\/","title":{"rendered":"ALWAYS Platinum Super Extra, higijenski ulo\u0161ci, 36\u00a0kom"},"content":{"rendered":"<p>Ulo\u0161ci s iznimno mekanim za\u0161titnim povr\u0161inskim slojem za nevjerojatnu udobnost i za\u0161titu od propu\u0161tanja. Krilca ComfortLock oblikovana su tako da izvrsno prianjaju za sve vrste donjeg rublja. Always Platinum Normal (veli\u010dina 1) s krilcima preporu\u010duje se za dnevnu upotrebu ako imate slabu mjese\u010dnicu. Isprobajte Always Platinum Secure Night (veli\u010dina 4), najbolje ulo\u0161ke za za\u0161titu tijekom no\u0107i iz linije Always Platinum. Mekan i fleksibilan dizajn koji se prilago\u0111ava va\u0161em tijelu.  Ulo\u0161ci Always Platinum s iznimno mekanim za\u0161titnim povr\u0161inskim slojem osmi\u0161ljeni su kako bi sprije\u010dili propu\u0161tanje, \u010dvrsto prianjali za donje rublje i pru\u017eili optimalnu udobnost. Uz ulo\u0161ke Always Platinum ne\u0107ete trebati brinuti o mjese\u010dnici. Always Platinum Super Extra (veli\u010dina 3) s krilcima preporu\u010duje se za dnevnu upotrebu ako imate umjereno obilnu do obilnu mjese\u010dnicu. Isprobajte Always Platinum Secure Night Extra (veli\u010dina 5), najbolje ulo\u0161ke za za\u0161titu tijekom no\u0107i iz linije Always Platinum.<\/p>\n","protected":false},"excerpt":{"rendered":"<p>Always Platinum s peterostrukom za\u0161titom, sada jo\u0161 mek\u0161i* *ulo\u0161ci imaju 5 zna\u010dajki koje pru\u017eaju za\u0161titu i mek\u0161i su u usporedbi s dosada\u0161njim ulo\u0161cima Always Platinum<br \/>\nZa\u0161titni povr\u0161inski sloj osmi\u0161ljen za nevjerojatnu udobnost i za\u0161titu od propu\u0161tanja<br \/>\nKrilca ComfortLock oblikovana su tako da izvrsno prianjaju za donje rublje i lak\u0161e se skidaju<\/p>\n","protected":false},"featured_media":35608,"template":"","meta":{"_seopress_robots_primary_cat":"","_seopress_titles_title":"","_seopress_titles_desc":"","_seopress_robots_index":"","iawp_total_views":0},"product_brand":[449],"product_cat":[211,288],"product_tag":[],"class_list":{"0":"post-35607","1":"product","2":"type-product","3":"status-publish","4":"has-post-thumbnail","6":"product_brand-always","7":"product_cat-njega-majke-i-djeteta","8":"product_cat-zenska-higijena-211","10":"first","11":"outofstock","12":"shipping-taxable","13":"purchasable","14":"product-type-simple"},"_links":{"self":[{"href":"https:\/\/singuli.wpress.me\/index.php\/wp-json\/wp\/v2\/product\/35607","targetHints":{"allow":["GET"]}}],"collection":[{"href":"https:\/\/singuli.wpress.me\/index.php\/wp-json\/wp\/v2\/product"}],"about":[{"href":"https:\/\/singuli.wpress.me\/index.php\/wp-json\/wp\/v2\/types\/product"}],"version-history":[{"count":0,"href":"https:\/\/singuli.wpress.me\/index.php\/wp-json\/wp\/v2\/product\/35607\/revisions"}],"wp:featuredmedia":[{"embeddable":true,"href":"https:\/\/singuli.wpress.me\/index.php\/wp-json\/wp\/v2\/media\/35608"}],"wp:attachment":[{"href":"https:\/\/singuli.wpress.me\/index.php\/wp-json\/wp\/v2\/media?parent=35607"}],"wp:term":[{"taxonomy":"product_brand","embeddable":true,"href":"https:\/\/singuli.wpress.me\/index.php\/wp-json\/wp\/v2\/product_brand?post=35607"},{"taxonomy":"product_cat","embeddable":true,"href":"https:\/\/singuli.wpress.me\/index.php\/wp-json\/wp\/v2\/product_cat?post=35607"},{"taxonomy":"product_tag","embeddable":true,"href":"https:\/\/singuli.wpress.me\/index.php\/wp-json\/wp\/v2\/product_tag?post=35607"}],"curies":[{"name":"wp","href":"https:\/\/api.w.org\/{rel}","templated":true}]}}