{"id":35623,"date":"2026-04-18T01:48:53","date_gmt":"2026-04-18T01:48:53","guid":{"rendered":"https:\/\/singuli.wpress.me\/index.php\/proizvod\/always-ultra-day-night-higijenski-ulosci-28-kom\/"},"modified":"2026-04-20T12:33:15","modified_gmt":"2026-04-20T12:33:15","slug":"always-ultra-day-night-higijenski-ulosci-28-kom","status":"publish","type":"product","link":"https:\/\/singuli.wpress.me\/index.php\/proizvod\/always-ultra-day-night-higijenski-ulosci-28-kom\/","title":{"rendered":"ALWAYS Ultra Day &amp; Night, higijenski ulo\u0161ci, 28\u00a0kom"},"content":{"rendered":"<p>Nemojte se zadovoljiti s manje od trostruke za\u0161tite: higijenski ulo\u0161ci Always Ultra Day &amp; Night (veli\u010dina 3) s krilcima, zahvaljuju\u0107i najnaprednijoj tehnologiji, stvaraju svestrani ulo\u017eak s funkcijom trostruke za\u0161tite danju i no\u0107u. Sustav InstantDry omogu\u0107uje teku\u0107ina koja se upija u samo nekoliko sekundi i zadr\u017eava vla\u017enost dalje od va\u0161e ko\u017ee. Tehnologija LeakGuard zadr\u017eava teku\u0107inu i poma\u017ee sprije\u010diti curenje. Jastu\u010di\u0107i tako\u0111er imaju tehnologiju OdourLock koja neutralizira neugodne mirise kako biste se osje\u0107ali svje\u017ee i \u010disto tijekom menstruacije. Always Ultra ulo\u0161ci, osje\u0107at \u0107ete se samopouzdano cijeli dan. Uvijek zahtijevajte najbolje &#8211; nabavite trostruku za\u0161titu s Always ulo\u0161cima, dermatolo\u0161ki odobrenim od Skin Health Alliance.<\/p>\n<p>Prona\u0111ite ulo\u017eak koji vam najbolje pristaje uz sustav prilago\u0111enih veli\u010dina Always My Fit, koji vam poma\u017ee prona\u0107i najbolju za\u0161titu za Always mjese\u010dnicu, prilago\u0111enu va\u0161oj veli\u010dini protoka i ga\u0107ica.<\/p>\n<p>&#8211; Super upijaju\u0107a jezgra s InstantDry sustavom koja upija teku\u0107inu u nekoliko sekundi i dr\u017ei je podalje od ko\u017ee.<br \/>\n&#8211; Tehnologija LeakGuard zadr\u017eava teku\u0107inu i poma\u017ee u sprje\u010davanju curenja.<br \/>\n&#8211; Tehnologija Odourlock neutralizira neugodne mirise kako biste se tijekom mjese\u010dnice osje\u0107ali svje\u017ee i \u010disto.<br \/>\n&#8211; Higijenski ulo\u0161ci su dermatolo\u0161ki testirani nje\u017eni prema va\u0161oj ko\u017ei.<br \/>\n&#8211; Wings \u0107e dr\u017eati va\u0161 higijenski ulo\u017eak na mjestu za udobnu i pouzdanu za\u0161titu.<\/p>\n<p>Upozorenje: Kako biste izbjegli opasnost od gu\u0161enja, dr\u017eite svu ambala\u017eu podalje od dojen\u010dadi i djece.<\/p>\n<p>Nemojte pu\u0161tati vodu u WC \u0161koljku. \u010cuvati na hladnom i suhom mjestu.<\/p>\n","protected":false},"excerpt":{"rendered":"<p>Super upijaju\u0107a jezgra.<br \/>\nS krilima koja poma\u017eu da ulo\u017eak ostane na mjestu.<br \/>\nDermatolo\u0161ki provjereno.<\/p>\n","protected":false},"featured_media":35624,"template":"","meta":{"_seopress_robots_primary_cat":"","_seopress_titles_title":"","_seopress_titles_desc":"","_seopress_robots_index":"","iawp_total_views":0},"product_brand":[449],"product_cat":[211,288],"product_tag":[],"class_list":{"0":"post-35623","1":"product","2":"type-product","3":"status-publish","4":"has-post-thumbnail","6":"product_brand-always","7":"product_cat-njega-majke-i-djeteta","8":"product_cat-zenska-higijena-211","10":"first","11":"instock","12":"shipping-taxable","13":"purchasable","14":"product-type-simple"},"_links":{"self":[{"href":"https:\/\/singuli.wpress.me\/index.php\/wp-json\/wp\/v2\/product\/35623","targetHints":{"allow":["GET"]}}],"collection":[{"href":"https:\/\/singuli.wpress.me\/index.php\/wp-json\/wp\/v2\/product"}],"about":[{"href":"https:\/\/singuli.wpress.me\/index.php\/wp-json\/wp\/v2\/types\/product"}],"version-history":[{"count":0,"href":"https:\/\/singuli.wpress.me\/index.php\/wp-json\/wp\/v2\/product\/35623\/revisions"}],"wp:featuredmedia":[{"embeddable":true,"href":"https:\/\/singuli.wpress.me\/index.php\/wp-json\/wp\/v2\/media\/35624"}],"wp:attachment":[{"href":"https:\/\/singuli.wpress.me\/index.php\/wp-json\/wp\/v2\/media?parent=35623"}],"wp:term":[{"taxonomy":"product_brand","embeddable":true,"href":"https:\/\/singuli.wpress.me\/index.php\/wp-json\/wp\/v2\/product_brand?post=35623"},{"taxonomy":"product_cat","embeddable":true,"href":"https:\/\/singuli.wpress.me\/index.php\/wp-json\/wp\/v2\/product_cat?post=35623"},{"taxonomy":"product_tag","embeddable":true,"href":"https:\/\/singuli.wpress.me\/index.php\/wp-json\/wp\/v2\/product_tag?post=35623"}],"curies":[{"name":"wp","href":"https:\/\/api.w.org\/{rel}","templated":true}]}}