{"id":35635,"date":"2026-04-18T01:48:58","date_gmt":"2026-04-18T01:48:58","guid":{"rendered":"https:\/\/singuli.wpress.me\/index.php\/proizvod\/braun-serija-7-7560-brijaci-aparat\/"},"modified":"2026-04-20T12:33:15","modified_gmt":"2026-04-20T12:33:15","slug":"braun-serija-7-7560-brijaci-aparat","status":"publish","type":"product","link":"https:\/\/singuli.wpress.me\/index.php\/proizvod\/braun-serija-7-7560-brijaci-aparat\/","title":{"rendered":"BRAUN SERIJA 7 7560, brija\u0107i aparat"},"content":{"rendered":"<p>\n    Braunov 13-u-1 multifunkcionalni komplet za mu\u0161karce (svemirski siva metalik)<\/p>\n<p>\n    Braunov najbolji multifunkcionalni komplet za mu\u0161karce 13-u-1 omogu\u0107uje lako i jednostavno podrezivanje dla\u010dica na licu, u nosu i u u\u0161ima, \u0161i\u0161anje kose te ure\u0111ivanje dla\u010dica na cijelom tijelu.<\/p>\n<p>\n    Postignite izuzetnu preciznost na svakom tipu brade zahvaljuju\u0107i izuzetno o\u0161troj o\u0161trici ProBlade i tehnologiji AutoSense. Glava PrecisionShave stvorena je da pru\u017ei precizno brijanje i savr\u0161ene linije. Mo\u017eete birati izme\u0111u \u010dak 14 duljina za personalizirano oblikovanje.<\/p>\n<p>\n    Komplet uklju\u010duje i Trimer SkinGuard za tijelo koji smanjuje mogu\u0107nost posjekotina.<\/p>\n<p>\n    Dr\u0161ka AquaGrip pru\u017ea potpunu kontrolu pod vodom. Ovaj je aparat vodootporan, stvoren da traje, a ima litij-ionsku bateriju koja omogu\u0107uje do 120 minuta rada.<\/p>\n<p>\n    Ovo je Braunovo najbolje rje\u0161enje za profesionalno i 100% lako ure\u0111ivanje dla\u010dica. Dolazi u elegantnoj svemirski sivoj metalik boji.<\/p>\n","protected":false},"excerpt":{"rendered":"<p>Multifunkcionalnost 13-u-1 za cjelovito ure\u0111ivanje tijela, lica i kose.<br \/>\nIzuzetna preciznost uz o\u0161tricu ProBlade i tehnologiju AutoSense.<br \/>\n00% vodootporan s dr\u0161kom AquaGrip i 120 minuta rada litij-ionske baterije.<\/p>\n","protected":false},"featured_media":35636,"template":"","meta":{"_seopress_robots_primary_cat":"","_seopress_titles_title":"","_seopress_titles_desc":"","_seopress_robots_index":"","iawp_total_views":0},"product_brand":[144],"product_cat":[280,192,279],"product_tag":[],"class_list":{"0":"post-35635","1":"product","2":"type-product","3":"status-publish","4":"has-post-thumbnail","6":"product_brand-braun","7":"product_cat-aparati-za-muskarce-279","8":"product_cat-aparati-za-osobnu-njegu","9":"product_cat-brijanje-i-sisanje-192","11":"first","12":"instock","13":"shipping-taxable","14":"purchasable","15":"product-type-simple"},"_links":{"self":[{"href":"https:\/\/singuli.wpress.me\/index.php\/wp-json\/wp\/v2\/product\/35635","targetHints":{"allow":["GET"]}}],"collection":[{"href":"https:\/\/singuli.wpress.me\/index.php\/wp-json\/wp\/v2\/product"}],"about":[{"href":"https:\/\/singuli.wpress.me\/index.php\/wp-json\/wp\/v2\/types\/product"}],"version-history":[{"count":0,"href":"https:\/\/singuli.wpress.me\/index.php\/wp-json\/wp\/v2\/product\/35635\/revisions"}],"wp:featuredmedia":[{"embeddable":true,"href":"https:\/\/singuli.wpress.me\/index.php\/wp-json\/wp\/v2\/media\/35636"}],"wp:attachment":[{"href":"https:\/\/singuli.wpress.me\/index.php\/wp-json\/wp\/v2\/media?parent=35635"}],"wp:term":[{"taxonomy":"product_brand","embeddable":true,"href":"https:\/\/singuli.wpress.me\/index.php\/wp-json\/wp\/v2\/product_brand?post=35635"},{"taxonomy":"product_cat","embeddable":true,"href":"https:\/\/singuli.wpress.me\/index.php\/wp-json\/wp\/v2\/product_cat?post=35635"},{"taxonomy":"product_tag","embeddable":true,"href":"https:\/\/singuli.wpress.me\/index.php\/wp-json\/wp\/v2\/product_tag?post=35635"}],"curies":[{"name":"wp","href":"https:\/\/api.w.org\/{rel}","templated":true}]}}