{"id":35641,"date":"2026-04-18T01:49:00","date_gmt":"2026-04-18T01:49:00","guid":{"rendered":"https:\/\/singuli.wpress.me\/index.php\/proizvod\/braun-series-7-7540-all-in-one-11u1-multigroomer\/"},"modified":"2026-04-20T12:33:15","modified_gmt":"2026-04-20T12:33:15","slug":"braun-series-7-7540-all-in-one-11u1-multigroomer","status":"publish","type":"product","link":"https:\/\/singuli.wpress.me\/index.php\/proizvod\/braun-series-7-7540-all-in-one-11u1-multigroomer\/","title":{"rendered":"BRAUN Series 7 7540 All-In-One 11u1, multigroomer"},"content":{"rendered":"<p><span style=\"font-weight: bold\">Braunov najbolji multifunkcionalni komplet za mu\u0161karce 11-u-1<\/span> omogu\u0107uje lako i jednostavno podrezivanje dla\u010dica na licu, u nosu i u u\u0161ima, \u0161i\u0161anje kose te ure\u0111ivanje dla\u010dica na cijelom tijelu. Izuzetno o\u0161tra o\u0161trica ProBlade i tehnologija AutoSense omogu\u0107uju izuzetnu preciznost na svakom tipu brade. Glava PrecisionShave stvorena je da pru\u017ei precizno brijanje i savr\u0161ene linije. Mo\u017eete birati izme\u0111u 14 duljina, a dr\u0161ka AquaGrip pru\u017ea vam potpunu kontrolu pod vodom. AIO7540 dolazi u tamnoplavoj metalik boji, stvoren je da traje, vodootporan je i ima litij-ionsku bateriju koja omogu\u0107uje do 120 minuta rada.<\/p>\n","protected":false},"excerpt":{"rendered":"<p>Vrhunska preciznost s ProBlade o\u0161tricom i AutoSense tehnologijom<br \/>\n13-u-1 s 14 duljina i glavom PrecisionShave za oblikovanje<br \/>\nVodootporan, s AquaGrip dr\u0161kom i 120 min be\u017ei\u010dnog rada<\/p>\n","protected":false},"featured_media":35642,"template":"","meta":{"_seopress_robots_primary_cat":"","_seopress_titles_title":"","_seopress_titles_desc":"","_seopress_robots_index":"","iawp_total_views":0},"product_brand":[144],"product_cat":[280,192,279],"product_tag":[],"class_list":{"0":"post-35641","1":"product","2":"type-product","3":"status-publish","4":"has-post-thumbnail","6":"product_brand-braun","7":"product_cat-aparati-za-muskarce-279","8":"product_cat-aparati-za-osobnu-njegu","9":"product_cat-brijanje-i-sisanje-192","11":"first","12":"instock","13":"shipping-taxable","14":"purchasable","15":"product-type-simple"},"_links":{"self":[{"href":"https:\/\/singuli.wpress.me\/index.php\/wp-json\/wp\/v2\/product\/35641","targetHints":{"allow":["GET"]}}],"collection":[{"href":"https:\/\/singuli.wpress.me\/index.php\/wp-json\/wp\/v2\/product"}],"about":[{"href":"https:\/\/singuli.wpress.me\/index.php\/wp-json\/wp\/v2\/types\/product"}],"version-history":[{"count":0,"href":"https:\/\/singuli.wpress.me\/index.php\/wp-json\/wp\/v2\/product\/35641\/revisions"}],"wp:featuredmedia":[{"embeddable":true,"href":"https:\/\/singuli.wpress.me\/index.php\/wp-json\/wp\/v2\/media\/35642"}],"wp:attachment":[{"href":"https:\/\/singuli.wpress.me\/index.php\/wp-json\/wp\/v2\/media?parent=35641"}],"wp:term":[{"taxonomy":"product_brand","embeddable":true,"href":"https:\/\/singuli.wpress.me\/index.php\/wp-json\/wp\/v2\/product_brand?post=35641"},{"taxonomy":"product_cat","embeddable":true,"href":"https:\/\/singuli.wpress.me\/index.php\/wp-json\/wp\/v2\/product_cat?post=35641"},{"taxonomy":"product_tag","embeddable":true,"href":"https:\/\/singuli.wpress.me\/index.php\/wp-json\/wp\/v2\/product_tag?post=35641"}],"curies":[{"name":"wp","href":"https:\/\/api.w.org\/{rel}","templated":true}]}}