{"id":35665,"date":"2026-04-18T01:49:12","date_gmt":"2026-04-18T01:49:12","guid":{"rendered":"https:\/\/singuli.wpress.me\/index.php\/proizvod\/braun-series-3-3500-all-in-one-4u1-multigroomer\/"},"modified":"2026-04-20T12:33:15","modified_gmt":"2026-04-20T12:33:15","slug":"braun-series-3-3500-all-in-one-4u1-multigroomer","status":"publish","type":"product","link":"https:\/\/singuli.wpress.me\/index.php\/proizvod\/braun-series-3-3500-all-in-one-4u1-multigroomer\/","title":{"rendered":"BRAUN Series 3 3500 All-In-One 4u1, multigroomer"},"content":{"rendered":"<p><span style=\"font-weight: bold\">Braunov multifunkcionalni 4-u-1 komplet mu\u0161karcima<\/span> omogu\u0107uje lako i jednostavno ure\u0111ivanje dla\u010dica na licu i frizure. Iznimno o\u0161tra o\u0161trica osigurava brzo i u\u010dinkovito, ali i ugodno i precizno podrezivanje. Mo\u017eete birati izme\u0111u 14 duljina pa je potpuna kontrola u va\u0161im rukama. U kompletu dobivate perive glave i \u010de\u0161lji\u0107e te \u010detkicu za brzo i lako \u010di\u0161\u0107enje ure\u0111aja. AIO3500 dolazi u sivoj boji, stvoren je da traje i ima bateriju koja omogu\u0107uje 50 minuta rada.<\/p>\n","protected":false},"excerpt":{"rendered":"<p>Izuzetno o\u0161tra o\u0161trica za precizno i ugodno podrezivanje<br \/>\n14 duljina podrezivanja (3\u201321 mm) za potpunu kontrolu<br \/>\n50 minuta be\u017ei\u010dnog rada, lako \u010di\u0161\u0107enje perivim glavama<\/p>\n","protected":false},"featured_media":35666,"template":"","meta":{"_seopress_robots_primary_cat":"","_seopress_titles_title":"","_seopress_titles_desc":"","_seopress_robots_index":"","iawp_total_views":0},"product_brand":[144],"product_cat":[280,192,279],"product_tag":[],"class_list":{"0":"post-35665","1":"product","2":"type-product","3":"status-publish","4":"has-post-thumbnail","6":"product_brand-braun","7":"product_cat-aparati-za-muskarce-279","8":"product_cat-aparati-za-osobnu-njegu","9":"product_cat-brijanje-i-sisanje-192","11":"first","12":"instock","13":"shipping-taxable","14":"purchasable","15":"product-type-simple"},"_links":{"self":[{"href":"https:\/\/singuli.wpress.me\/index.php\/wp-json\/wp\/v2\/product\/35665","targetHints":{"allow":["GET"]}}],"collection":[{"href":"https:\/\/singuli.wpress.me\/index.php\/wp-json\/wp\/v2\/product"}],"about":[{"href":"https:\/\/singuli.wpress.me\/index.php\/wp-json\/wp\/v2\/types\/product"}],"version-history":[{"count":0,"href":"https:\/\/singuli.wpress.me\/index.php\/wp-json\/wp\/v2\/product\/35665\/revisions"}],"wp:featuredmedia":[{"embeddable":true,"href":"https:\/\/singuli.wpress.me\/index.php\/wp-json\/wp\/v2\/media\/35666"}],"wp:attachment":[{"href":"https:\/\/singuli.wpress.me\/index.php\/wp-json\/wp\/v2\/media?parent=35665"}],"wp:term":[{"taxonomy":"product_brand","embeddable":true,"href":"https:\/\/singuli.wpress.me\/index.php\/wp-json\/wp\/v2\/product_brand?post=35665"},{"taxonomy":"product_cat","embeddable":true,"href":"https:\/\/singuli.wpress.me\/index.php\/wp-json\/wp\/v2\/product_cat?post=35665"},{"taxonomy":"product_tag","embeddable":true,"href":"https:\/\/singuli.wpress.me\/index.php\/wp-json\/wp\/v2\/product_tag?post=35665"}],"curies":[{"name":"wp","href":"https:\/\/api.w.org\/{rel}","templated":true}]}}