{"id":35669,"date":"2026-04-18T01:49:13","date_gmt":"2026-04-18T01:49:13","guid":{"rendered":"https:\/\/singuli.wpress.me\/index.php\/proizvod\/braun-bt9520-7-trimer-za-bradu\/"},"modified":"2026-04-20T12:33:15","modified_gmt":"2026-04-20T12:33:15","slug":"braun-bt9520-7-trimer-za-bradu","status":"publish","type":"product","link":"https:\/\/singuli.wpress.me\/index.php\/proizvod\/braun-bt9520-7-trimer-za-bradu\/","title":{"rendered":"BRAUN BT9520 +7, trimer za bradu"},"content":{"rendered":"<p>Braunov najbolji trimer za bradu, <span style=\"font-weight: bold\">Beard Trimmer Series 9<\/span> osmi\u0161ljen je za profesionalnu preciznost i maksimalnu u\u010dinkovitost. Dodatni na\u010din rada PowerBoost poma\u017ee vam da se uhvatite uko\u0161tac \u010dak i s najgu\u0161\u0107im bradama, dok tehnologija AutoSense omogu\u0107uje besprijekornu ujedna\u010denost pri svakom potezu. Izuzetno o\u0161tra o\u0161trica ProBlade hvata i zahtjevne dla\u010dice, dok zaklju\u010davanje preciznog kota\u010di\u0107a s 50 postavki duljine u koracima po 0,25 mm pru\u017ea vrhunsku kontrolu. Ovaj vrhunski trimer nudi svestrani izbor alata za podrezivanje, brijanje, ure\u0111ivanje rubova ili detalja, kako biste mogli dobiti savr\u0161ene linije, stanjivanje i zavr\u0161no dotjerivanje.<\/p>\n","protected":false},"excerpt":{"rendered":"<p>Profesionalna preciznost i 100% kontrola pri svakom potezu<br \/>\nProBlade o\u0161trica i AutoSense tehnologija za savr\u0161eno podrezivanje<br \/>\n50 postavki duljine i do 180 minuta be\u017ei\u010dnog rada<\/p>\n","protected":false},"featured_media":35670,"template":"","meta":{"_seopress_robots_primary_cat":"","_seopress_titles_title":"","_seopress_titles_desc":"","_seopress_robots_index":"","iawp_total_views":0},"product_brand":[144],"product_cat":[280,192,279],"product_tag":[],"class_list":{"0":"post-35669","1":"product","2":"type-product","3":"status-publish","4":"has-post-thumbnail","6":"product_brand-braun","7":"product_cat-aparati-za-muskarce-279","8":"product_cat-aparati-za-osobnu-njegu","9":"product_cat-brijanje-i-sisanje-192","11":"first","12":"instock","13":"shipping-taxable","14":"purchasable","15":"product-type-simple"},"_links":{"self":[{"href":"https:\/\/singuli.wpress.me\/index.php\/wp-json\/wp\/v2\/product\/35669","targetHints":{"allow":["GET"]}}],"collection":[{"href":"https:\/\/singuli.wpress.me\/index.php\/wp-json\/wp\/v2\/product"}],"about":[{"href":"https:\/\/singuli.wpress.me\/index.php\/wp-json\/wp\/v2\/types\/product"}],"version-history":[{"count":0,"href":"https:\/\/singuli.wpress.me\/index.php\/wp-json\/wp\/v2\/product\/35669\/revisions"}],"wp:featuredmedia":[{"embeddable":true,"href":"https:\/\/singuli.wpress.me\/index.php\/wp-json\/wp\/v2\/media\/35670"}],"wp:attachment":[{"href":"https:\/\/singuli.wpress.me\/index.php\/wp-json\/wp\/v2\/media?parent=35669"}],"wp:term":[{"taxonomy":"product_brand","embeddable":true,"href":"https:\/\/singuli.wpress.me\/index.php\/wp-json\/wp\/v2\/product_brand?post=35669"},{"taxonomy":"product_cat","embeddable":true,"href":"https:\/\/singuli.wpress.me\/index.php\/wp-json\/wp\/v2\/product_cat?post=35669"},{"taxonomy":"product_tag","embeddable":true,"href":"https:\/\/singuli.wpress.me\/index.php\/wp-json\/wp\/v2\/product_tag?post=35669"}],"curies":[{"name":"wp","href":"https:\/\/api.w.org\/{rel}","templated":true}]}}