{"id":35678,"date":"2026-04-18T01:49:16","date_gmt":"2026-04-18T01:49:16","guid":{"rendered":"https:\/\/singuli.wpress.me\/index.php\/proizvod\/disney-frozen-elsa-lutka\/"},"modified":"2026-04-20T12:33:16","modified_gmt":"2026-04-20T12:33:16","slug":"disney-frozen-elsa-lutka","status":"publish","type":"product","link":"https:\/\/singuli.wpress.me\/index.php\/proizvod\/disney-frozen-elsa-lutka\/","title":{"rendered":"DISNEY Frozen Elsa, lutka"},"content":{"rendered":"<p>\n    Disney Frozen lutka Zavrti i otkrij Elsa (s 10 iznena\u0111enja)<\/p>\n<p>\n    Lutka Zavrti i otkrij Elsa, inspirirana likom iz Disneyjevog animiranog filma Snje\u017eno kraljevstvo (Frozen), donosi iznena\u0111enja sa svakim \u010darobnim okretom!<\/p>\n<p>\n    Zabava po\u010dinje kada djeca otvore pahuljicu i otkriju scenu inspiriranu Elsom kako bi se igrala s tajanstvenim siluetama. Okretanjem ambala\u017ee otkriva se vre\u0107ica iznena\u0111enja.<\/p>\n<p>\n    Vre\u0107ice sadr\u017ee 10 dodatnih iznena\u0111enja, uklju\u010duju\u0107i modne dodatke i naljepnice.<\/p>\n<p>\n    Kona\u010dno otkri\u0107e je prekrasna modna lutka Elsa s mekom, dugom kosom. Elsa dolazi sa suknjom i ogrta\u010dem koji se obla\u010de i skidaju, te ima modne dodatke poput cipela i torbe koji joj daju kraljevski izgled.<\/p>\n","protected":false},"excerpt":{"rendered":"<p>&#8220;Zavrti i otkrij&#8221; jedinstveno pakiranje s pahuljicom i scenom igre<br \/>\nUklju\u010deno 10 dodatnih iznena\u0111enja (modni dodaci, naljepnice).<br \/>\ntka Elsa s odvojivom suknjom i ogrta\u010dem te mekom, dugom kosom<\/p>\n","protected":false},"featured_media":35679,"template":"","meta":{"_seopress_robots_primary_cat":"","_seopress_titles_title":"","_seopress_titles_desc":"","_seopress_robots_index":"","iawp_total_views":0},"product_brand":[522],"product_cat":[221,291],"product_tag":[],"class_list":{"0":"post-35678","1":"product","2":"type-product","3":"status-publish","4":"has-post-thumbnail","6":"product_brand-disney","7":"product_cat-igracke","8":"product_cat-igracke-za-djecu-221","10":"first","11":"outofstock","12":"shipping-taxable","13":"purchasable","14":"product-type-simple"},"_links":{"self":[{"href":"https:\/\/singuli.wpress.me\/index.php\/wp-json\/wp\/v2\/product\/35678","targetHints":{"allow":["GET"]}}],"collection":[{"href":"https:\/\/singuli.wpress.me\/index.php\/wp-json\/wp\/v2\/product"}],"about":[{"href":"https:\/\/singuli.wpress.me\/index.php\/wp-json\/wp\/v2\/types\/product"}],"version-history":[{"count":0,"href":"https:\/\/singuli.wpress.me\/index.php\/wp-json\/wp\/v2\/product\/35678\/revisions"}],"wp:featuredmedia":[{"embeddable":true,"href":"https:\/\/singuli.wpress.me\/index.php\/wp-json\/wp\/v2\/media\/35679"}],"wp:attachment":[{"href":"https:\/\/singuli.wpress.me\/index.php\/wp-json\/wp\/v2\/media?parent=35678"}],"wp:term":[{"taxonomy":"product_brand","embeddable":true,"href":"https:\/\/singuli.wpress.me\/index.php\/wp-json\/wp\/v2\/product_brand?post=35678"},{"taxonomy":"product_cat","embeddable":true,"href":"https:\/\/singuli.wpress.me\/index.php\/wp-json\/wp\/v2\/product_cat?post=35678"},{"taxonomy":"product_tag","embeddable":true,"href":"https:\/\/singuli.wpress.me\/index.php\/wp-json\/wp\/v2\/product_tag?post=35678"}],"curies":[{"name":"wp","href":"https:\/\/api.w.org\/{rel}","templated":true}]}}