{"id":35684,"date":"2026-04-18T01:49:19","date_gmt":"2026-04-18T01:49:19","guid":{"rendered":"https:\/\/singuli.wpress.me\/index.php\/proizvod\/disney-frozen-anna-lutka\/"},"modified":"2026-04-20T12:33:16","modified_gmt":"2026-04-20T12:33:16","slug":"disney-frozen-anna-lutka","status":"publish","type":"product","link":"https:\/\/singuli.wpress.me\/index.php\/proizvod\/disney-frozen-anna-lutka\/","title":{"rendered":"DISNEY Frozen Anna, lutka"},"content":{"rendered":"<p>\n    Disney Frozen lutka Zavrti i otkrij Anna (s 10 iznena\u0111enja)<\/p>\n<p>\n    Inspirirana animiranim likom iz Disneyjevog Frozena, lutka Zavrti i otkrij Anna otkriva iznena\u0111enja sa svakim \u010darobnim okretom!<\/p>\n<p>\n    Zabava po\u010dinje kada djeca otvore cvijet i otkriju scenu igre s temom Anne i tajanstvenim siluetama. Zatim zavrte paket, otkrivaju\u0107i tajanstvenu vre\u0107icu. Ove vre\u0107ice sadr\u017ee 10 dodatnih iznena\u0111enja, uklju\u010duju\u0107i modne dodatke i naljepnice.<\/p>\n<p>\n    Kona\u010dno otkri\u0107e je prekrasna modna lutka Anna s mekanom kosom podignutom u zabavnu pun\u0111u. Anna dolazi s odvojivom suknjom i ogrta\u010dem te modnim dodacima poput cipela i torbice za stvaranje kraljevskog izgleda.<\/p>\n","protected":false},"excerpt":{"rendered":"<p>&#8220;Zavrti i otkrij&#8221; jedinstveno pakiranje koje otkriva scenu igre<br \/>\nUklju\u010deno 10 dodatnih iznena\u0111enja (modni dodaci, naljepnice)<br \/>\nLutka Anna s odvojivom suknjom i ogrta\u010dem te mekanom kosom<\/p>\n","protected":false},"featured_media":35685,"template":"","meta":{"_seopress_robots_primary_cat":"","_seopress_titles_title":"","_seopress_titles_desc":"","_seopress_robots_index":"","iawp_total_views":0},"product_brand":[522],"product_cat":[221,291],"product_tag":[],"class_list":{"0":"post-35684","1":"product","2":"type-product","3":"status-publish","4":"has-post-thumbnail","6":"product_brand-disney","7":"product_cat-igracke","8":"product_cat-igracke-za-djecu-221","10":"first","11":"outofstock","12":"shipping-taxable","13":"purchasable","14":"product-type-simple"},"_links":{"self":[{"href":"https:\/\/singuli.wpress.me\/index.php\/wp-json\/wp\/v2\/product\/35684","targetHints":{"allow":["GET"]}}],"collection":[{"href":"https:\/\/singuli.wpress.me\/index.php\/wp-json\/wp\/v2\/product"}],"about":[{"href":"https:\/\/singuli.wpress.me\/index.php\/wp-json\/wp\/v2\/types\/product"}],"version-history":[{"count":0,"href":"https:\/\/singuli.wpress.me\/index.php\/wp-json\/wp\/v2\/product\/35684\/revisions"}],"wp:featuredmedia":[{"embeddable":true,"href":"https:\/\/singuli.wpress.me\/index.php\/wp-json\/wp\/v2\/media\/35685"}],"wp:attachment":[{"href":"https:\/\/singuli.wpress.me\/index.php\/wp-json\/wp\/v2\/media?parent=35684"}],"wp:term":[{"taxonomy":"product_brand","embeddable":true,"href":"https:\/\/singuli.wpress.me\/index.php\/wp-json\/wp\/v2\/product_brand?post=35684"},{"taxonomy":"product_cat","embeddable":true,"href":"https:\/\/singuli.wpress.me\/index.php\/wp-json\/wp\/v2\/product_cat?post=35684"},{"taxonomy":"product_tag","embeddable":true,"href":"https:\/\/singuli.wpress.me\/index.php\/wp-json\/wp\/v2\/product_tag?post=35684"}],"curies":[{"name":"wp","href":"https:\/\/api.w.org\/{rel}","templated":true}]}}